{"id":9248,"date":"2024-09-17T14:43:20","date_gmt":"2024-09-17T12:43:20","guid":{"rendered":"https:\/\/antcube.shop\/en\/product\/antcube-box-10x10-gipsnest-beige\/"},"modified":"2026-04-20T11:15:46","modified_gmt":"2026-04-20T09:15:46","slug":"antcube-box-10x10-gipsnest-beige","status":"publish","type":"product","link":"https:\/\/antcube.shop\/it\/prodotto\/antcube-box-10x10-gipsnest-beige\/","title":{"rendered":"ANTCUBE - Scatola 10\u00d710 - Nido di gesso beige"},"content":{"rendered":"<p><strong>Dimensioni:<\/strong><br \/>\n100x100x100mm<\/p>\n<p><strong>Materiale:<\/strong><br \/>\nPMMA, PS, gesso<\/p>\n<p><strong>Colore:<\/strong> trasparente, beige<\/p>\n<p><strong>Contenuto:<\/strong><br \/>\n1x scatola 100x100x100mm<br \/>\n1x telaio inseribile<br \/>\n1x coperchio inseribile con foro da 50 mm<br \/>\n1x inserto per nido di gesso<br \/>\n2x tappi per formicaio 27mm<br \/>\n1x inserto a griglia - 50mm - acciaio inossidabile<\/p>\n<p><strong>Descrizione:<\/strong><br \/>\nQuesto contenitore \u00e8 dotato di un telaio e di un coperchio inseribili e di due aperture da 27 mm per future estensioni. Il coperchio \u00e8 dotato di un foro di 50 mm in cui \u00e8 possibile inserire inserti di griglia, ventole o prese per lampade. Questa arena pratica e di facile manutenzione con nido in gesso integrato \u00e8 adatta alle colonie di fondazione che amano costruire i loro nidi nel terreno o tra le pietre.<\/p>","protected":false},"excerpt":{"rendered":"<p><strong>Dimensioni:<\/strong> 10x10x10 cm<\/p>","protected":false},"featured_media":9559,"comment_status":"open","ping_status":"closed","template":"","meta":{"_acf_changed":false,"content-type":"","_monsterinsights_skip_tracking":false,"_monsterinsights_sitenote_active":false,"_monsterinsights_sitenote_note":"","_monsterinsights_sitenote_category":0},"product_brand":[],"product_cat":[80,90],"product_tag":[],"class_list":{"0":"post-9248","1":"product","2":"type-product","3":"status-publish","4":"has-post-thumbnail","6":"product_cat-antfarms","7":"product_cat-gypsum","9":"first","10":"instock","11":"taxable","12":"shipping-taxable","13":"purchasable","14":"product-type-simple"},"acf":[],"aioseo_notices":[],"jetpack_sharing_enabled":true,"_links":{"self":[{"href":"https:\/\/antcube.shop\/it\/wp-json\/wp\/v2\/product\/9248","targetHints":{"allow":["GET"]}}],"collection":[{"href":"https:\/\/antcube.shop\/it\/wp-json\/wp\/v2\/product"}],"about":[{"href":"https:\/\/antcube.shop\/it\/wp-json\/wp\/v2\/types\/product"}],"replies":[{"embeddable":true,"href":"https:\/\/antcube.shop\/it\/wp-json\/wp\/v2\/comments?post=9248"}],"wp:featuredmedia":[{"embeddable":true,"href":"https:\/\/antcube.shop\/it\/wp-json\/wp\/v2\/media\/9559"}],"wp:attachment":[{"href":"https:\/\/antcube.shop\/it\/wp-json\/wp\/v2\/media?parent=9248"}],"wp:term":[{"taxonomy":"product_brand","embeddable":true,"href":"https:\/\/antcube.shop\/it\/wp-json\/wp\/v2\/product_brand?post=9248"},{"taxonomy":"product_cat","embeddable":true,"href":"https:\/\/antcube.shop\/it\/wp-json\/wp\/v2\/product_cat?post=9248"},{"taxonomy":"product_tag","embeddable":true,"href":"https:\/\/antcube.shop\/it\/wp-json\/wp\/v2\/product_tag?post=9248"}],"curies":[{"name":"wp","href":"https:\/\/api.w.org\/{rel}","templated":true}]}}