{"id":9247,"date":"2024-09-17T14:42:38","date_gmt":"2024-09-17T12:42:38","guid":{"rendered":"https:\/\/antcube.shop\/en\/product\/antcube-gipsnest-30x30-liegend\/"},"modified":"2026-04-23T19:53:20","modified_gmt":"2026-04-23T17:53:20","slug":"antcube-gipsnest-30x30-liegend","status":"publish","type":"product","link":"https:\/\/antcube.shop\/it\/prodotto\/antcube-gipsnest-30x30-liegend\/","title":{"rendered":"ANTCUBE - Nido in gesso 30\u00d730 - orizzontale"},"content":{"rendered":"<p><span data-text-color=\"alert\"><strong>La spedizione \u00e8 possibile solo via GO! all'interno della Germania o via palette all'interno dell'Europa (no isole).<\/strong><\/span><\/p>\n<p><strong>Dimensioni:<\/strong><br \/>\nNido di gesso: 290 x 290 x 50 mm<br \/>\nCopertura in vetro: 279 x 279 x 4 mm<\/p>\n<p><strong>Materiale:<\/strong> Gesso<\/p>\n<p><strong>Contenuti:<\/strong><br \/>\n1x nido di gesso 30\u00d730 con due prese di collegamento L 14\/16\/18\/20 x 20 mm<\/p>\n<ul>\n<li>Il tubo flessibile 14\/10 viene inserito saldamente nella presa da 14 mm<\/li>\n<li>Il tubo 20\/16 \u00e8 saldamente fissato al primo gradino da 16 mm.<\/li>\n<li>Il tubo 22\/18 \u00e8 saldamente fissato al secondo gradino da 20 mm.<\/li>\n<li>Il tubo 24\/20 \u00e8 collegato in modo lasco al secondo gradino da 20 mm.<\/li>\n<\/ul>\n<p>1x coperchio di vetro con foro da 50mm<br \/>\n1x anello acrilico 50 mm per foro da 27 mm<br \/>\n1x base formicaio 30\u00d730<br \/>\n2x tappo a griglia - 16 mm - acciaio inox<br \/>\n1x inserto a griglia - 27mm - acciaio inossidabile<\/p>\n<p><strong>Descrizione:<\/strong> Il nostro nido in gesso con passaggi e camere prefabbricate \u00e8 adatto a molte specie di formiche, in particolare a quelle che costruiscono i loro nidi in terreni molto sabbiosi o sassosi. \u00c8 dotato di due prese di collegamento per l'accesso al nido. Il gesso ha la propriet\u00e0 di assorbire l'acqua, in modo da immagazzinare una certa quantit\u00e0 di umidit\u00e0. Tuttavia, il nido di gesso non deve essere utilizzato sempre umido, perch\u00e9 altrimenti si pu\u00f2 formare la muffa (a causa dei residui di cibo o degli escrementi delle formiche). Pertanto, se possibile, si dovrebbero tenere qui specie provenienti da regioni piuttosto secche. Si tratta, ad esempio, di specie provenienti da regioni mediterranee o desertiche.<\/p>\n<p><strong>Nota:<\/strong> A causa della loro struttura, non sono adatti a specie molto piccole (ad esempio, specie Pheidole, specie Temnothorax), possono verificarsi lacune di 0,3 - 0,5 mm.<\/p>\n<p><strong>Nota sulle prese di collegamento<\/strong><br \/>\nQuando si attaccano o si rimuovono i tubi, si prega di notare quanto segue:<br \/>\nSe il tubo risulta molto difficile da inserire nel raccordo, \u00e8 necessario strofinare leggermente il raccordo con una goccia del nostro olio o polvere anti-scoppio. Il tubo deve quindi essere spinto sul raccordo con movimenti di rotazione o di avvitamento, senza sforzare il raccordo con movimenti su e gi\u00f9. Lo stesso vale quando si rimuovono i tubi dal raccordo dell'azienda agricola. Non tiratelo semplicemente!<\/p>","protected":false},"excerpt":{"rendered":"<p>Spedizione possibile solo via GO! all'interno della Germania o via palette all'interno dell'Europa (no isole) Dimensioni: Nido in gesso: 290 x 290 x 50 mm Coperchio in vetro: 279 x 279 x 4 mm Materiale: Gesso Contenuto: 1x nido di gesso 30x30 con due prese di collegamento L 14\/16\/18\/20 x 20mm Il tubo 14\/10 viene inserito saldamente nella presa da 14mm.","protected":false},"featured_media":9683,"comment_status":"open","ping_status":"closed","template":"","meta":{"_acf_changed":false,"content-type":"","_monsterinsights_skip_tracking":false,"_monsterinsights_sitenote_active":false,"_monsterinsights_sitenote_note":"","_monsterinsights_sitenote_category":0},"product_brand":[],"product_cat":[80,83],"product_tag":[],"class_list":{"0":"post-9247","1":"product","2":"type-product","3":"status-publish","4":"has-post-thumbnail","6":"product_cat-antfarms","7":"product_cat-antfarms-l","9":"first","10":"instock","11":"taxable","12":"shipping-taxable","13":"purchasable","14":"product-type-simple"},"acf":[],"aioseo_notices":[],"jetpack_sharing_enabled":true,"_links":{"self":[{"href":"https:\/\/antcube.shop\/it\/wp-json\/wp\/v2\/product\/9247","targetHints":{"allow":["GET"]}}],"collection":[{"href":"https:\/\/antcube.shop\/it\/wp-json\/wp\/v2\/product"}],"about":[{"href":"https:\/\/antcube.shop\/it\/wp-json\/wp\/v2\/types\/product"}],"replies":[{"embeddable":true,"href":"https:\/\/antcube.shop\/it\/wp-json\/wp\/v2\/comments?post=9247"}],"wp:featuredmedia":[{"embeddable":true,"href":"https:\/\/antcube.shop\/it\/wp-json\/wp\/v2\/media\/9683"}],"wp:attachment":[{"href":"https:\/\/antcube.shop\/it\/wp-json\/wp\/v2\/media?parent=9247"}],"wp:term":[{"taxonomy":"product_brand","embeddable":true,"href":"https:\/\/antcube.shop\/it\/wp-json\/wp\/v2\/product_brand?post=9247"},{"taxonomy":"product_cat","embeddable":true,"href":"https:\/\/antcube.shop\/it\/wp-json\/wp\/v2\/product_cat?post=9247"},{"taxonomy":"product_tag","embeddable":true,"href":"https:\/\/antcube.shop\/it\/wp-json\/wp\/v2\/product_tag?post=9247"}],"curies":[{"name":"wp","href":"https:\/\/api.w.org\/{rel}","templated":true}]}}