{"id":9246,"date":"2024-09-17T14:41:57","date_gmt":"2024-09-17T12:41:57","guid":{"rendered":"https:\/\/antcube.shop\/en\/product\/antcube-gipsnest-60x30-stehend\/"},"modified":"2026-03-03T21:23:18","modified_gmt":"2026-03-03T20:23:18","slug":"nido-di-gesso-antcube-60x30-verticale","status":"publish","type":"product","link":"https:\/\/antcube.shop\/it\/prodotto\/nido-di-gesso-antcube-60x30-verticale\/","title":{"rendered":"ANTCUBE - Nido in gesso 60\u00d730 - verticale"},"content":{"rendered":"<p><span data-text-color=\"alert\"><strong>La spedizione \u00e8 possibile solo via GO! all'interno della Germania o via palette all'interno dell'Europa (no isole).<\/strong><\/span><\/p>\n<p><strong>Dimensioni:<\/strong> 582 x 239 x 45,5 mm<\/p>\n<p><strong>Materiale:<\/strong> intonaco<\/p>\n<p>Si adatta solo ai nostri formicai della taglia <span style=\"font-size: 10.5pt; font-family: Arial; color: #ff0000; background-color: transparent; font-weight: bold; font-style: normal; font-variant: normal; text-decoration: none; vertical-align: baseline;\">XL<\/span><\/p>\n<p><strong>Descrizione:<\/strong> Il nostro nido in gesso con passaggi e camere prefabbricate \u00e8 adatto a molte specie di formiche, in particolare a quelle che costruiscono i loro nidi in terreni molto sabbiosi o sassosi. \u00c8 dotato di due prese di collegamento per l'accesso al nido. Il gesso ha la propriet\u00e0 di assorbire l'acqua, in modo da immagazzinare una certa quantit\u00e0 di umidit\u00e0. Tuttavia, il nido di gesso non deve essere utilizzato sempre umido, perch\u00e9 altrimenti si pu\u00f2 formare la muffa (a causa dei residui di cibo o degli escrementi delle formiche). Pertanto, se possibile, si dovrebbero tenere qui specie provenienti da regioni piuttosto secche. Si tratta, ad esempio, di specie provenienti da regioni mediterranee o desertiche.<\/p>","protected":false},"excerpt":{"rendered":"<p>Spedizione possibile solo via GO! all'interno della Germania o via palette all'interno dell'Europa (no isole) Dimensioni: 282 x 239 x 45,5 mm Materiale: gesso Adatto solo ai nostri formicai di taglia XL Descrizione: Il nostro nido in gesso con passaggi e camere prefabbricate \u00e8 adatto a molte specie di formiche, in particolare a quelle che costruiscono","protected":false},"featured_media":9680,"comment_status":"open","ping_status":"closed","template":"","meta":{"_acf_changed":false,"content-type":"","_monsterinsights_skip_tracking":false,"_monsterinsights_sitenote_active":false,"_monsterinsights_sitenote_note":"","_monsterinsights_sitenote_category":0},"product_brand":[],"product_cat":[87,90],"product_tag":[],"class_list":{"0":"post-9246","1":"product","2":"type-product","3":"status-publish","4":"has-post-thumbnail","6":"product_cat-nest-insets","7":"product_cat-gypsum","9":"first","10":"instock","11":"taxable","12":"shipping-taxable","13":"purchasable","14":"product-type-simple"},"acf":[],"aioseo_notices":[],"jetpack_sharing_enabled":true,"_links":{"self":[{"href":"https:\/\/antcube.shop\/it\/wp-json\/wp\/v2\/product\/9246","targetHints":{"allow":["GET"]}}],"collection":[{"href":"https:\/\/antcube.shop\/it\/wp-json\/wp\/v2\/product"}],"about":[{"href":"https:\/\/antcube.shop\/it\/wp-json\/wp\/v2\/types\/product"}],"replies":[{"embeddable":true,"href":"https:\/\/antcube.shop\/it\/wp-json\/wp\/v2\/comments?post=9246"}],"wp:featuredmedia":[{"embeddable":true,"href":"https:\/\/antcube.shop\/it\/wp-json\/wp\/v2\/media\/9680"}],"wp:attachment":[{"href":"https:\/\/antcube.shop\/it\/wp-json\/wp\/v2\/media?parent=9246"}],"wp:term":[{"taxonomy":"product_brand","embeddable":true,"href":"https:\/\/antcube.shop\/it\/wp-json\/wp\/v2\/product_brand?post=9246"},{"taxonomy":"product_cat","embeddable":true,"href":"https:\/\/antcube.shop\/it\/wp-json\/wp\/v2\/product_cat?post=9246"},{"taxonomy":"product_tag","embeddable":true,"href":"https:\/\/antcube.shop\/it\/wp-json\/wp\/v2\/product_tag?post=9246"}],"curies":[{"name":"wp","href":"https:\/\/api.w.org\/{rel}","templated":true}]}}