{"id":9244,"date":"2024-09-17T14:40:42","date_gmt":"2024-09-17T12:40:42","guid":{"rendered":"https:\/\/antcube.shop\/en\/product\/antcube-gipsnest-20x10-stehend\/"},"modified":"2026-03-31T12:29:34","modified_gmt":"2026-03-31T10:29:34","slug":"antcube-gipsnest-20x10-stehend","status":"publish","type":"product","link":"https:\/\/antcube.shop\/it\/prodotto\/antcube-gipsnest-20x10-stehend\/","title":{"rendered":"ANTCUBO - Nido in gesso 20\u00d710 - verticale"},"content":{"rendered":"<p><strong>Dimensioni:<\/strong> 182 x 59 x 19,5 mm<\/p>\n<p><strong>Materiale:<\/strong> intonaco<\/p>\n<p>Si adatta solo ai nostri formicai della taglia <span style=\"font-size: 10.5pt; font-family: Arial; color: #0000ff; background-color: transparent; font-weight: bold; font-style: normal; font-variant: normal; text-decoration: none; vertical-align: baseline;\">L<\/span><\/p>\n<p><strong>Descrizione:<\/strong> Il nostro nido in gesso con passaggi e camere prefabbricate \u00e8 adatto a molte specie di formiche, in particolare a quelle che costruiscono i loro nidi in terreni molto sabbiosi o sassosi. \u00c8 dotato di due prese di collegamento per l'accesso al nido. Il gesso ha la propriet\u00e0 di assorbire l'acqua, in modo da immagazzinare una certa quantit\u00e0 di umidit\u00e0. Tuttavia, il nido di gesso non deve essere utilizzato sempre umido, perch\u00e9 altrimenti si pu\u00f2 formare la muffa (a causa dei residui di cibo o degli escrementi delle formiche). Pertanto, se possibile, si dovrebbero tenere qui specie provenienti da regioni piuttosto secche. Si tratta, ad esempio, di specie provenienti da regioni mediterranee o desertiche.<\/p>","protected":false},"excerpt":{"rendered":"<p>Dimensioni: 182 x 59 x 19,5 mm Materiale: gesso Adatto solo ai nostri formicai di taglia L Descrizione: Il nostro nido in gesso con passaggi e camere prefabbricate \u00e8 adatto a molte specie di formiche, soprattutto a quelle che costruiscono i loro nidi in terreni molto sabbiosi o sassosi. \u00c8 dotato di un foro per l'accesso al [...]","protected":false},"featured_media":9676,"comment_status":"open","ping_status":"closed","template":"","meta":{"_acf_changed":false,"content-type":"","_monsterinsights_skip_tracking":false,"_monsterinsights_sitenote_active":false,"_monsterinsights_sitenote_note":"","_monsterinsights_sitenote_category":0},"product_brand":[],"product_cat":[87,90],"product_tag":[],"class_list":{"0":"post-9244","1":"product","2":"type-product","3":"status-publish","4":"has-post-thumbnail","6":"product_cat-nest-insets","7":"product_cat-gypsum","9":"first","10":"instock","11":"taxable","12":"shipping-taxable","13":"purchasable","14":"product-type-simple"},"acf":[],"aioseo_notices":[],"jetpack_sharing_enabled":true,"_links":{"self":[{"href":"https:\/\/antcube.shop\/it\/wp-json\/wp\/v2\/product\/9244","targetHints":{"allow":["GET"]}}],"collection":[{"href":"https:\/\/antcube.shop\/it\/wp-json\/wp\/v2\/product"}],"about":[{"href":"https:\/\/antcube.shop\/it\/wp-json\/wp\/v2\/types\/product"}],"replies":[{"embeddable":true,"href":"https:\/\/antcube.shop\/it\/wp-json\/wp\/v2\/comments?post=9244"}],"wp:featuredmedia":[{"embeddable":true,"href":"https:\/\/antcube.shop\/it\/wp-json\/wp\/v2\/media\/9676"}],"wp:attachment":[{"href":"https:\/\/antcube.shop\/it\/wp-json\/wp\/v2\/media?parent=9244"}],"wp:term":[{"taxonomy":"product_brand","embeddable":true,"href":"https:\/\/antcube.shop\/it\/wp-json\/wp\/v2\/product_brand?post=9244"},{"taxonomy":"product_cat","embeddable":true,"href":"https:\/\/antcube.shop\/it\/wp-json\/wp\/v2\/product_cat?post=9244"},{"taxonomy":"product_tag","embeddable":true,"href":"https:\/\/antcube.shop\/it\/wp-json\/wp\/v2\/product_tag?post=9244"}],"curies":[{"name":"wp","href":"https:\/\/api.w.org\/{rel}","templated":true}]}}