{"id":9241,"date":"2024-09-17T14:39:21","date_gmt":"2024-09-17T12:39:21","guid":{"rendered":"https:\/\/antcube.shop\/en\/product\/antcube-digfix-platte-40x20-xl\/"},"modified":"2026-03-09T18:09:43","modified_gmt":"2026-03-09T17:09:43","slug":"piastra-antcube-digfix-40x20-xl","status":"publish","type":"product","link":"https:\/\/antcube.shop\/it\/prodotto\/piastra-antcube-digfix-40x20-xl\/","title":{"rendered":"ANTCUBE - Piastra Digfix 40\u00d720 - XL"},"content":{"rendered":"<p><strong>Dimensioni:<\/strong> <span style=\"font-size: 14.4px;\">384x130x50 mm (tolleranza 383-385 mm)<\/span><\/p>\n<p><strong>Materiale:<\/strong> Digfix<\/p>\n<p><strong>Descrizione:<\/strong> La piastra Digfix in materiale scavabile si adatta perfettamente ai nostri formicai ANTCUBE. Pu\u00f2 essere utilizzato sia asciutto che bagnato. \u00c8 adatto a molte specie di formiche, soprattutto a quelle che nidificano nella sabbia e nel legno (morto). Pu\u00f2 essere utilizzato al posto delle miscele di sabbia\/argilla o degli inserti per nidi di sughero. Un grande vantaggio rispetto ai nidi di sughero \u00e8 che Digfix non ammuffisce anche se bagnato. Ci\u00f2 significa che le specie di formiche con un elevato fabbisogno di umidit\u00e0 possono essere facilmente rifornite di acqua a sufficienza. Digfix ha anche il vantaggio che le specie di formiche scavatrici non sporcano i vetri del loro nido quando scavano, consentendo una visione perfetta del nido.<\/p>\n<p><strong>Nota:<\/strong> Il colore naturale pu\u00f2 variare tra il verde\/grigio-marrone e il marrone terra. La tonalit\u00e0 del colore non influisce sulla qualit\u00e0.<br \/>\nA causa del processo di produzione, le dimensioni possono variare di +\/- 1 mm.<\/p>","protected":false},"excerpt":{"rendered":"<p>Dimensioni: <span style=\"color: #ff0000;\"><strong>XL<\/strong><\/span><\/p>","protected":false},"featured_media":9669,"comment_status":"open","ping_status":"closed","template":"","meta":{"_acf_changed":false,"content-type":"","_monsterinsights_skip_tracking":false,"_monsterinsights_sitenote_active":false,"_monsterinsights_sitenote_note":"","_monsterinsights_sitenote_category":0},"product_brand":[],"product_cat":[87,88],"product_tag":[],"class_list":{"0":"post-9241","1":"product","2":"type-product","3":"status-publish","4":"has-post-thumbnail","6":"product_cat-nest-insets","7":"product_cat-digfix","9":"first","10":"instock","11":"taxable","12":"shipping-taxable","13":"purchasable","14":"product-type-simple"},"acf":[],"aioseo_notices":[],"jetpack_sharing_enabled":true,"_links":{"self":[{"href":"https:\/\/antcube.shop\/it\/wp-json\/wp\/v2\/product\/9241","targetHints":{"allow":["GET"]}}],"collection":[{"href":"https:\/\/antcube.shop\/it\/wp-json\/wp\/v2\/product"}],"about":[{"href":"https:\/\/antcube.shop\/it\/wp-json\/wp\/v2\/types\/product"}],"replies":[{"embeddable":true,"href":"https:\/\/antcube.shop\/it\/wp-json\/wp\/v2\/comments?post=9241"}],"wp:featuredmedia":[{"embeddable":true,"href":"https:\/\/antcube.shop\/it\/wp-json\/wp\/v2\/media\/9669"}],"wp:attachment":[{"href":"https:\/\/antcube.shop\/it\/wp-json\/wp\/v2\/media?parent=9241"}],"wp:term":[{"taxonomy":"product_brand","embeddable":true,"href":"https:\/\/antcube.shop\/it\/wp-json\/wp\/v2\/product_brand?post=9241"},{"taxonomy":"product_cat","embeddable":true,"href":"https:\/\/antcube.shop\/it\/wp-json\/wp\/v2\/product_cat?post=9241"},{"taxonomy":"product_tag","embeddable":true,"href":"https:\/\/antcube.shop\/it\/wp-json\/wp\/v2\/product_tag?post=9241"}],"curies":[{"name":"wp","href":"https:\/\/api.w.org\/{rel}","templated":true}]}}