{"id":9236,"date":"2024-09-17T14:31:58","date_gmt":"2024-09-17T12:31:58","guid":{"rendered":"https:\/\/antcube.shop\/en\/product\/ameisenarena-rahmen-20x10\/"},"modified":"2026-04-15T18:35:09","modified_gmt":"2026-04-15T16:35:09","slug":"telaio-ant-arena-20x10","status":"publish","type":"product","link":"https:\/\/antcube.shop\/it\/prodotto\/telaio-ant-arena-20x10\/","title":{"rendered":"Telaio dell'arena delle formiche 20\u00d710"},"content":{"rendered":"<p><strong>Dimensioni (LxWxH):<\/strong> 20x10x0,4 cm<\/p>\n<p><strong>Materiale:<\/strong> Vetro galleggiante<\/p>\n<p><strong>Colore:<\/strong> chiaro \/ trasparente<\/p>\n<p><strong>Contenuto:<\/strong><br \/>\n1x Telaio dell'arena delle formiche<\/p>\n<p><strong>Descrizione:<\/strong><br \/>\nTelaio in vetro per un'arena per formiche come protezione dalla fuga.<\/p>\n<p><strong>Applicazione:<\/strong><br \/>\nIl telaio per formicaio \u00e8 un telaio in vetro che viene posizionato su un formicaio ed \u00e8 dotato di una protezione antisfondamento (olio, polvere o vernice) dal lato inferiore, per impedire alle formiche di uscire.<\/p>\n<p><strong>Avviso:<\/strong><br \/>\nPoich\u00e9 l'articolo \u00e8 fatto di vetro ed \u00e8 quindi sensibile, deve essere maneggiato con molta attenzione. Il vetro \u00e8 tagliato secondo la norma DIN 1249 con una tolleranza di +\/- 1mm. Per le specie di formiche estremamente piccole, \u00e8 indispensabile una protezione supplementare contro lo sfondamento.<\/p>","protected":false},"excerpt":{"rendered":"<p>Dimensioni (LxLxA): 60x30x0,4 cm Materiale: Vetro galleggiante Colore: chiaro \/ trasparente Contenuto: 1x Telaio per formicaio Descrizione: Cornice in vetro per un'arena per formiche come protezione dalla fuga. Applicazione: Il telaio per formicaio \u00e8 un telaio in vetro che viene posizionato su un formicaio ed \u00e8 dotato di una protezione antisfondamento (olio, polvere).","protected":false},"featured_media":9498,"comment_status":"open","ping_status":"closed","template":"","meta":{"_acf_changed":false,"content-type":"","_monsterinsights_skip_tracking":false,"_monsterinsights_sitenote_active":false,"_monsterinsights_sitenote_note":"","_monsterinsights_sitenote_category":0},"product_brand":[],"product_cat":[91,93],"product_tag":[],"class_list":{"0":"post-9236","1":"product","2":"type-product","3":"status-publish","4":"has-post-thumbnail","6":"product_cat-formicarium-modules","7":"product_cat-arena-frame","9":"first","10":"instock","11":"taxable","12":"shipping-taxable","13":"purchasable","14":"product-type-simple"},"acf":[],"aioseo_notices":[],"jetpack_sharing_enabled":true,"_links":{"self":[{"href":"https:\/\/antcube.shop\/it\/wp-json\/wp\/v2\/product\/9236","targetHints":{"allow":["GET"]}}],"collection":[{"href":"https:\/\/antcube.shop\/it\/wp-json\/wp\/v2\/product"}],"about":[{"href":"https:\/\/antcube.shop\/it\/wp-json\/wp\/v2\/types\/product"}],"replies":[{"embeddable":true,"href":"https:\/\/antcube.shop\/it\/wp-json\/wp\/v2\/comments?post=9236"}],"wp:featuredmedia":[{"embeddable":true,"href":"https:\/\/antcube.shop\/it\/wp-json\/wp\/v2\/media\/9498"}],"wp:attachment":[{"href":"https:\/\/antcube.shop\/it\/wp-json\/wp\/v2\/media?parent=9236"}],"wp:term":[{"taxonomy":"product_brand","embeddable":true,"href":"https:\/\/antcube.shop\/it\/wp-json\/wp\/v2\/product_brand?post=9236"},{"taxonomy":"product_cat","embeddable":true,"href":"https:\/\/antcube.shop\/it\/wp-json\/wp\/v2\/product_cat?post=9236"},{"taxonomy":"product_tag","embeddable":true,"href":"https:\/\/antcube.shop\/it\/wp-json\/wp\/v2\/product_tag?post=9236"}],"curies":[{"name":"wp","href":"https:\/\/api.w.org\/{rel}","templated":true}]}}