{"id":9235,"date":"2024-09-17T14:31:37","date_gmt":"2024-09-17T12:31:37","guid":{"rendered":"https:\/\/antcube.shop\/en\/product\/ameisenarena-abdeckung-20x10\/"},"modified":"2026-04-07T10:38:42","modified_gmt":"2026-04-07T08:38:42","slug":"copertura-arena-formica-20x10","status":"publish","type":"product","link":"https:\/\/antcube.shop\/it\/prodotto\/copertura-arena-formica-20x10\/","title":{"rendered":"Copertura dell'arena delle formiche 20\u00d710"},"content":{"rendered":"<p><strong>Dimensioni (LxWxH):<\/strong> 20x10x0,4 cm<\/p>\n<p><strong>Materiale:<\/strong> vetro float<\/p>\n<p><strong>Colore:<\/strong> cristallino \/ trasparente<\/p>\n<p><strong>Contenuti:<\/strong><br \/>\n1x copertura dell'arena delle formiche<br \/>\n1x punti di fissaggio \u00e0 4 pz.<\/p>\n<p><strong>Descrizione:<\/strong><br \/>\nCopertura in vetro per l'arena delle formiche come protezione dalla fuga<\/p>\n<p><strong>Applicazione:<\/strong><br \/>\nIl copriformica in vetro viene posizionato su un'arena per formiche e viene utilizzato anche per la regolazione del clima.<br \/>\nNelle aperture da 50 mm si possono inserire diversi moduli per il controllo del clima, ad esempio griglie di ventilazione, illuminazione o umidificazione.<br \/>\nPer evitare che le formiche scappino attraverso le aperture, una protezione per la fuga (olio, polvere o vernice) dovrebbe essere applicata sul lato inferiore intorno ai fori.<\/p>\n<p><strong>Nota:<\/strong><br \/>\nPoich\u00e9 l'oggetto \u00e8 in vetro ed \u00e8 quindi fragile, deve essere maneggiato con grande attenzione.<\/p>","protected":false},"excerpt":{"rendered":"<p>Dimensioni (LxLxH): 20x10x0,4 cm Materiale: vetro float Colore: cristallino\/trasparente Contenuto: 1x copertura ant arena 1x punti di fissaggio \u00e0 4 pz. Descrizione: Copertura in vetro per l'arena delle formiche come protezione dalla fuga Applicazione: La copertura in vetro per formicaio viene posizionata su un'arena per formiche e viene utilizzata anche per la regolazione del clima. Diversi tipi di regolazione del clima","protected":false},"featured_media":9568,"comment_status":"open","ping_status":"closed","template":"","meta":{"_acf_changed":false,"content-type":"","_monsterinsights_skip_tracking":false,"_monsterinsights_sitenote_active":false,"_monsterinsights_sitenote_note":"","_monsterinsights_sitenote_category":0},"product_brand":[],"product_cat":[91,92],"product_tag":[],"class_list":{"0":"post-9235","1":"product","2":"type-product","3":"status-publish","4":"has-post-thumbnail","6":"product_cat-formicarium-modules","7":"product_cat-arena-cover","9":"first","10":"instock","11":"taxable","12":"shipping-taxable","13":"purchasable","14":"product-type-simple"},"acf":[],"aioseo_notices":[],"jetpack_sharing_enabled":true,"_links":{"self":[{"href":"https:\/\/antcube.shop\/it\/wp-json\/wp\/v2\/product\/9235","targetHints":{"allow":["GET"]}}],"collection":[{"href":"https:\/\/antcube.shop\/it\/wp-json\/wp\/v2\/product"}],"about":[{"href":"https:\/\/antcube.shop\/it\/wp-json\/wp\/v2\/types\/product"}],"replies":[{"embeddable":true,"href":"https:\/\/antcube.shop\/it\/wp-json\/wp\/v2\/comments?post=9235"}],"wp:featuredmedia":[{"embeddable":true,"href":"https:\/\/antcube.shop\/it\/wp-json\/wp\/v2\/media\/9568"}],"wp:attachment":[{"href":"https:\/\/antcube.shop\/it\/wp-json\/wp\/v2\/media?parent=9235"}],"wp:term":[{"taxonomy":"product_brand","embeddable":true,"href":"https:\/\/antcube.shop\/it\/wp-json\/wp\/v2\/product_brand?post=9235"},{"taxonomy":"product_cat","embeddable":true,"href":"https:\/\/antcube.shop\/it\/wp-json\/wp\/v2\/product_cat?post=9235"},{"taxonomy":"product_tag","embeddable":true,"href":"https:\/\/antcube.shop\/it\/wp-json\/wp\/v2\/product_tag?post=9235"}],"curies":[{"name":"wp","href":"https:\/\/api.w.org\/{rel}","templated":true}]}}