{"id":9233,"date":"2024-09-17T14:30:50","date_gmt":"2024-09-17T12:30:50","guid":{"rendered":"https:\/\/antcube.shop\/en\/product\/ameisenarena-lufter-set-50mm-mit-netzgerat\/"},"modified":"2026-04-14T14:07:33","modified_gmt":"2026-04-14T12:07:33","slug":"set-di-ventilatori-ant-arena-da-50-mm-con-alimentatore","status":"publish","type":"product","link":"https:\/\/antcube.shop\/it\/prodotto\/set-di-ventilatori-ant-arena-da-50-mm-con-alimentatore\/","title":{"rendered":"Ant Arena - set di ventole da 50 mm con alimentatore"},"content":{"rendered":"<p><span data-text-color=\"alert\"><strong>Spedizione possibile solo in Germania!<\/strong><\/span><\/p>\n<p><strong>Contenuti:<\/strong><br \/>\n- Ventola 42 mm<br \/>\n- su inserto griglia 50mm - trasparente<br \/>\n- Unit\u00e0 di alimentazione<br \/>\n- Spina \/ connettore<\/p>\n<p><strong>Specifiche tecniche:<\/strong><br \/>\nUscita dell'alimentatore: 2,5 A (12W)<br \/>\nIngresso di tensione: 100V-240V<br \/>\nUscita di tensione: 5V<br \/>\nLunghezza del cavo: 10 cm (ventola)<br \/>\nLunghezza del cavo: 90 cm (alimentatore)<br \/>\nVentilatore di potenza 1 W<br \/>\nIntervallo di temperatura -10 - +60 \u00b0C<br \/>\nVita utile 50 000 h<br \/>\nPortata d'aria 10 m\u00b3\/h (con l'installazione della griglia, la portata si riduce in base alle dimensioni dell'apertura)<\/p>\n<p><strong>Dimensioni:<\/strong> 5 x 5 x 1 cm (ventaglio)<\/p>\n<p><strong>Materiale:<\/strong> plastica<\/p>\n<p><strong>Colore:<\/strong> trasparente, traslucido (ventola); nero (alimentatore)<\/p>\n<p><strong>Descrizione:<\/strong><br \/>\nLa ventilazione \u00e8 particolarmente importante per ottenere un clima il pi\u00f9 naturale possibile in un formicario e per evitare la formazione di muffe. La ventola pu\u00f2 essere montata utilizzando le quattro aperture a vite oppure deve essere fissata con silicone o adesivo plastico. Il motore funziona in modo quasi silenzioso e senza vibrazioni.<\/p>\n<p><strong>Informazioni ambientali:<\/strong><br \/>\nPotrebbe essere necessario uno smaltimento speciale. Contattare le autorit\u00e0 locali.<br \/>\nUlteriori informazioni:<\/p>\n<blockquote class=\"wp-embedded-content\" data-secret=\"jOGF5OPQCF\"><p><a href=\"https:\/\/antcube.shop\/en\/electrical-devices-act\/\">Legge sui dispositivi elettrici<\/a><\/p><\/blockquote>\n<p><iframe loading=\"lazy\" class=\"wp-embedded-content\" sandbox=\"allow-scripts\" security=\"restricted\" style=\"position: absolute; visibility: hidden;\" title=\"&quot;Legge sui dispositivi elettrici&quot; - ANTCUBE\" src=\"https:\/\/antcube.shop\/en\/electrical-devices-act\/embed\/#?secret=NfRYQNwKWB#?secret=jOGF5OPQCF\" data-secret=\"jOGF5OPQCF\" width=\"600\" height=\"338\" frameborder=\"0\" marginwidth=\"0\" marginheight=\"0\" scrolling=\"no\"><\/iframe><\/p>","protected":false},"excerpt":{"rendered":"<p>Spedizione possibile solo in Germania! Contenuto: - Ventola 42 mm - su inserto griglia 50 mm - trasparente - Alimentatore - Spina \/ connettore Caratteristiche tecniche: Uscita dell'alimentatore: 2,5 A (12W) Tensione in ingresso: 100V-240V Tensione in uscita: 5V Lunghezza cavo: 10 cm (ventola) Lunghezza cavo: 90 cm (alimentatore) Potenza ventola 1 W [...]","protected":false},"featured_media":9507,"comment_status":"open","ping_status":"closed","template":"","meta":{"_acf_changed":false,"content-type":"","_monsterinsights_skip_tracking":false,"_monsterinsights_sitenote_active":false,"_monsterinsights_sitenote_note":"","_monsterinsights_sitenote_category":0},"product_brand":[],"product_cat":[359,119],"product_tag":[],"class_list":{"0":"post-9233","1":"product","2":"type-product","3":"status-publish","4":"has-post-thumbnail","6":"product_cat-light-heat-humidity","7":"product_cat-formicarium-components","9":"first","10":"outofstock","11":"taxable","12":"shipping-taxable","13":"purchasable","14":"product-type-simple"},"acf":[],"aioseo_notices":[],"jetpack_sharing_enabled":true,"_links":{"self":[{"href":"https:\/\/antcube.shop\/it\/wp-json\/wp\/v2\/product\/9233","targetHints":{"allow":["GET"]}}],"collection":[{"href":"https:\/\/antcube.shop\/it\/wp-json\/wp\/v2\/product"}],"about":[{"href":"https:\/\/antcube.shop\/it\/wp-json\/wp\/v2\/types\/product"}],"replies":[{"embeddable":true,"href":"https:\/\/antcube.shop\/it\/wp-json\/wp\/v2\/comments?post=9233"}],"wp:featuredmedia":[{"embeddable":true,"href":"https:\/\/antcube.shop\/it\/wp-json\/wp\/v2\/media\/9507"}],"wp:attachment":[{"href":"https:\/\/antcube.shop\/it\/wp-json\/wp\/v2\/media?parent=9233"}],"wp:term":[{"taxonomy":"product_brand","embeddable":true,"href":"https:\/\/antcube.shop\/it\/wp-json\/wp\/v2\/product_brand?post=9233"},{"taxonomy":"product_cat","embeddable":true,"href":"https:\/\/antcube.shop\/it\/wp-json\/wp\/v2\/product_cat?post=9233"},{"taxonomy":"product_tag","embeddable":true,"href":"https:\/\/antcube.shop\/it\/wp-json\/wp\/v2\/product_tag?post=9233"}],"curies":[{"name":"wp","href":"https:\/\/api.w.org\/{rel}","templated":true}]}}