{"id":9226,"date":"2024-09-17T14:28:07","date_gmt":"2024-09-17T12:28:07","guid":{"rendered":"https:\/\/antcube.shop\/en\/product\/antcube-ameisenarenaeinsatz-l-40x20\/"},"modified":"2026-03-05T09:26:11","modified_gmt":"2026-03-05T08:26:11","slug":"inserto-antcube-ant-arena-l-40x20","status":"publish","type":"product","link":"https:\/\/antcube.shop\/it\/prodotto\/inserto-antcube-ant-arena-l-40x20\/","title":{"rendered":"Inserto ANTCUBE ant arena - L - 40\u00d720"},"content":{"rendered":"<p><strong>Dimensioni:<\/strong><br \/>\nesterno: 390 x 28 x 176 mm<br \/>\ninterno: 384 x 20 x 169 mm<\/p>\n<p><strong>Materiale:<\/strong> vetro float<\/p>\n<p><strong>Colore:<\/strong> trasparente<\/p>\n<p><strong>Contenuti:<\/strong><br \/>\n1x inserto ant arena<br \/>\n1x copertura<br \/>\n1x punti di fissaggio 2 pz.<\/p>\n<p><strong>Descrizione:<\/strong><br \/>\nQuesto inserto di nidificazione pu\u00f2 essere collocato in un'arena per formiche ANTCUBE e riempito con un materiale scavabile (ad esempio, una miscela di sabbia e argilla o Digfix). La particolarit\u00e0 \u00e8 che pu\u00f2 essere facilmente rimosso dall'arena, ad esempio per svernare con le formiche. Nella parte inferiore sono presenti due fori da 10 mm per l'ingresso e l'uscita e per la ventilazione. Questi possono essere sigillati con tappi da 10 mm per lo svernamento (non sono inclusi).<\/p>\n<p><strong>Nota:<\/strong> Il vetro viene tagliato a misura secondo la norma DIN 1249 con una tolleranza di +\/- 1 mm. Per le specie di formiche estremamente piccole \u00e8 indispensabile un'ulteriore protezione antisfondamento.<\/p>","protected":false},"excerpt":{"rendered":"<p>Gr\u00f6\u00dfe: <span style=\"color: #0000ff;\"><strong>L<\/strong><\/span><\/p>","protected":false},"featured_media":9529,"comment_status":"open","ping_status":"closed","template":"","meta":{"_acf_changed":false,"content-type":"","_monsterinsights_skip_tracking":false,"_monsterinsights_sitenote_active":false,"_monsterinsights_sitenote_note":"","_monsterinsights_sitenote_category":0},"product_brand":[],"product_cat":[91,94],"product_tag":[],"class_list":{"0":"post-9226","1":"product","2":"type-product","3":"status-publish","4":"has-post-thumbnail","6":"product_cat-formicarium-modules","7":"product_cat-arena-inset","9":"first","10":"instock","11":"taxable","12":"shipping-taxable","13":"purchasable","14":"product-type-simple"},"acf":[],"aioseo_notices":[],"jetpack_sharing_enabled":true,"_links":{"self":[{"href":"https:\/\/antcube.shop\/it\/wp-json\/wp\/v2\/product\/9226","targetHints":{"allow":["GET"]}}],"collection":[{"href":"https:\/\/antcube.shop\/it\/wp-json\/wp\/v2\/product"}],"about":[{"href":"https:\/\/antcube.shop\/it\/wp-json\/wp\/v2\/types\/product"}],"replies":[{"embeddable":true,"href":"https:\/\/antcube.shop\/it\/wp-json\/wp\/v2\/comments?post=9226"}],"wp:featuredmedia":[{"embeddable":true,"href":"https:\/\/antcube.shop\/it\/wp-json\/wp\/v2\/media\/9529"}],"wp:attachment":[{"href":"https:\/\/antcube.shop\/it\/wp-json\/wp\/v2\/media?parent=9226"}],"wp:term":[{"taxonomy":"product_brand","embeddable":true,"href":"https:\/\/antcube.shop\/it\/wp-json\/wp\/v2\/product_brand?post=9226"},{"taxonomy":"product_cat","embeddable":true,"href":"https:\/\/antcube.shop\/it\/wp-json\/wp\/v2\/product_cat?post=9226"},{"taxonomy":"product_tag","embeddable":true,"href":"https:\/\/antcube.shop\/it\/wp-json\/wp\/v2\/product_tag?post=9226"}],"curies":[{"name":"wp","href":"https:\/\/api.w.org\/{rel}","templated":true}]}}