{"id":9223,"date":"2024-09-17T14:26:51","date_gmt":"2024-09-17T12:26:51","guid":{"rendered":"https:\/\/antcube.shop\/en\/product\/antcube-ameisenarenaeinsatz-xl-60x30\/"},"modified":"2026-04-08T09:49:14","modified_gmt":"2026-04-08T07:49:14","slug":"inserto-antcube-ant-arena-xl-60x30","status":"publish","type":"product","link":"https:\/\/antcube.shop\/it\/prodotto\/inserto-antcube-ant-arena-xl-60x30\/","title":{"rendered":"Inserto per formicaio ANTCUBE - XL - 60\u00d730"},"content":{"rendered":"<p><span data-text-color=\"alert\"><strong>La spedizione \u00e8 possibile solo via GO! all'interno della Germania o via palette all'interno dell'Europa (no isole).<\/strong><\/span><\/p>\n<p><strong>Dimensioni:<\/strong><br \/>\nesterno: 590 x 58 x 276 mm<br \/>\ninterno: 584 x 50 x 269 mm<\/p>\n<p><strong>Materiale:<\/strong> vetro float<\/p>\n<p><strong>Colore:<\/strong> trasparente<\/p>\n<p><strong>Contenuto:<\/strong><br \/>\n1x inserto ant arena<br \/>\n1x copertura<br \/>\n1x punti di fissaggio 2 pz.<\/p>\n<p><strong>Descrizione:<\/strong><br \/>\nQuesto inserto di nidificazione pu\u00f2 essere collocato in un'arena per formiche ANTCUBE e riempito con un materiale scavabile (ad esempio, una miscela di sabbia e argilla o Digfix). La particolarit\u00e0 \u00e8 che pu\u00f2 essere facilmente rimosso dall'arena, ad esempio per svernare con le formiche. Nella parte inferiore sono presenti due fori da 10 mm per l'ingresso e l'uscita e per la ventilazione. Questi possono essere sigillati con tappi da 10 mm per lo svernamento (non sono inclusi).<\/p>\n<p><strong>Nota:<\/strong> Il vetro viene tagliato a misura secondo la norma DIN 1249 con una tolleranza di +\/- 1 mm. Per le specie di formiche estremamente piccole \u00e8 indispensabile un'ulteriore protezione antisfondamento.<\/p>","protected":false},"excerpt":{"rendered":"<p>Dimensioni: <span style=\"color: #ff0000;\"><strong>XL<\/strong><\/span><\/p>","protected":false},"featured_media":9535,"comment_status":"open","ping_status":"closed","template":"","meta":{"_acf_changed":false,"content-type":"","_monsterinsights_skip_tracking":false,"_monsterinsights_sitenote_active":false,"_monsterinsights_sitenote_note":"","_monsterinsights_sitenote_category":0},"product_brand":[],"product_cat":[91,94],"product_tag":[],"class_list":{"0":"post-9223","1":"product","2":"type-product","3":"status-publish","4":"has-post-thumbnail","6":"product_cat-formicarium-modules","7":"product_cat-arena-inset","8":"product_shipping_class-fragile","10":"first","11":"instock","12":"taxable","13":"shipping-taxable","14":"purchasable","15":"product-type-simple"},"acf":[],"aioseo_notices":[],"jetpack_sharing_enabled":true,"_links":{"self":[{"href":"https:\/\/antcube.shop\/it\/wp-json\/wp\/v2\/product\/9223","targetHints":{"allow":["GET"]}}],"collection":[{"href":"https:\/\/antcube.shop\/it\/wp-json\/wp\/v2\/product"}],"about":[{"href":"https:\/\/antcube.shop\/it\/wp-json\/wp\/v2\/types\/product"}],"replies":[{"embeddable":true,"href":"https:\/\/antcube.shop\/it\/wp-json\/wp\/v2\/comments?post=9223"}],"wp:featuredmedia":[{"embeddable":true,"href":"https:\/\/antcube.shop\/it\/wp-json\/wp\/v2\/media\/9535"}],"wp:attachment":[{"href":"https:\/\/antcube.shop\/it\/wp-json\/wp\/v2\/media?parent=9223"}],"wp:term":[{"taxonomy":"product_brand","embeddable":true,"href":"https:\/\/antcube.shop\/it\/wp-json\/wp\/v2\/product_brand?post=9223"},{"taxonomy":"product_cat","embeddable":true,"href":"https:\/\/antcube.shop\/it\/wp-json\/wp\/v2\/product_cat?post=9223"},{"taxonomy":"product_tag","embeddable":true,"href":"https:\/\/antcube.shop\/it\/wp-json\/wp\/v2\/product_tag?post=9223"}],"curies":[{"name":"wp","href":"https:\/\/api.w.org\/{rel}","templated":true}]}}