{"id":9208,"date":"2024-09-17T14:19:38","date_gmt":"2024-09-17T12:19:38","guid":{"rendered":"https:\/\/antcube.shop\/en\/product\/kleines-fettblatt\/"},"modified":"2026-04-28T09:49:38","modified_gmt":"2026-04-28T07:49:38","slug":"piccolo-fettblatt","status":"publish","type":"product","link":"https:\/\/antcube.shop\/it\/prodotto\/piccolo-fettblatt\/","title":{"rendered":"Piccola pinguicola"},"content":{"rendered":"<p><strong>Dimensioni:<\/strong> circa 70 x 40 x 100 mm<\/p>\n<p><strong>Materiale:<\/strong> calcestruzzo polimerico, argilla, plastica<\/p>\n<p><strong>Colore:<\/strong><br \/>\nBase: verde, grigio chiaro-grigio scuro<br \/>\nPianta: verde scuro<\/p>\n<p><strong>Contenuto:<\/strong> 1 pz.<\/p>\n<p><strong>Descrizione:<\/strong> La piccola pinguicola \u00e8 realizzata in plastica robusta e ha una base in resina sintetica dall'aspetto di pietra. Ci\u00f2 la rende estremamente resistente e non pu\u00f2 essere danneggiata dalle formiche. Tuttavia, ha un aspetto molto naturale e attraente e pu\u00f2 essere facilmente integrata in un formicaio.<\/p>\n<p><strong>Nota:<\/strong> Pulire sotto l'acqua corrente prima dell'uso!<\/p>","protected":false},"excerpt":{"rendered":"<p>Dimensioni: circa 7 x 4 x 10 cm<\/p>","protected":false},"featured_media":9360,"comment_status":"open","ping_status":"closed","template":"","meta":{"_acf_changed":false,"content-type":"","_monsterinsights_skip_tracking":false,"_monsterinsights_sitenote_active":false,"_monsterinsights_sitenote_note":"","_monsterinsights_sitenote_category":0},"product_brand":[],"product_cat":[98,102,100],"product_tag":[],"class_list":{"0":"post-9208","1":"product","2":"type-product","3":"status-publish","4":"has-post-thumbnail","6":"product_cat-decoration","7":"product_cat-meadow","8":"product_cat-rainforest","10":"first","11":"instock","12":"taxable","13":"shipping-taxable","14":"purchasable","15":"product-type-simple"},"acf":[],"aioseo_notices":[],"jetpack_sharing_enabled":true,"_links":{"self":[{"href":"https:\/\/antcube.shop\/it\/wp-json\/wp\/v2\/product\/9208","targetHints":{"allow":["GET"]}}],"collection":[{"href":"https:\/\/antcube.shop\/it\/wp-json\/wp\/v2\/product"}],"about":[{"href":"https:\/\/antcube.shop\/it\/wp-json\/wp\/v2\/types\/product"}],"replies":[{"embeddable":true,"href":"https:\/\/antcube.shop\/it\/wp-json\/wp\/v2\/comments?post=9208"}],"wp:featuredmedia":[{"embeddable":true,"href":"https:\/\/antcube.shop\/it\/wp-json\/wp\/v2\/media\/9360"}],"wp:attachment":[{"href":"https:\/\/antcube.shop\/it\/wp-json\/wp\/v2\/media?parent=9208"}],"wp:term":[{"taxonomy":"product_brand","embeddable":true,"href":"https:\/\/antcube.shop\/it\/wp-json\/wp\/v2\/product_brand?post=9208"},{"taxonomy":"product_cat","embeddable":true,"href":"https:\/\/antcube.shop\/it\/wp-json\/wp\/v2\/product_cat?post=9208"},{"taxonomy":"product_tag","embeddable":true,"href":"https:\/\/antcube.shop\/it\/wp-json\/wp\/v2\/product_tag?post=9208"}],"curies":[{"name":"wp","href":"https:\/\/api.w.org\/{rel}","templated":true}]}}