{"id":9031,"date":"2024-08-27T16:22:15","date_gmt":"2024-08-27T14:22:15","guid":{"rendered":"https:\/\/antcube.shop\/product\/antcube-digfix-terra-nidum-platte-30x30-l-beige\/"},"modified":"2026-03-30T18:03:41","modified_gmt":"2026-03-30T16:03:41","slug":"antcube-digfix-terra-nidum-platte-30x30-l-beige","status":"publish","type":"product","link":"https:\/\/antcube.shop\/it\/prodotto\/antcube-digfix-terra-nidum-platte-30x30-l-beige\/","title":{"rendered":"ANTCUBE - Piastra Digfix Terra nidum 30\u00d730 - L - beige"},"content":{"rendered":"<p><strong>Dimensioni:<\/strong> 283x237x19 mm<\/p>\n<p><strong>Materiale:<\/strong> Materiale digeribile a base di resina<\/p>\n<p><strong>Descrizione:<\/strong> La piastra Terra nidum (in latino nido di terra), realizzata in materiale scavabile, si adatta perfettamente ai nostri formicai ANTCUBE. Pu\u00f2 essere utilizzato sia asciutto che bagnato. \u00c8 adatto a molte specie di formiche, soprattutto a quelle che nidificano nella sabbia e nel legno (morto). Pu\u00f2 essere utilizzato al posto di miscele di sabbia\/argilla o di inserti per nidi di sughero. Il vantaggio di questo nido \u00e8 che l'inumidimento del piatto \u00e8 pi\u00f9 facile da controllare grazie a una decolorazione chiaramente visibile e la colorazione del piatto offre un super contrasto con le specie di formiche solitamente pi\u00f9 scure. Inoltre, i pannelli interni del formicaio non possono essere sporcati dal substrato, come avviene ad esempio con le miscele di sabbia e argilla, il che consente una visione perfetta del nido. Il nostro materiale per nidi ha anche una struttura molto pi\u00f9 solida, in modo che le gallerie e le camere scavate dalle formiche non crollino.<\/p>\n<p><strong>Nota:<\/strong> Il colore naturale pu\u00f2 variare tra il beige\/sabbia e il marrone chiaro. La tonalit\u00e0 del colore non influisce sulla qualit\u00e0.<br \/>\nLe dimensioni possono variare di +\/- 1 mm a causa del processo di produzione.<\/p>","protected":false},"excerpt":{"rendered":"<p>Dimensioni: <span style=\"color: #0000ff;\"><strong>L<\/strong><\/span><\/p>","protected":false},"featured_media":9037,"comment_status":"open","ping_status":"closed","template":"","meta":{"_acf_changed":false,"content-type":"","_monsterinsights_skip_tracking":false,"_monsterinsights_sitenote_active":false,"_monsterinsights_sitenote_note":"","_monsterinsights_sitenote_category":0},"product_brand":[],"product_cat":[257,87,88],"product_tag":[],"class_list":{"0":"post-9031","1":"product","2":"type-product","3":"status-publish","4":"has-post-thumbnail","6":"product_cat-new-innovatve-products","7":"product_cat-nest-insets","8":"product_cat-digfix","10":"first","11":"instock","12":"taxable","13":"shipping-taxable","14":"purchasable","15":"product-type-simple"},"acf":[],"aioseo_notices":[],"jetpack_sharing_enabled":true,"_links":{"self":[{"href":"https:\/\/antcube.shop\/it\/wp-json\/wp\/v2\/product\/9031","targetHints":{"allow":["GET"]}}],"collection":[{"href":"https:\/\/antcube.shop\/it\/wp-json\/wp\/v2\/product"}],"about":[{"href":"https:\/\/antcube.shop\/it\/wp-json\/wp\/v2\/types\/product"}],"replies":[{"embeddable":true,"href":"https:\/\/antcube.shop\/it\/wp-json\/wp\/v2\/comments?post=9031"}],"wp:featuredmedia":[{"embeddable":true,"href":"https:\/\/antcube.shop\/it\/wp-json\/wp\/v2\/media\/9037"}],"wp:attachment":[{"href":"https:\/\/antcube.shop\/it\/wp-json\/wp\/v2\/media?parent=9031"}],"wp:term":[{"taxonomy":"product_brand","embeddable":true,"href":"https:\/\/antcube.shop\/it\/wp-json\/wp\/v2\/product_brand?post=9031"},{"taxonomy":"product_cat","embeddable":true,"href":"https:\/\/antcube.shop\/it\/wp-json\/wp\/v2\/product_cat?post=9031"},{"taxonomy":"product_tag","embeddable":true,"href":"https:\/\/antcube.shop\/it\/wp-json\/wp\/v2\/product_tag?post=9031"}],"curies":[{"name":"wp","href":"https:\/\/api.w.org\/{rel}","templated":true}]}}