{"id":8968,"date":"2024-08-19T20:47:21","date_gmt":"2024-08-19T18:47:21","guid":{"rendered":"https:\/\/antcube.shop\/product\/wand-ameisenfarm-l-30x30-glas\/"},"modified":"2026-01-12T12:39:31","modified_gmt":"2026-01-12T11:39:31","slug":"formica-da-parete-l-30x30-vetro","status":"publish","type":"product","link":"https:\/\/antcube.shop\/it\/prodotto\/formica-da-parete-l-30x30-vetro\/","title":{"rendered":"Formicaio da parete - L - 30\u00d730 - Vetro"},"content":{"rendered":"<p><strong>Dimensioni (LxH):<\/strong><br \/>\nParete posteriore (spessore 6 mm) : 400x293 mm<\/p>\n<p>Esterno (senza pannello posteriore)<br \/>\n334x28x296 mm<\/p>\n<p>All'interno<br \/>\n284x20x290 mm<\/p>\n<p><strong>Materiale:<\/strong><br \/>\nVetro galleggiante<\/p>\n<p><strong>Colore:<\/strong><br \/>\ncristallino<\/p>\n<p><strong>Contenuti:<\/strong><br \/>\nFormicaio da parete - L - 30\u00d730 - Vetro<br \/>\n1x formicaio di copertura<br \/>\n4x inserti in gomma per i fori come protezione<br \/>\n4x rondelle per i fori<br \/>\n4x tappi e viti<\/p>\n<p><strong>Connessione:<\/strong><br \/>\n2x 14\/16\/18\/20 x 20mm presa<\/p>\n<p>Il tubo flessibile 14\/10 viene inserito saldamente nella presa da 14 mm<br \/>\nIl tubo 20\/16 \u00e8 saldamente fissato al primo gradino da 16 mm.<\/p>\n<p><strong>Descrizione:<\/strong><br \/>\nQuesto formicaio \u00e8 stato sviluppato per il montaggio a parete ed \u00e8 facile da installare su pareti in legno e pietra. \u00c8 completamente trasparente e permette di vedere bene il nido. Come materiale di nidificazione per le formiche si possono utilizzare sabbia e argilla o uno dei nostri inserti di sughero o Digfix. Inoltre, alle prese di collegamento laterali \u00e8 possibile collegare un tubo flessibile, un tubo acrilico trasparente o la \"scala per formiche\". Offriamo anche formicai a muro di dimensioni 30\u00d715 o 30\u00d730 per adattarsi al formicaio a muro.<\/p>\n<p><strong>Istruzioni per l'installazione:<\/strong><br \/>\n<strong>Poich\u00e9 il pannello di vetro funge da parete posteriore, la parete sottostante deve essere completamente diritta.<\/strong><br \/>\nPer fissare i 4 tasselli \"S6\" nella parete, \u00e8 necessario un trapano con una punta da 6 mm (legno, pietra o metallo a seconda del materiale).<br \/>\nPer svasare i tasselli 6x30 mm con le viti 4,5x40 mm, \u00e8 necessario praticare nella parete dei fori profondi 45 mm.<br \/>\n<strong>Necessario per il montaggio:<\/strong><br \/>\n- livella a bolla d'aria<br \/>\n- Nastro adesivo per evitare di dover segnare sulla parete sottostante.<br \/>\n- Cacciavite a croce<br \/>\n- Trapano\/avvitatore a seconda della parete<br \/>\n- Punta da 6 mm (legno, pietra o metallo a seconda della superficie)<br \/>\n- \u00c8 utile anche creare una sagoma per i fori con un foglio di carta. \u00c8 sufficiente posizionarlo sotto la parete posteriore e segnare i fori.<\/p>\n<p><strong>Note sulla produzione<\/strong><br \/>\nIl vetro \u00e8 tagliato secondo la norma DIN 1249 con una tolleranza di +\/- 1mm. Per le specie di formiche estremamente piccole, \u00e8 indispensabile una protezione supplementare contro la fuga.<br \/>\nPoich\u00e9 i nostri prodotti sono realizzati a mano, nonostante la massima cura possono verificarsi minime deviazioni.<\/p>\n<p><strong>Nota sulla fattoria<\/strong><br \/>\nQuando si attaccano o si rimuovono i tubi, si prega di notare quanto segue:<br \/>\nSe il tubo risulta molto difficile da inserire nel raccordo, \u00e8 necessario strofinare leggermente il raccordo con una goccia del nostro olio o polvere anti-scoppio. Il tubo deve quindi essere spinto sul raccordo con movimenti di rotazione o di avvitamento, senza sforzare il raccordo con movimenti su e gi\u00f9. Lo stesso vale quando si rimuovono i tubi dal raccordo dell'azienda agricola. Non tiratelo semplicemente!<\/p>","protected":false},"excerpt":{"rendered":"<p>Connessione: Presa 2x 14\/16 x 20mm; Distanza tra le piastre: Interno 20mm<\/p>\n<p>Dimensioni: <span style=\"color: #0000ff;\"><strong>L<\/strong> <\/span><\/p>","protected":false},"featured_media":8997,"comment_status":"open","ping_status":"closed","template":"","meta":{"_acf_changed":false,"content-type":"","_monsterinsights_skip_tracking":false,"_monsterinsights_sitenote_active":false,"_monsterinsights_sitenote_note":"","_monsterinsights_sitenote_category":0},"product_brand":[],"product_cat":[257,80,83,86],"product_tag":[],"class_list":{"0":"post-8968","1":"product","2":"type-product","3":"status-publish","4":"has-post-thumbnail","6":"product_cat-new-innovatve-products","7":"product_cat-antfarms","8":"product_cat-antfarms-l","9":"product_cat-formicariums","11":"first","12":"instock","13":"taxable","14":"shipping-taxable","15":"purchasable","16":"product-type-simple"},"acf":[],"aioseo_notices":[],"jetpack_sharing_enabled":true,"_links":{"self":[{"href":"https:\/\/antcube.shop\/it\/wp-json\/wp\/v2\/product\/8968","targetHints":{"allow":["GET"]}}],"collection":[{"href":"https:\/\/antcube.shop\/it\/wp-json\/wp\/v2\/product"}],"about":[{"href":"https:\/\/antcube.shop\/it\/wp-json\/wp\/v2\/types\/product"}],"replies":[{"embeddable":true,"href":"https:\/\/antcube.shop\/it\/wp-json\/wp\/v2\/comments?post=8968"}],"wp:featuredmedia":[{"embeddable":true,"href":"https:\/\/antcube.shop\/it\/wp-json\/wp\/v2\/media\/8997"}],"wp:attachment":[{"href":"https:\/\/antcube.shop\/it\/wp-json\/wp\/v2\/media?parent=8968"}],"wp:term":[{"taxonomy":"product_brand","embeddable":true,"href":"https:\/\/antcube.shop\/it\/wp-json\/wp\/v2\/product_brand?post=8968"},{"taxonomy":"product_cat","embeddable":true,"href":"https:\/\/antcube.shop\/it\/wp-json\/wp\/v2\/product_cat?post=8968"},{"taxonomy":"product_tag","embeddable":true,"href":"https:\/\/antcube.shop\/it\/wp-json\/wp\/v2\/product_tag?post=8968"}],"curies":[{"name":"wp","href":"https:\/\/api.w.org\/{rel}","templated":true}]}}