{"id":8967,"date":"2024-08-19T20:46:59","date_gmt":"2024-08-19T18:46:59","guid":{"rendered":"https:\/\/antcube.shop\/product\/wand-ameisenarena-30x15x15\/"},"modified":"2026-03-16T10:36:54","modified_gmt":"2026-03-16T09:36:54","slug":"muro-arena-formica-30x15x15","status":"publish","type":"product","link":"https:\/\/antcube.shop\/it\/prodotto\/muro-arena-formica-30x15x15\/","title":{"rendered":"Arena di formiche a muro - 30x15x15"},"content":{"rendered":"<p><strong>Dimensioni (LxWxH):<\/strong><br \/>\nParete posteriore (6 mm): 400x150 mm<\/p>\n<p>Arena (senza pannello posteriore): 300x146x150 mm<\/p>\n<p><strong>Materiale:<\/strong><br \/>\nVetro galleggiante<\/p>\n<p><strong>Colore:<\/strong><br \/>\ncristallino<\/p>\n<p><strong>Contenuti:<\/strong><br \/>\n1x muro arena formica - 30x15x15<br \/>\n4x inserti in gomma per i fori come protezione<br \/>\n4x rondelle per i fori<br \/>\n4x tappi e viti<\/p>\n<p><strong>Connessione:<\/strong><br \/>\n<strong>ATTENZIONE 4x tappi\/ inserti di griglia\/ connettori (come richiesto) per i fori laterali da 50 mm non sono inclusi nella fornitura.<\/strong><br \/>\n2x foro da 27 mm<\/p>\n<p><strong>Descrizione:<\/strong><br \/>\nQuesto formicaio \u00e8 stato sviluppato per il montaggio a parete ed \u00e8 facile da installare su pareti in legno e pietra. Tramite i fori laterali da 50 mm \u00e8 possibile collegare altri formicai e arene. Come collegamento si pu\u00f2 utilizzare un tubo flessibile o un tubo acrilico trasparente. Offriamo anche un formicaio da parete da abbinare all'arena per formiche da parete.<br \/>\nGli articoli coordinati Ant arena cover 30\u00d715 e Ant arena frame 30\u00d715 devono essere ordinati separatamente.<\/p>\n<p><strong>Istruzioni per l'installazione:<\/strong><br \/>\nPoich\u00e9 il pannello di vetro funge da parete posteriore, la parete sottostante deve essere completamente diritta.<br \/>\n\u00c8 necessario un trapano con una punta da 6 mm (per legno, pietra o metallo, a seconda del materiale) per fissare i 4 tasselli \"S6\" nella parete.<br \/>\nPer svasare i tasselli da 6x30 mm con le viti da 4,5x40 mm \u00e8 necessario praticare nella parete dei fori profondi 45 mm.<br \/>\nNecessario per il montaggio:<br \/>\n- Livella a bolla d'aria<br \/>\n- Nastro adesivo per evitare di dover segnare sulla parete sottostante.<br \/>\n- Cacciavite a croce<br \/>\n- Trapano\/avvitatore a seconda della parete<br \/>\n- Punta da 6 mm (legno, pietra o metallo a seconda della superficie)<br \/>\n- \u00c8 utile anche creare una sagoma per i fori con un foglio di carta. \u00c8 sufficiente posizionarlo sotto la parete posteriore e segnare i fori.<\/p>\n<p><strong>Note sulla produzione<\/strong><br \/>\nIl vetro \u00e8 tagliato secondo la norma DIN 1249 con una tolleranza di +\/- 1mm. Per le specie di formiche estremamente piccole, \u00e8 indispensabile una protezione supplementare contro la fuga.<br \/>\nPoich\u00e9 i nostri prodotti sono realizzati a mano, nonostante la massima cura possono verificarsi minime deviazioni.<\/p>\n<p><strong>Nota sulla fattoria<\/strong><br \/>\nQuando si attaccano o si rimuovono i tubi, si prega di notare quanto segue:<br \/>\nSe il tubo risulta molto difficile da inserire nel raccordo, \u00e8 necessario strofinare leggermente il raccordo con una goccia del nostro olio o polvere anti-scoppio. Il tubo deve quindi essere spinto sul raccordo con movimenti di rotazione o di avvitamento, senza sforzare il raccordo con movimenti su e gi\u00f9. Lo stesso vale quando si rimuovono i tubi dal raccordo dell'azienda agricola. Non tiratelo semplicemente!<\/p>\n<p>&nbsp;<\/p>","protected":false},"excerpt":{"rendered":"<p>Connessione: Foro 2x 27 mm<\/p>","protected":false},"featured_media":8982,"comment_status":"open","ping_status":"closed","template":"","meta":{"_acf_changed":false,"content-type":"","_monsterinsights_skip_tracking":false,"_monsterinsights_sitenote_active":false,"_monsterinsights_sitenote_note":"","_monsterinsights_sitenote_category":0},"product_brand":[],"product_cat":[257,85,86],"product_tag":[],"class_list":{"0":"post-8967","1":"product","2":"type-product","3":"status-publish","4":"has-post-thumbnail","6":"product_cat-new-innovatve-products","7":"product_cat-ant-arenas","8":"product_cat-formicariums","10":"first","11":"instock","12":"taxable","13":"shipping-taxable","14":"purchasable","15":"product-type-simple"},"acf":[],"aioseo_notices":[],"jetpack_sharing_enabled":true,"_links":{"self":[{"href":"https:\/\/antcube.shop\/it\/wp-json\/wp\/v2\/product\/8967","targetHints":{"allow":["GET"]}}],"collection":[{"href":"https:\/\/antcube.shop\/it\/wp-json\/wp\/v2\/product"}],"about":[{"href":"https:\/\/antcube.shop\/it\/wp-json\/wp\/v2\/types\/product"}],"replies":[{"embeddable":true,"href":"https:\/\/antcube.shop\/it\/wp-json\/wp\/v2\/comments?post=8967"}],"wp:featuredmedia":[{"embeddable":true,"href":"https:\/\/antcube.shop\/it\/wp-json\/wp\/v2\/media\/8982"}],"wp:attachment":[{"href":"https:\/\/antcube.shop\/it\/wp-json\/wp\/v2\/media?parent=8967"}],"wp:term":[{"taxonomy":"product_brand","embeddable":true,"href":"https:\/\/antcube.shop\/it\/wp-json\/wp\/v2\/product_brand?post=8967"},{"taxonomy":"product_cat","embeddable":true,"href":"https:\/\/antcube.shop\/it\/wp-json\/wp\/v2\/product_cat?post=8967"},{"taxonomy":"product_tag","embeddable":true,"href":"https:\/\/antcube.shop\/it\/wp-json\/wp\/v2\/product_tag?post=8967"}],"curies":[{"name":"wp","href":"https:\/\/api.w.org\/{rel}","templated":true}]}}