{"id":8854,"date":"2024-08-01T15:37:58","date_gmt":"2024-08-01T13:37:58","guid":{"rendered":"https:\/\/antcube.shop\/product\/bundle-offer-myrmica-rubra\/"},"modified":"2026-03-17T18:05:43","modified_gmt":"2026-03-17T17:05:43","slug":"offerta-pacchetto-myrmica-rubra","status":"publish","type":"product","link":"https:\/\/antcube.shop\/it\/prodotto\/offerta-pacchetto-myrmica-rubra\/","title":{"rendered":"Offerta pacchetto - Myrmica rubra"},"content":{"rendered":"<p><span data-text-color=\"secondary\"><strong>Offerta pacchetto comprendente una colonia di formiche Myrmica rubra (regina con 11-25 operaie + covata)<\/strong><\/span><\/p>\n<p><span data-text-color=\"alert\"><strong>Solo fino a esaurimento scorte.<\/strong><\/span><\/p>\n<p><strong>Tutto ci\u00f2 che serve per una colonia di formiche Myrmica rubra:<\/strong><br \/>\nQuesto pacchetto contiene tutto ci\u00f2 che serve per portare a termine con successo i primi mesi di vita di una colonia di Myrmica rubra. \u00c8 espandibile in modo flessibile ed \u00e8 stato testato per diversi anni con questa specie di formica.<\/p>\n<p><strong>Specie di formica Myrmica rubra - la formica di fuoco europea:<\/strong><br \/>\nMyrmica rubra \u00e8 una specie di formica molto diffusa in Europa. \u00c8 nota anche come formica rossa dei giardini o formica di fuoco europea. Ama i luoghi umidi e semi-ombreggiati, per questo si trova soprattutto nei giardini, nei prati e nelle foreste. Si trova anche in alcune zone del Canada e degli Stati Uniti, dove per\u00f2 \u00e8 invasiva, cio\u00e8 non autoctona. Come la maggior parte delle specie di formiche invasive, \u00e8 stata introdotta con le piante intorno al 1900.<\/p>\n<p>Myrmica rubra \u00e8 una specie poligina, il che significa che di solito ha diverse regine in natura. Sono state segnalate anche le cosiddette super-colonie, con fino a 600 regine e circa 20.000 operaie. Myrmica rubra difende il suo nido in modo aggressivo e ha un pungiglione per difendersi. Tuttavia, il suo veleno \u00e8 innocuo, tranne che per i soggetti allergici.<\/p>\n<p>Myrmica rubra sverna in natura tra la fine di ottobre e la fine di marzo a circa 5-8\u00b0.<\/p>\n<p><strong>Nido per Myrmica rubra:<\/strong><br \/>\nIn natura, Myrmica rubra nidifica sotto cuscini di muschio, pietre nei campi e nei prati, nel terreno dove costruisce cumuli o anche nel legno marcio. La cosa pi\u00f9 importante per loro \u00e8 un sito di nidificazione umido.<\/p>\n<p>In questo set iniziale, abbiamo incluso uno dei nostri piatti Digfix come materiale per il nido. Questo materiale simula un nido di terra naturale e pu\u00f2 essere mantenuto molto umido. Inoltre, gli animali non possono sporcare le finestre del formicaio quando scavano, il che consente una visione sempre chiara delle camere e dei passaggi. Il materiale \u00e8 anche molto pi\u00f9 stabile in un formicaio rispetto a una miscela convenzionale di sabbia e argilla, il che impedisce alle camere e ai tunnel di crollare.<\/p>\n<p><strong>Cibo per Myrmica rubra:<\/strong><br \/>\nMyrmica rubra \u00e8 onnivora e in natura si nutre di carogne, insetti e nettare. Come Lasius niger, ad esempio, Myrmica rubra custodisce anche colonie di afidi e le difende.<\/p>\n<p>In questo set abbiamo incluso i nostri grilli interi sbollentati e la melata come cibo. Entrambi sono molto ben accettati da Myrmica rubra e favoriscono uno sviluppo naturale e positivo della colonia grazie ai nutrienti che contengono.<\/p>\n<p><strong>Le condizioni climatiche ottimali per Myrmica rubra sono le seguenti:<\/strong><br \/>\nUmidit\u00e0:<br \/>\nArena: 30 - 50% Area nido: 50 - 70%<br \/>\nTemperatura:<br \/>\nArena: 18 - 28\u00b0C Zona nido: 21 - 24\u00b0C<\/p>\n<p><strong>Contenuti:<\/strong><\/p>\n<p>1x Myrmica rubra regina + 11-25 operaie e covata<br \/>\n1x Marmellata di grilli 25g<br \/>\n1x miscela di melata (HT) - confezione di ricarica da 10ml<br \/>\n1x Base per formicaio - 20x20cm<br \/>\n1x base per formicaio - 20x6cm<\/p>\n<p>1x ANTCUBO - arena 20x20x10 - piatto<br \/>\n1x formica arena telaio 20\u00d720<br \/>\n1x copertura dell'arena delle formiche 20\u00d720<br \/>\n4 punti di fissaggio per la copertura dell'arena<br \/>\n1x ANTCUBE - Formicaio - L - 20\u00d720 - verticale<br \/>\n1x ANTCUBE - Piastra Digfix 20\u00d720 - M<\/p>\n<p>1x 0,5m tubo trasparente 14\/10 mm<br \/>\n1x ANTCUBE - Foglio rosso 20\u00d720 - filtro<br \/>\n1x morsetti adesivi - trasparenti 2 pz.<br \/>\n1x substrato - sabbia-argilla beige - 200g<\/p>\n<p>1x Grid cap &#8211; 10mm &#8211; stainless steel<br \/>\n2x Grid insert acrylic &#8211; 50 mm with sealing ring<br \/>\n1x Grid insert acrylic &#8211; 27 mm with sealing ring<\/p>\n<p>1x connettore tubo serbatoio 27-14,16,20 mm - trasparente<br \/>\n1x Foil thermometer &#8211; farm<br \/>\n1x Foil thermometer Display<br \/>\n1x drinking clear 5ml &#8211; sponge<br \/>\n1x Feeding dish white rectangle &#8211; 3 compartments<br \/>\n1x Drinking trough 2ml &#8211; 360 Degrees<br \/>\n1x Olio di protezione contro la fuga delle formiche 10ml<br \/>\n1x Pinzette in acciaio per molle - larghe - morbide<br \/>\n1x Pinzetta in plastica trasparente<br \/>\n1x pipetta di plastica 3ml<br \/>\n1x lente d'ingrandimento manuale - 2x - 30mm<br \/>\n1x tergicristallo in schiuma 150x18x2,5mm<br \/>\n1x dorso fotografico - prato - 20\u00d710<\/p>\n<p>&nbsp;<\/p>\n<p><strong>Descrizione:<\/strong><br \/>\nQuesto starter set espandibile per Myrmica rubra contiene non solo il formicario adattato in modo ottimale, ma anche gli accessori giusti per l'allevamento di questa specie di formica. Il \"bevitore chiaro 20ml - spugna\" \u00e8 destinato all'acqua, il \"bevitore 2ml - 360 gradi\" alla miscela di melata.<\/p>\n<p><span data-text-color=\"alert\"><strong>Importante:<\/strong><\/span> Inumidire il substrato prima dell'uso, in modo che la miscela possa legarsi e fare presa sul formicaio. Inoltre, un substrato secco e polveroso pu\u00f2 causare l'ostruzione delle vie respiratorie delle formiche e, nel peggiore dei casi, il loro soffocamento.<\/p>\n<p><strong>Note sulla produzione<\/strong><br \/>\nIl vetro viene tagliato a misura secondo la norma DIN 1249 con una tolleranza di +\/- 1 mm. Per le specie di formiche estremamente piccole \u00e8 indispensabile un'ulteriore protezione antisfondamento.<\/p>\n<p><strong>Nota sui grilli sbollentati:<\/strong><br \/>\nLa nostra marmellata di grilli \u00e8 un modo semplice per fornire alle formiche cibo proteico appena conservato senza dover somministrare insetti vivi. I grilli contenuti (Acheta domesticus) sono stati cotti delicatamente per garantire la conservazione dei valori nutrizionali, del gusto e dell'aroma. Inoltre, l'involucro chitinoso degli insetti viene ammorbidito in modo da poter essere digerito pi\u00f9 facilmente. I legami delle proteine del collagene vengono spezzati in modo che le formiche possano utilizzarli meglio. L'Acheta domesticus in scatola ha lo stesso valore nutrizionale dei grilli vivi, ma \u00e8 pi\u00f9 facile da digerire.<\/p>\n<p>I grilli sbollentati non sono adatti alla caccia di specie di formiche che richiedono cibo vivo (ad es. ponerini (grandi formiche) come Harpegnathos o Odontomachus).<\/p>\n<p><strong>Ulteriori vantaggi:<\/strong><br \/>\nGaranzia di assenza di acari<br \/>\nPu\u00f2 essere porzionato<br \/>\nSterilizzati e aspirati<br \/>\nSenza additivi<br \/>\nGrilli provenienti da allevamenti sostenibili puramente biologici, alimentati con rifiuti organici<\/p>\n<p><strong>Si prega di notare:<\/strong><br \/>\nSi conserva in frigorifero per circa quattro giorni dopo l'apertura. Si conserva pi\u00f9 a lungo se congelato.<\/p>\n<p><strong>Nota sulla melata:<\/strong><br \/>\nContenuto: 10 ml<br \/>\nSi tratta di un prodotto naturale, che abbiamo perfezionato dopo approfonditi test nel nostro laboratorio e sviluppato in un alimento molto ben accettato dalle formiche. Il motivo \u00e8 che il miele di melata non trasformato nella sua forma originale concentrata non \u00e8 ben accettato dalle formiche e dal loro metabolismo.<br \/>\nLa nostra melata \u00e8 stata raccolta nelle incontaminate foreste selvatiche di montagna della Bulgaria. La melata viene prodotta solo per un periodo molto limitato, circa due mesi in estate. \u00c8 quindi molto rara. Grazie alle caratteristiche specifiche del suolo delle foreste e al clima, le sostanze nutritive essenziali vengono immagazzinate nelle foglie degli alberi e assorbite dagli afidi. \u00c8 questo che rende la miscela di melata cos\u00ec appetibile per le formiche.<\/p>\n<p><strong>Applicazione:<\/strong><br \/>\nLa quantit\u00e0 di cibo deve essere consumata entro circa 3 giorni.<\/p>\n<p><strong>Descrizione:<\/strong><br \/>\nLa melata, a differenza del miele di fiori, si ottiene dalle secrezioni di insetti che succhiano le piante, come gli afidi. La melata \u00e8 una fonte di cibo popolare per molti insetti come formiche, api e bombi. Api e bombi la leccano dalle foglie o dagli aghi di vari alberi. Le formiche, come il Lasius niger, fanno letteralmente incetta di afidi. Li difendono persino dai predatori e li trasportano sui germogli freschi.<\/p>\n<p>La melata \u00e8 particolarmente apprezzata dalle formiche per i suoi componenti un po' diversi. Gli zuccheri principali della melata sono il saccarosio e il fruttosio, ma si trovano anche quantit\u00e0 minori di maltosio, trealosio, melezitosio, raffinosio e altri oligosaccaridi. Oltre allo zucchero e all'acqua, la melata contiene anche aminoacidi essenziali, minerali, oligoelementi, adenosine, fosfati e altri ingredienti come le vitamine.<\/p>\n<p><strong>Utilizzare:<\/strong><br \/>\nPer le specie di formiche mangiatrici di miele (Meliphagidae)<br \/>\nSi tratta di un mangime supplementare<br \/>\nPu\u00f2 essere offerto agli animali cos\u00ec come viene fornito. Poich\u00e9 la concentrazione di zucchero viene ridotta dall'umidit\u00e0 e inizia un processo di fermentazione, il mangime deve essere sostituito ogni 3 giorni. Pulire accuratamente la ciotola o la provetta prima di riutilizzarla.<br \/>\nUna volta aperta, la confezione deve essere conservata ben chiusa fino alla data di scadenza.<\/p>\n<p><strong>Informazioni nutrizionali per 100 g:<\/strong><br \/>\ncirca 2,7 grassi %<br \/>\ndi cui saturi circa 0,45 %<br \/>\ncirca 95 carboidrati %<br \/>\ndi cui zucchero circa 71<br \/>\ncirca 2,85% di proteine<\/p>\n<p>Minerali (potassio, calcio, rame, ferro, sodio, magnesio, fosforo, zinco e altri oligoelementi) Aminoacidi (prolina, leucina, fenilalanina, alanina, istidina, isoleucina, acido glutammico, arginina, acido aspartico, ecc.) Acidi organici Enzimi (fermenti) Aromi Inibitori (sostanze antibatteriche) Fiori Polline<\/p>\n<p><strong>Stoccaggio:<\/strong><br \/>\nPer garantire la qualit\u00e0 del mangime, \u00e8 necessario conservarlo in un luogo buio e asciutto.<\/p>\n<p><strong>Nota:<\/strong><br \/>\nMangime complementare per formiche mangiatrici di miele.<br \/>\nPer la composizione, gli ingredienti analitici, la data di scadenza e il numero di lotto, consultare il foglietto illustrativo.<\/p>\n<p>Numero verde per informazioni +49 30 439703870<\/p>\n<p><strong>Ispettorato veterinario e alimentare responsabile:<\/strong><br \/>\nUfficio veterinario Steglitz<br \/>\nVia K\u00f6nigin-Luise 92<br \/>\n14195 Berlino<\/p>","protected":false},"excerpt":{"rendered":"<p>Il set \u00e8 composto da 34 parti<\/p>","protected":false},"featured_media":8856,"comment_status":"open","ping_status":"closed","template":"","meta":{"_acf_changed":false,"content-type":"","_monsterinsights_skip_tracking":false,"_monsterinsights_sitenote_active":false,"_monsterinsights_sitenote_note":"","_monsterinsights_sitenote_category":0},"product_brand":[],"product_cat":[355,73],"product_tag":[],"class_list":{"0":"post-8854","1":"product","2":"type-product","3":"status-publish","4":"has-post-thumbnail","6":"product_cat-bundle-offers","7":"product_cat-starter-sets","9":"first","10":"instock","11":"taxable","12":"shipping-taxable","13":"purchasable","14":"product-type-simple"},"acf":[],"aioseo_notices":[],"jetpack_sharing_enabled":true,"_links":{"self":[{"href":"https:\/\/antcube.shop\/it\/wp-json\/wp\/v2\/product\/8854","targetHints":{"allow":["GET"]}}],"collection":[{"href":"https:\/\/antcube.shop\/it\/wp-json\/wp\/v2\/product"}],"about":[{"href":"https:\/\/antcube.shop\/it\/wp-json\/wp\/v2\/types\/product"}],"replies":[{"embeddable":true,"href":"https:\/\/antcube.shop\/it\/wp-json\/wp\/v2\/comments?post=8854"}],"wp:featuredmedia":[{"embeddable":true,"href":"https:\/\/antcube.shop\/it\/wp-json\/wp\/v2\/media\/8856"}],"wp:attachment":[{"href":"https:\/\/antcube.shop\/it\/wp-json\/wp\/v2\/media?parent=8854"}],"wp:term":[{"taxonomy":"product_brand","embeddable":true,"href":"https:\/\/antcube.shop\/it\/wp-json\/wp\/v2\/product_brand?post=8854"},{"taxonomy":"product_cat","embeddable":true,"href":"https:\/\/antcube.shop\/it\/wp-json\/wp\/v2\/product_cat?post=8854"},{"taxonomy":"product_tag","embeddable":true,"href":"https:\/\/antcube.shop\/it\/wp-json\/wp\/v2\/product_tag?post=8854"}],"curies":[{"name":"wp","href":"https:\/\/api.w.org\/{rel}","templated":true}]}}