{"id":8853,"date":"2024-08-01T15:35:42","date_gmt":"2024-08-01T13:35:42","guid":{"rendered":"https:\/\/antcube.shop\/product\/bundle-offer-pseudoneoponera-rufipes\/"},"modified":"2025-10-19T16:10:44","modified_gmt":"2025-10-19T14:10:44","slug":"offerta-in-bundle-pseudoneoponera-rufipes","status":"publish","type":"product","link":"https:\/\/antcube.shop\/it\/prodotto\/offerta-in-bundle-pseudoneoponera-rufipes\/","title":{"rendered":"Offerta pacchetto - Pseudoneoponera rufipes"},"content":{"rendered":"<p><span data-text-color=\"secondary\"><strong>Offerta pacchetto comprendente una colonia di formiche Pseudoneoponera rufipes (regina con 11-25 operaie + covata)<\/strong><\/span><\/p>\n<p><span data-text-color=\"alert\"><strong>Solo fino a esaurimento scorte.<\/strong><\/span><\/p>\n<p><span data-text-color=\"alert\"><strong>Spedizione possibile solo tramite GO! all'interno della Germania.<\/strong><\/span><\/p>\n<p><strong>Tutto ci\u00f2 che serve per una colonia di formiche Pseudoneoponera rufipes:<\/strong><br \/>\nQuesto pacchetto contiene tutto ci\u00f2 che serve per portare a termine con successo i primi mesi di vita di una colonia di Pseudoneoponera rufipes. \u00c8 espandibile in modo flessibile ed \u00e8 stato testato per diversi anni con questa specie di formica.<\/p>\n<p><strong>Specie di formica Pseudoneoponera rufipes:<\/strong><br \/>\nLa Pseudoneoponera rufipes \u00e8 una grande specie di formica del Sud-Est asiatico. Qui nidifica solitamente in terreni argillosi e talvolta anche sugli alberi. A causa della loro origine nelle regioni tropicali, non vanno in letargo. Le loro colonie raggiungono una dimensione massima di diverse centinaia di animali, ma di solito non superano le 200 unit\u00e0.<\/p>\n<p>Durante il giorno appaiono relativamente fiacchi, perch\u00e9 sono pi\u00f9 attivi di notte e al crepuscolo. Tuttavia, sono attivi anche durante il giorno e il loro comportamento tranquillo rende l'osservazione un'esperienza speciale. Come meccanismo di difesa, ricoprono i loro nemici con una secrezione difensiva simile alla schiuma.<\/p>\n<p><strong>Nido di Pseudoneoponera rufipes:<\/strong><br \/>\nPoich\u00e9 in natura nidificano solitamente in terreni argillosi nelle foreste pluviali tropicali del Sud-Est asiatico, abbiamo optato per un formicaio XL con terreno della foresta pluviale.<\/p>\n<p><strong>Cibo per Pseudoneoponera rufipes:<\/strong><br \/>\nIn questo set abbiamo incluso i nostri grilli interi sbollentati e il mix di melata come cibo. Entrambi sono molto ben accettati dalla Pseudoneoponera rufipes e favoriscono uno sviluppo naturale e positivo della colonia grazie ai nutrienti che contengono.<\/p>\n<p><strong>Le condizioni climatiche ottimali per la Pseudoneoponera rufipes sono le seguenti:<\/strong><br \/>\nUmidit\u00e0:<br \/>\nArena: 60 - 70% Area nido: 60 - 80%<br \/>\nTemperatura:<br \/>\nArena: 21 - 30\u00b0C Zona nido: 24 - 28\u00b0C<\/p>\n<p><strong>Contenuti:<\/strong><br \/>\n1x Pseudoneoponera rufipes (regina + 11-25 operaie + covata)<\/p>\n<p>1x miscela di melata (HT) - confezione di ricarica da 10ml<br \/>\n1x grillo intero sbollentato 10g<br \/>\n1x stand arena 20\u00d720<br \/>\n1x base per formicaio - 20\u00d76<\/p>\n<p>1x ANTCUBO - Arena 20x20x10 - piatto<br \/>\n1x ANTCUBE - Formicaio - L - 20\u00d720 - verticale<br \/>\n1x formica arena telaio 20\u00d720<br \/>\n1x copertura dell'arena delle formiche 20\u00d720<br \/>\n4 punti di fissaggio per la copertura dell'arena<\/p>\n<p>1x 0,5 m di tubo flessibile trasparente 20\/16 mm<br \/>\n2x raccordo per tubo lavabo 27 mm -14,16,20 mm - trasparente<br \/>\n1x morsetti adesivi - trasparenti 2 pz.<br \/>\n1x ANTCUBE - Foglio rosso 20\u00d720 - filtro<\/p>\n<p>2x substrato - foresta pluviale - 1 kg<br \/>\n1x pannello posteriore per foto - foresta pluviale - 20\u00d710<\/p>\n<p>2x inserto a griglia - 50mm - acciaio inossidabile<br \/>\n1x inserto a griglia - 27mm - acciaio inossidabile<\/p>\n<p>Mini termo igrometro analogico - display - appeso<br \/>\n1x pinzetta in acciaio a molla larga - morbida<br \/>\n1x pinzetta di plastica standard<br \/>\n1x pipetta di plastica 3ml<br \/>\n1x Olio protettivo contro i focolai di formiche 10ml<br \/>\n1x Abbeveratoio 2ml - 360 gradi<br \/>\n1x ciotola chiara 1\u00d720 - spugna<br \/>\n1x abbeveratoio chiaro 20ml - spugna<br \/>\n1x Lente d'ingrandimento manuale - 2x - 30mm<br \/>\n1x tergicristallo in schiuma 150x18x2.5mm<\/p>\n<p><strong>Descrizione:<\/strong><br \/>\nQuesto starter set espandibile per Pseudoneoponera rufipes contiene non solo il formicario adattato in modo ottimale, ma anche gli accessori appropriati per l'allevamento di questa specie di formica. Il \"bevitore chiaro 20ml - spugna\" \u00e8 destinato all'acqua, il \"bevitore 2ml - 360 gradi\" alla miscela di melata.<\/p>\n<p><span data-text-color=\"alert\"><strong>Importante:<\/strong><\/span> Inumidire il substrato prima dell'uso, in modo che la miscela possa legarsi e fare presa sul formicaio. Inoltre, un substrato secco e polveroso pu\u00f2 causare l'ostruzione delle vie respiratorie delle formiche e, nel peggiore dei casi, il loro soffocamento.<\/p>\n<p><strong>Note sulla produzione<\/strong><br \/>\nIl vetro viene tagliato a misura secondo la norma DIN 1249 con una tolleranza di +\/- 1 mm. Per le specie di formiche estremamente piccole \u00e8 indispensabile un'ulteriore protezione antisfondamento.<\/p>\n<p><strong>Nota sui grilli sbollentati:<\/strong><br \/>\nLa nostra marmellata di grilli \u00e8 un modo semplice per fornire alle formiche cibo proteico appena conservato senza dover somministrare insetti vivi. I grilli contenuti (Acheta domesticus) sono stati cotti delicatamente per garantire la conservazione dei valori nutrizionali, del gusto e dell'aroma. Inoltre, l'involucro chitinoso degli insetti viene ammorbidito in modo da poter essere digerito pi\u00f9 facilmente. I legami delle proteine del collagene vengono spezzati in modo che le formiche possano utilizzarli meglio. L'Acheta domesticus in scatola ha lo stesso valore nutrizionale dei grilli vivi, ma \u00e8 pi\u00f9 facile da digerire.<\/p>\n<p>I grilli sbollentati non sono adatti alla caccia di specie di formiche che richiedono cibo vivo (ad es. ponerini come Harpegnathos o Odontomachus).<\/p>\n<p><strong>Ulteriori vantaggi:<\/strong><br \/>\nGaranzia di assenza di acari<br \/>\nPu\u00f2 essere porzionato<br \/>\nSterilizzati e aspirati<br \/>\nSenza additivi<br \/>\nGrilli provenienti da allevamenti sostenibili puramente biologici, alimentati con rifiuti organici<\/p>\n<p><strong>Si prega di notare:<\/strong><br \/>\nSi conserva in frigorifero per circa quattro giorni dopo l'apertura. Si conserva pi\u00f9 a lungo se congelato.<\/p>\n<p><strong>Nota sulla melata:<\/strong><br \/>\nContenuto: 10 ml<br \/>\nSi tratta di un prodotto naturale, che abbiamo perfezionato dopo approfonditi test nel nostro laboratorio e sviluppato in un alimento molto ben accettato dalle formiche. Il motivo \u00e8 che il miele di melata non trasformato nella sua forma originale concentrata non \u00e8 ben accettato dalle formiche e dal loro metabolismo.<br \/>\nLa nostra melata \u00e8 stata raccolta nelle incontaminate foreste selvatiche di montagna della Bulgaria. La melata viene prodotta solo per un periodo molto limitato, circa due mesi in estate. \u00c8 quindi molto rara. Grazie alle caratteristiche specifiche del suolo delle foreste e al clima, le sostanze nutritive essenziali vengono immagazzinate nelle foglie degli alberi e assorbite dagli afidi. \u00c8 questo che rende la miscela di melata cos\u00ec appetibile per le formiche.<\/p>\n<p><strong>Applicazione:<\/strong><br \/>\nLa quantit\u00e0 di cibo deve essere consumata entro circa 3 giorni.<\/p>\n<p><strong>Descrizione:<\/strong><br \/>\nLa melata, a differenza del miele di fiori, si ottiene dalle secrezioni di insetti che succhiano le piante, come gli afidi. La melata \u00e8 una fonte di cibo popolare per molti insetti come formiche, api e bombi. Api e bombi la leccano dalle foglie o dagli aghi di vari alberi. Le formiche, come il Lasius niger, fanno letteralmente incetta di afidi. Li difendono persino dai predatori e li trasportano sui germogli freschi.<\/p>\n<p>La melata \u00e8 particolarmente apprezzata dalle formiche per i suoi componenti un po' diversi. Gli zuccheri principali della melata sono il saccarosio e il fruttosio, ma si trovano anche quantit\u00e0 minori di maltosio, trealosio, melezitosio, raffinosio e altri oligosaccaridi. Oltre allo zucchero e all'acqua, la melata contiene anche aminoacidi essenziali, minerali, oligoelementi, adenosine, fosfati e altri ingredienti come le vitamine.<\/p>\n<p><strong>Utilizzare:<\/strong><br \/>\nPer le specie di formiche mangiatrici di miele (Meliphagidae)<br \/>\nSi tratta di un mangime supplementare<br \/>\nPu\u00f2 essere offerto agli animali cos\u00ec come viene fornito. Poich\u00e9 la concentrazione di zucchero viene ridotta dall'umidit\u00e0 e inizia un processo di fermentazione, il mangime deve essere sostituito ogni 3 giorni. Pulire accuratamente la ciotola o la provetta prima di riutilizzarla.<br \/>\nUna volta aperta, la confezione deve essere conservata ben chiusa fino alla data di scadenza.<\/p>\n<p><strong>Informazioni nutrizionali per 100 g:<\/strong><br \/>\ncirca 2,7 grassi %<br \/>\ndi cui saturi circa 0,45 %<br \/>\ncirca 95 carboidrati %<br \/>\ndi cui zucchero circa 71<br \/>\ncirca 2,85% di proteine<\/p>\n<p>Minerali (potassio, calcio, rame, ferro, sodio, magnesio, fosforo, zinco e altri oligoelementi) Aminoacidi (prolina, leucina, fenilalanina, alanina, istidina, isoleucina, acido glutammico, arginina, acido aspartico, ecc.) Acidi organici Enzimi (fermenti) Aromi Inibitori (sostanze antibatteriche) Fiori Polline<\/p>\n<p><strong>Stoccaggio:<\/strong><br \/>\nPer garantire la qualit\u00e0 del mangime, \u00e8 necessario conservarlo in un luogo buio e asciutto.<\/p>\n<p><strong>Nota:<\/strong><br \/>\nMangime complementare per formiche mangiatrici di miele.<br \/>\nPer la composizione, gli ingredienti analitici, la data di scadenza e il numero di lotto, consultare il foglietto illustrativo.<\/p>\n<p>Numero verde per informazioni +49 30 439703870<\/p>\n<p><strong>Ispettorato veterinario e alimentare responsabile:<\/strong><br \/>\nUfficio veterinario Steglitz<br \/>\nVia K\u00f6nigin-Luise 92<br \/>\n14195 Berlino<\/p>","protected":false},"excerpt":{"rendered":"<p>Il set \u00e8 composto da 35 pezzi<\/p>","protected":false},"featured_media":8855,"comment_status":"open","ping_status":"closed","template":"","meta":{"_acf_changed":false,"content-type":"","_monsterinsights_skip_tracking":false,"_monsterinsights_sitenote_active":false,"_monsterinsights_sitenote_note":"","_monsterinsights_sitenote_category":0},"product_brand":[],"product_cat":[355,73],"product_tag":[],"class_list":{"0":"post-8853","1":"product","2":"type-product","3":"status-publish","4":"has-post-thumbnail","6":"product_cat-bundle-offers","7":"product_cat-starter-sets","8":"product_shipping_class-germany-only","10":"first","11":"outofstock","12":"taxable","13":"shipping-taxable","14":"purchasable","15":"product-type-simple"},"acf":[],"aioseo_notices":[],"jetpack_sharing_enabled":true,"_links":{"self":[{"href":"https:\/\/antcube.shop\/it\/wp-json\/wp\/v2\/product\/8853","targetHints":{"allow":["GET"]}}],"collection":[{"href":"https:\/\/antcube.shop\/it\/wp-json\/wp\/v2\/product"}],"about":[{"href":"https:\/\/antcube.shop\/it\/wp-json\/wp\/v2\/types\/product"}],"replies":[{"embeddable":true,"href":"https:\/\/antcube.shop\/it\/wp-json\/wp\/v2\/comments?post=8853"}],"wp:featuredmedia":[{"embeddable":true,"href":"https:\/\/antcube.shop\/it\/wp-json\/wp\/v2\/media\/8855"}],"wp:attachment":[{"href":"https:\/\/antcube.shop\/it\/wp-json\/wp\/v2\/media?parent=8853"}],"wp:term":[{"taxonomy":"product_brand","embeddable":true,"href":"https:\/\/antcube.shop\/it\/wp-json\/wp\/v2\/product_brand?post=8853"},{"taxonomy":"product_cat","embeddable":true,"href":"https:\/\/antcube.shop\/it\/wp-json\/wp\/v2\/product_cat?post=8853"},{"taxonomy":"product_tag","embeddable":true,"href":"https:\/\/antcube.shop\/it\/wp-json\/wp\/v2\/product_tag?post=8853"}],"curies":[{"name":"wp","href":"https:\/\/api.w.org\/{rel}","templated":true}]}}