{"id":8718,"date":"2024-07-22T15:43:52","date_gmt":"2024-07-22T13:43:52","guid":{"rendered":"https:\/\/antcube.shop\/product\/bonsai-tree-deko\/"},"modified":"2026-01-20T18:00:36","modified_gmt":"2026-01-20T17:00:36","slug":"bonsai-deko","status":"publish","type":"product","link":"https:\/\/antcube.shop\/it\/prodotto\/bonsai-deko\/","title":{"rendered":"Albero bonsai"},"content":{"rendered":"<p>Dimensioni \/ altezza da 20 cm a 28 cm<br \/>\nDiametro ~ 10 cm -20 cm, ideale per arene 30x30x30 cm e oltre.<br \/>\nIl peso varia da 250 a 400 grammi<\/p>\n<p>Il nostro albero bonsai \u00e8 una decorazione ideale per il vostro formicarium. Pu\u00f2 essere utilizzato sia come pianta libera in un fromicarium sia in vivarium piantati naturalmente. Poich\u00e9 le formiche possono nascondersi sotto o dentro il bonsai, vi consigliamo di utilizzarlo solo quando la vostra colonia di formiche si \u00e8 gi\u00e0 trasferita nel suo nido. In caso contrario, le formiche potrebbero preferirlo come sito di nidificazione e voi perdereste di vista il nido.<\/p>\n<p><strong>ATTENZIONE:<\/strong> Non collocare in formicai molto umidi (oltre 60% di umidit\u00e0). Il bonsai potrebbe iniziare ad ammuffire. Con un'ottima ventilazione, il bonsai pu\u00f2 essere collocato anche in formicai pi\u00f9 umidi.<\/p>\n<p><span data-text-color=\"alert\"><strong>NOTA IMPORTANTE SULL'ARTICOLO:<\/strong><\/span><br \/>\nTrattandosi di un prodotto naturale\/unico, le immagini qui riportate non sono del tutto identiche all'articolo che riceverete. Ci saranno variazioni nelle dimensioni, nella forma e nel colore del mini albero e della base in ardesia di cava. Garantiamo solo l'altezza massima dell'articolo.<\/p>\n<p>Ordinando questo articolo, l'utente accetta e acconsente alle possibili variazioni del prodotto nelle dimensioni, nella forma e nel colore al momento dell'acquisto.<\/p>","protected":false},"excerpt":{"rendered":"<p>Dimensioni: 20-28 cm di altezza<\/p>","protected":false},"featured_media":8721,"comment_status":"open","ping_status":"closed","template":"","meta":{"_acf_changed":false,"content-type":"","_monsterinsights_skip_tracking":false,"_monsterinsights_sitenote_active":false,"_monsterinsights_sitenote_note":"","_monsterinsights_sitenote_category":0},"product_brand":[],"product_cat":[95,98],"product_tag":[],"class_list":{"0":"post-8718","1":"product","2":"type-product","3":"status-publish","4":"has-post-thumbnail","6":"product_cat-accessories-for-ants","7":"product_cat-decoration","9":"first","10":"outofstock","11":"taxable","12":"shipping-taxable","13":"purchasable","14":"product-type-simple"},"acf":[],"aioseo_notices":[],"jetpack_sharing_enabled":true,"_links":{"self":[{"href":"https:\/\/antcube.shop\/it\/wp-json\/wp\/v2\/product\/8718","targetHints":{"allow":["GET"]}}],"collection":[{"href":"https:\/\/antcube.shop\/it\/wp-json\/wp\/v2\/product"}],"about":[{"href":"https:\/\/antcube.shop\/it\/wp-json\/wp\/v2\/types\/product"}],"replies":[{"embeddable":true,"href":"https:\/\/antcube.shop\/it\/wp-json\/wp\/v2\/comments?post=8718"}],"wp:featuredmedia":[{"embeddable":true,"href":"https:\/\/antcube.shop\/it\/wp-json\/wp\/v2\/media\/8721"}],"wp:attachment":[{"href":"https:\/\/antcube.shop\/it\/wp-json\/wp\/v2\/media?parent=8718"}],"wp:term":[{"taxonomy":"product_brand","embeddable":true,"href":"https:\/\/antcube.shop\/it\/wp-json\/wp\/v2\/product_brand?post=8718"},{"taxonomy":"product_cat","embeddable":true,"href":"https:\/\/antcube.shop\/it\/wp-json\/wp\/v2\/product_cat?post=8718"},{"taxonomy":"product_tag","embeddable":true,"href":"https:\/\/antcube.shop\/it\/wp-json\/wp\/v2\/product_tag?post=8718"}],"curies":[{"name":"wp","href":"https:\/\/api.w.org\/{rel}","templated":true}]}}