{"id":8717,"date":"2024-07-22T15:37:55","date_gmt":"2024-07-22T13:37:55","guid":{"rendered":"https:\/\/antcube.shop\/product\/bundle-offer-harpegnathos-venator\/"},"modified":"2026-03-04T16:55:50","modified_gmt":"2026-03-04T15:55:50","slug":"offerta-bundle-harpegnathos-venator","status":"publish","type":"product","link":"https:\/\/antcube.shop\/it\/prodotto\/offerta-bundle-harpegnathos-venator\/","title":{"rendered":"Offerta pacchetto - Harpegnathos venator"},"content":{"rendered":"<p><span data-text-color=\"secondary\"><strong>Offerta pacchetto comprendente una colonia di formiche Harpegnathos venator (regina con 11-25 operaie + covata)<\/strong><\/span><\/p>\n<p><span data-text-color=\"alert\"><strong>Solo fino a esaurimento scorte. <\/strong><\/span><\/p>\n<p><span data-text-color=\"alert\"><strong>Spedizione possibile solo tramite GO! all'interno della Germania.<\/strong><\/span><\/p>\n<p>1x Harpegnathos venator regina + 11-25 operaie + covata<\/p>\n<p>1x Nido Ytong - 40\u00d720 con arena<br \/>\n1x vasca in vetro 40\u00d720<br \/>\n1x cuscinetto per formicaio - 40x20cm<br \/>\n1x piastra di copertura rossa 20\u00d720 - orizzontale<\/p>\n<p>1x Argilla colorata - beige - 100ml<br \/>\n1x substrato - foresta pluviale - 1kg<br \/>\n1x Formicarium granuli 200 ml - nero<br \/>\n1x pannello posteriore per foto - foresta pluviale - 20\u00d710<\/p>\n<p>2x Grid insert acrylic &#8211; 50 mm with sealing ring<br \/>\n1x Grid insert acrylic &#8211; 27 mm with sealing ring<\/p>\n<p>1x Marmellata di grilli 25g<br \/>\n1x Miscela di meloni (HT) - confezione di ricarica da 10 ml<\/p>\n<p>1x drinking clear 5ml &#8211; sponge<br \/>\n1x Feeding dish white rectangle &#8211; 3 compartments<br \/>\n1x Drinking trough 2ml &#8211; 360 Degrees<\/p>\n<p>1x Foil thermometer Display<\/p>\n<p>1x Olio protettivo per formiche 10ml<br \/>\n1x Pinzette in acciaio per molle - larghe - morbide<br \/>\n1x Pinzetta in plastica trasparente<br \/>\n1x pipetta di plastica 3ml<br \/>\n1x lente d'ingrandimento manuale - 2x - 30mm<br \/>\n1x tergicristallo in schiuma 150x18x2,5mm<\/p>\n<p><strong>Specie di formica Harpegnathos venator:<\/strong><br \/>\nL'Harpegnathos venator \u00e8 una specie di formica molto bella e molto grande originaria del sud-est asiatico. Sono attive soprattutto di notte, ma anche di giorno a causa dell'intensit\u00e0 luminosa solitamente pi\u00f9 bassa in casa. Questa specie di formica pu\u00f2 saltare per circa 8-10 cm, cammina all'indietro e ha un'ottima vista. Di profilo, le mandibole hanno la forma di un dente a sciabola. Durante la caccia mostrano un comportamento interessante, agitando il gastero prima di attaccare.<\/p>\n<p>\u00c8 possibile nutrirli con una soluzione di zucchero e miele, miele e cibo proteico o, preferibilmente, piccoli insetti vivi come grilli e moscerini della frutta. L'Harpegnathos venator ha un comportamento di caccia molto accentuato e quindi accetta molto meglio il cibo vivo.<\/p>\n<p>L'umidit\u00e0 e la temperatura dell'arena devono essere aumentate al massimo di poco, ma il nido deve essere sempre umido. Gli animali preferiscono zone del nido diversamente umide.<\/p>\n<p>Le camere e i passaggi prefabbricati possono essere utilizzati direttamente dalla colonia. Il nido Ytong pu\u00f2 essere facilmente inumidito utilizzando il vassoio in dotazione. \u00c8 sufficiente versare un po' d'acqua nel vassoio e attendere che la pietra Ytong assorba l'acqua da sola.<\/p>\n<p><strong>Informazioni sul nido Ytong con arena:<\/strong><br \/>\nContiene:<br \/>\nMateriale: cemento cellulare, vetro, plastica PMMA e PVC<\/p>\n<p><strong>Connessione:<\/strong> 1 apertura da 14 mm; 1 apertura da 27 mm<\/p>\n<p><strong>Contenuti:<\/strong><br \/>\n1x blocco di cemento aerato 40x20x5 cm con camere profonde 20mm.<br \/>\n1x lastra di vetro 40\u00d720 cm con un'apertura di 50 mm e un'arena 20\u00d720 cm<br \/>\n1x formica arena telaio 20\u00d720<br \/>\n1x copertura dell'arena delle formiche 20\u00d720<br \/>\n1x anello da 50mm con apertura da 27mm<br \/>\n1x tappo di formicaio 13mm<br \/>\n2x tappi per formicaio 27mm<br \/>\n2x tappi per formicaio da 50 mm<\/p>\n<p>Grazie alle sue propriet\u00e0 di trattenere l'acqua, questo materiale \u00e8 particolarmente indicato per il mantenimento delle formiche. Pu\u00f2 essere utilizzato per mantenere un gran numero di specie che nidificano in terra, sia in ambienti secchi che umidi. A seconda della specie di formica, \u00e8 consigliabile ricoprire il fondo delle camere con vernice argillosa e substrato di terra. Alcune specie si sentono pi\u00f9 a loro agio in questo modo e le Ponerinae, ad esempio, hanno bisogno di terra per consentire alle loro larve di impuparsi correttamente. Poich\u00e9 questo nido contiene gi\u00e0 un'arena, pu\u00f2 essere utilizzato come sistema completo di formicaio.<\/p>\n<p><strong>Nota:<\/strong><br \/>\nPer evitare che l'acqua fuoriesca dall'Ytong dopo aver inumidito l'area del nido e si accumuli sulla superficie dei mobili sottostanti, o che il materiale ruvido graffi le superfici, consigliamo uno dei nostri vassoi di vetro coordinati per i nidi Ytong. Questi sono impermeabili e proteggono efficacemente le superfici sottostanti dall'acqua e dai graffi.<\/p>\n<p><strong>Utilizzare:<\/strong><br \/>\nPer le specie di formiche di dimensioni M - L<br \/>\nIl calcestruzzo cellulare \u00e8 un materiale molto fragile e friabile. \u00c8 quindi impossibile evitare che gli angoli e i bordi si rompano e diventino leggermente irregolari durante la produzione. Per questo motivo, i nidi Ytong non sono adatti alle specie di formiche molto piccole, di taglia S, che potrebbero facilmente staccarsi.<\/p>\n<p><span data-text-color=\"alert\"><strong>Importante:<\/strong><\/span> Inumidire il substrato prima dell'uso, in modo che la miscela possa legarsi e fare presa sul formicaio. Se il substrato \u00e8 troppo secco e polveroso, pu\u00f2 bloccare le vie respiratorie delle formiche e, nel peggiore dei casi, causarne il soffocamento.<\/p>\n<p><strong>Raccomandazione:<\/strong> Raccomandiamo uno strato di substrato di 2 mm di altezza, in modo che gli animali non possano scavare nell'arena e utilizzino invece la fattoria fornita a questo scopo. Raccomandiamo anche che il materiale di nidificazione nella fattoria (sabbia\/argilla, Digfix, ecc.) sia leggermente perforato in un punto per facilitare lo scavo agli animali.<\/p>\n<p><strong>Note sulla produzione<\/strong><br \/>\nIl vetro viene tagliato a misura secondo la norma DIN 1249 con una tolleranza di +\/- 1 mm. Per le specie di formiche estremamente piccole \u00e8 indispensabile un'ulteriore protezione antisfondamento.<\/p>\n<p><strong>Nota La vernice di argilla:<\/strong><\/p>\n<p><strong>Descrizione:<\/strong> Questa miscela \u00e8 atossica e relativamente resistente all'acqua su intonaco e calcestruzzo, ma \u00e8 altrimenti solubile in acqua.<\/p>\n<p><strong>Istruzioni per l'uso:<\/strong><br \/>\nQuesta miscela \u00e8 pronta all'uso e pu\u00f2 essere applicata immediatamente a pennello su intonaco o calcestruzzo cellulare.<br \/>\n100 ml sono sufficienti per circa 1\/4m\u00b2 di calcestruzzo cellulare o 1\/2m\u00b2 di intonaco.<br \/>\nQuando \u00e8 bagnata, la superficie pu\u00f2 essere cosparsa di sabbia, ad esempio, per ottenere un aspetto ancora pi\u00f9 naturale.<\/p>","protected":false},"excerpt":{"rendered":"<p>Connessione: 1x14mm 1x27mm<br \/>\nDimensioni: <strong><span style=\"color: #339966;\">M<\/span><\/strong><strong> &#8211; <span style=\"color: #0000ff;\">L<\/span><\/strong><\/p>","protected":false},"featured_media":8720,"comment_status":"open","ping_status":"closed","template":"","meta":{"_acf_changed":false,"content-type":"","_monsterinsights_skip_tracking":false,"_monsterinsights_sitenote_active":false,"_monsterinsights_sitenote_note":"","_monsterinsights_sitenote_category":0},"product_brand":[],"product_cat":[355,73],"product_tag":[],"class_list":{"0":"post-8717","1":"product","2":"type-product","3":"status-publish","4":"has-post-thumbnail","6":"product_cat-bundle-offers","7":"product_cat-starter-sets","8":"product_shipping_class-germany-only","10":"first","11":"outofstock","12":"taxable","13":"shipping-taxable","14":"purchasable","15":"product-type-simple"},"acf":[],"aioseo_notices":[],"jetpack_sharing_enabled":true,"_links":{"self":[{"href":"https:\/\/antcube.shop\/it\/wp-json\/wp\/v2\/product\/8717","targetHints":{"allow":["GET"]}}],"collection":[{"href":"https:\/\/antcube.shop\/it\/wp-json\/wp\/v2\/product"}],"about":[{"href":"https:\/\/antcube.shop\/it\/wp-json\/wp\/v2\/types\/product"}],"replies":[{"embeddable":true,"href":"https:\/\/antcube.shop\/it\/wp-json\/wp\/v2\/comments?post=8717"}],"wp:featuredmedia":[{"embeddable":true,"href":"https:\/\/antcube.shop\/it\/wp-json\/wp\/v2\/media\/8720"}],"wp:attachment":[{"href":"https:\/\/antcube.shop\/it\/wp-json\/wp\/v2\/media?parent=8717"}],"wp:term":[{"taxonomy":"product_brand","embeddable":true,"href":"https:\/\/antcube.shop\/it\/wp-json\/wp\/v2\/product_brand?post=8717"},{"taxonomy":"product_cat","embeddable":true,"href":"https:\/\/antcube.shop\/it\/wp-json\/wp\/v2\/product_cat?post=8717"},{"taxonomy":"product_tag","embeddable":true,"href":"https:\/\/antcube.shop\/it\/wp-json\/wp\/v2\/product_tag?post=8717"}],"curies":[{"name":"wp","href":"https:\/\/api.w.org\/{rel}","templated":true}]}}