{"id":8518,"date":"2024-06-10T10:41:37","date_gmt":"2024-06-10T08:41:37","guid":{"rendered":"https:\/\/antcube.shop\/product\/poster\/"},"modified":"2025-09-30T10:22:23","modified_gmt":"2025-09-30T08:22:23","slug":"anatomia-del-poster","status":"publish","type":"product","link":"https:\/\/antcube.shop\/it\/prodotto\/anatomia-del-poster\/","title":{"rendered":"Poster Anatomia"},"content":{"rendered":"<p>Poster di qualit\u00e0 museale realizzati su carta opaca spessa. Aggiungete un meraviglioso accento alla vostra stanza e al vostro ufficio con questi poster che sono sicuri di illuminare qualsiasi ambiente.<\/p>\n<p>- Spessore carta: 10,3 mil<br \/>\n- Peso della carta: 189 g\/m\u00b2<br \/>\n- Opacit\u00e0: 94%<br \/>\n- Luminosit\u00e0 ISO: 104%<br \/>\n- La carta proviene dal Giappone<\/p>\n<p>Questo prodotto viene realizzato appositamente per voi non appena effettuate l'ordine, per questo ci vuole un po' pi\u00f9 di tempo per consegnarvelo. La produzione di prodotti su richiesta invece che all'ingrosso aiuta a ridurre la sovrapproduzione, quindi vi ringraziamo per le vostre scelte di acquisto ponderate!<\/p>","protected":false},"excerpt":{"rendered":"<p>Poster di qualit\u00e0 museale realizzati su carta opaca spessa. Aggiungete un meraviglioso accento alla vostra stanza e al vostro ufficio con questi poster che sono sicuri di illuminare qualsiasi ambiente. - Spessore della carta: 10,3 mil - Peso della carta: 189 g\/m\u00b2 - Opacit\u00e0: 94% - Luminosit\u00e0 ISO: 104% - La carta proviene dal Giappone Questo prodotto \u00e8 stato realizzato appositamente per","protected":false},"featured_media":8523,"comment_status":"open","ping_status":"closed","template":"","meta":{"_acf_changed":false,"content-type":"","_monsterinsights_skip_tracking":false,"_monsterinsights_sitenote_active":false,"_monsterinsights_sitenote_note":"","_monsterinsights_sitenote_category":0},"product_brand":[],"product_cat":[245],"product_tag":[],"class_list":{"0":"post-8518","1":"product","2":"type-product","3":"status-publish","4":"has-post-thumbnail","6":"product_cat-merchandise","8":"first","9":"instock","10":"taxable","11":"shipping-taxable","12":"purchasable","13":"product-type-variable"},"acf":[],"aioseo_notices":[],"jetpack_sharing_enabled":true,"_links":{"self":[{"href":"https:\/\/antcube.shop\/it\/wp-json\/wp\/v2\/product\/8518","targetHints":{"allow":["GET"]}}],"collection":[{"href":"https:\/\/antcube.shop\/it\/wp-json\/wp\/v2\/product"}],"about":[{"href":"https:\/\/antcube.shop\/it\/wp-json\/wp\/v2\/types\/product"}],"replies":[{"embeddable":true,"href":"https:\/\/antcube.shop\/it\/wp-json\/wp\/v2\/comments?post=8518"}],"wp:featuredmedia":[{"embeddable":true,"href":"https:\/\/antcube.shop\/it\/wp-json\/wp\/v2\/media\/8523"}],"wp:attachment":[{"href":"https:\/\/antcube.shop\/it\/wp-json\/wp\/v2\/media?parent=8518"}],"wp:term":[{"taxonomy":"product_brand","embeddable":true,"href":"https:\/\/antcube.shop\/it\/wp-json\/wp\/v2\/product_brand?post=8518"},{"taxonomy":"product_cat","embeddable":true,"href":"https:\/\/antcube.shop\/it\/wp-json\/wp\/v2\/product_cat?post=8518"},{"taxonomy":"product_tag","embeddable":true,"href":"https:\/\/antcube.shop\/it\/wp-json\/wp\/v2\/product_tag?post=8518"}],"curies":[{"name":"wp","href":"https:\/\/api.w.org\/{rel}","templated":true}]}}