{"id":6736,"date":"2023-12-12T15:03:19","date_gmt":"2023-12-12T14:03:19","guid":{"rendered":"https:\/\/antcube.shop\/product\/antcube-arena-30x30x60-mit-schiebetur\/"},"modified":"2026-03-17T08:11:00","modified_gmt":"2026-03-17T07:11:00","slug":"antcube-arena-30x30x60-con-porta-scorrevole","status":"publish","type":"product","link":"https:\/\/antcube.shop\/it\/prodotto\/antcube-arena-30x30x60-con-porta-scorrevole\/","title":{"rendered":"ANTCUBE Arena 30x30x60 con porta scorrevole"},"content":{"rendered":"<p><span data-text-color=\"alert\"><strong>Spedizione possibile solo tramite spedizione su paletta.<\/strong><\/span><\/p>\n<p>ANTCUBE Arena 30x30x60 cm con porta scorrevole e 2 fori da 50 mm.<\/p>\n<p><strong>Dimensioni:<\/strong> 300 x 300 x 600 mm; spessore del vetro 4 mm.<br \/>\n<strong>Materiale:<\/strong> vetro float<br \/>\n<strong>Connessione:<\/strong> 2x foro 50 mm<\/p>\n<p><strong>Apertura frontale (porta scorrevole):<\/strong> 150\u00d7200 mm<\/p>\n<p><strong>Descrizione:<\/strong> Il nostro ANTCUBE Arena 30x30x60 con porta scorrevole \u00e8 stato progettato per lavorare comodamente anche in formicari completi. Sono particolarmente utili come formicaio per le formiche tessitrici (Polyrhachis e Oeacophylla), poich\u00e9 amano accumularsi in alto o hanno bisogno di una pianta ospite. Nelle nostre normali arene 30x30x60 pu\u00f2 essere difficile rimuovere, ad esempio, i rifiuti degli animali sul fondo del formicaio. In questa vasca appositamente adattata questo non \u00e8 pi\u00f9 un problema. Anche per le vasche di alimentazione delle formiche tagliafoglie Acromyrmex o Atta la porta scorrevole \u00e8 molto pratica, perch\u00e9 i resti vegetali e altri rifiuti possono essere smaltiti comodamente. Inoltre, il telaio della porta scorrevole disponibile separatamente (art. 1005648) pu\u00f2 essere utilizzato per evitare che gli animali scappino durante il lavoro. Per l'apertura superiore regolare, sono disponibili separatamente anche il telaio di protezione antisfondamento 30\u00d730 e la copertura dell'arena 30\u00d730.<\/p>\n<p><strong>Nota:<\/strong> Il vetro \u00e8 tagliato secondo la norma DIN 1249 con una tolleranza di +\/- 1mm. Per le specie di formiche estremamente piccole, \u00e8 essenziale una protezione supplementare contro lo sfondamento.<\/p>","protected":false},"excerpt":{"rendered":"<p><strong>Connessione:<\/strong> 2x foro 50 mm<\/p>","protected":false},"featured_media":6727,"comment_status":"open","ping_status":"closed","template":"","meta":{"_acf_changed":false,"content-type":"","_monsterinsights_skip_tracking":false,"_monsterinsights_sitenote_active":false,"_monsterinsights_sitenote_note":"","_monsterinsights_sitenote_category":0},"product_brand":[],"product_cat":[85,86],"product_tag":[],"class_list":{"0":"post-6736","1":"product","2":"type-product","3":"status-publish","4":"has-post-thumbnail","6":"product_cat-ant-arenas","7":"product_cat-formicariums","8":"product_shipping_class-forwarding-on-pallet","10":"first","11":"instock","12":"taxable","13":"shipping-taxable","14":"purchasable","15":"product-type-simple"},"acf":[],"aioseo_notices":[],"jetpack_sharing_enabled":true,"_links":{"self":[{"href":"https:\/\/antcube.shop\/it\/wp-json\/wp\/v2\/product\/6736","targetHints":{"allow":["GET"]}}],"collection":[{"href":"https:\/\/antcube.shop\/it\/wp-json\/wp\/v2\/product"}],"about":[{"href":"https:\/\/antcube.shop\/it\/wp-json\/wp\/v2\/types\/product"}],"replies":[{"embeddable":true,"href":"https:\/\/antcube.shop\/it\/wp-json\/wp\/v2\/comments?post=6736"}],"wp:featuredmedia":[{"embeddable":true,"href":"https:\/\/antcube.shop\/it\/wp-json\/wp\/v2\/media\/6727"}],"wp:attachment":[{"href":"https:\/\/antcube.shop\/it\/wp-json\/wp\/v2\/media?parent=6736"}],"wp:term":[{"taxonomy":"product_brand","embeddable":true,"href":"https:\/\/antcube.shop\/it\/wp-json\/wp\/v2\/product_brand?post=6736"},{"taxonomy":"product_cat","embeddable":true,"href":"https:\/\/antcube.shop\/it\/wp-json\/wp\/v2\/product_cat?post=6736"},{"taxonomy":"product_tag","embeddable":true,"href":"https:\/\/antcube.shop\/it\/wp-json\/wp\/v2\/product_tag?post=6736"}],"curies":[{"name":"wp","href":"https:\/\/api.w.org\/{rel}","templated":true}]}}