{"id":6735,"date":"2023-12-12T15:03:13","date_gmt":"2023-12-12T14:03:13","guid":{"rendered":"https:\/\/antcube.shop\/product\/antcube-vivarium-30x30x60-tower\/"},"modified":"2026-03-31T12:05:11","modified_gmt":"2026-03-31T10:05:11","slug":"vivarium-plantcube-30x30x60-conservatorio","status":"publish","type":"product","link":"https:\/\/antcube.shop\/it\/prodotto\/vivarium-plantcube-30x30x60-conservatorio\/","title":{"rendered":"PLANTCUBE - Vivarium 30x30x60 Conservatorium"},"content":{"rendered":"<p><span data-text-color=\"alert\"><strong>La spedizione \u00e8 possibile solo via GO! all'interno della Germania o via palette all'interno dell'Europa (no isole).<\/strong><\/span><\/p>\n<p><strong>OTTENERE UN PEZZO DI NATURA PER LA VOSTRA CASA<\/strong><\/p>\n<p><strong>Contenuti:<\/strong><br \/>\n1x PLANTCUBE Vivarium 30x30x60 Conservatorio<br \/>\n2x tappi per foro da 10 mm<\/p>\n<p>Cubo di vetro 30x30x60cm con 2x fori laterali da 50mm e 2x fori laterali da 10mm<br \/>\nIl foro da 50 mm (punto centrale) si trova a 15 cm di altezza. Il bordo inferiore del foro si trova a ~12,5 cm.<\/p>\n<p><strong>Dimensioni:<\/strong> 300 x 300 x 600 mm; spessore del vetro 4 mm<\/p>\n<p><strong>Materiale:<\/strong> vetro float<\/p>\n<p><strong>Aperture laterali:<\/strong><br \/>\n2x foro 50 mm<br \/>\n2x foro 10 mm<\/p>\n<p>Con i nostri Vivari PLANTCUBE potete progettare la vostra opera d'arte vivente per il vostro salotto. In un PLANTCUBE si possono tenere anche piccoli animali, quindi non c'\u00e8 limite alla creativit\u00e0.<\/p>\n<p><strong>Personalizzate il PLANTCUBE in base alle vostre esigenze o a quelle delle vostre piante e dei vostri animali:<\/strong><br \/>\nI due fori da 10 mm sul lato, situati a 2 cm di altezza (al centro) dal fondo, servono a drenare l'acqua in eccesso. Ad esempio, \u00e8 possibile utilizzare il nostro tubo flessibile trasparente da 10\/06 mm per drenare l'acqua. I due fori da 50 mm possono essere chiusi tramite i tappi in dotazione o fungere da ventilazione aggiuntiva se dotati di inserti a griglia. Si possono anche collegare due allestimenti tramite un tubo acrilico. In questo modo, se si tengono animali all'interno del viverario, questi possono spostarsi liberamente da un allestimento all'altro.<\/p>\n<p><strong>Come trasformare il PLANTCUBE in un ecosistema bioattivo:<\/strong><br \/>\n<strong>Creare uno strato di drenaggio:<\/strong><br \/>\nPer sostenere le piante \u00e8 necessario creare uno strato drenante all'interno del viverario. Vi consigliamo di utilizzare 2-3 cm di granuli di argilla (4-8 mm) perch\u00e9 sono leggeri. Assicuratevi di lavarli sotto l'acqua corrente prima di inserirli per rimuovere la polvere.<\/p>\n<p>Per separare il drenaggio dal substrato, \u00e8 possibile posizionare un vello drenante sopra i granuli di argilla.<\/p>\n<p><strong>Quali piante e quale terreno utilizzare:<\/strong><br \/>\nTutto dipende dal tipo di \"ecosistema\" che si vuole creare. Se volete costruire un vivarium desertico o piuttosto secco, avrete bisogno di piante che prosperano in quel clima e di utilizzare il terriccio appropriato in cui amano crescere. Per i Vivarium tropicali vale naturalmente lo stesso discorso. Cercate di utilizzare piante provenienti da regioni e\/o climi simili, in modo che si trovino bene nello stesso tipo di terreno e clima. Un buon negozio di piante dovrebbe sempre avere informazioni sul clima e sul terreno adatto alle piante che vende.<\/p>\n<p><strong>Importante:<\/strong> Se si desidera tenere insieme piante e animali, non bisogna mai utilizzare piante che non si sa se siano entrate in contatto con fertilizzanti o pesticidi. Utilizzate solo piante provenienti da negozi di terrari o simili che garantiscano la totale assenza di pesticidi e fertilizzanti. Questi ultimi, infatti, possono causare la morte degli animali.<\/p>\n<p><strong>Introducete una \"squadra di pulizia\" per rendere il vostro Vivarium Bioattivo<\/strong><br \/>\n<strong>Che cos'\u00e8 la bioattivit\u00e0?<\/strong> Che cos'\u00e8 la bioattivit\u00e0? \u00c8 quanto di pi\u00f9 vicino a un allestimento autosufficiente. Si tratta di aggiungere la miscela di terriccio e materiale organico appropriata per la formazione della microflora e della microfauna necessaria per creare un ciclo nutritivo nel viverario.<\/p>\n<p>Il nostro consiglio: aggiungete sempre piccole creature come le code a molla e gli isopodi. Questi non sono solo una buona fonte di cibo \"infinita\", se volete tenere altri animali nel vostro vivarium. Si nutrono soprattutto delle muffe che si formano a causa dell'elevata umidit\u00e0 e arricchiscono il terreno di sostanze nutritive, che a loro volta permettono alle piante di crescere in modo sano.<\/p>\n<p>Aggiungete un po' di carbone nel terreno, che aiuta i microbi a colonizzarlo. Il muschio e la corteccia di sughero o il legno bianco marcio, oltre alla lettiera di foglie, non solo hanno un aspetto naturale nell'allestimento, ma nutrono anche la vostra \"squadra di pulizia\", le forniscono nascondigli e luoghi di riproduzione e sono facili da scomporre in sostanze nutritive per le vostre piante.<\/p>\n<p><strong>In natura tutto si basa sull'equilibrio<\/strong><br \/>\nTuttavia, non \u00e8 consigliabile utilizzare alcune specie di isopodi senza aggiungere nulla che li cacci, poich\u00e9 una popolazione di isopodi senza predatori come le formiche, ad esempio, ama sfuggire di mano e le piante del viverario diventano rapidamente una fonte di cibo indesiderata. In natura tutto si basa sull'equilibrio.<\/p>\n<p><strong>Ulteriori informazioni:<\/strong><br \/>\nIl vetro \u00e8 tagliato secondo la norma DIN 1249 con una tolleranza di +\/- 1mm. Per le specie di formiche estremamente piccole, \u00e8 essenziale una protezione supplementare contro lo sfondamento.<\/p>\n<div class=\"row\"  id=\"row-1764524138\">\n\n\t<div id=\"col-209174766\" class=\"col small-12 large-12\"  >\n\t\t\t\t<div class=\"col-inner\"  >\n\t\t\t\n\t\t\t\n\t<div id=\"text-1388582332\" class=\"text\">\n\t\t\n<h2>Di seguito sono riportati alcuni negozi che possiamo consigliare e ulteriori informazioni su come creare un PLANTCUBE unico e bioattivo:<\/h2>\n\t\t\n<style>\n#text-1388582332 {\n  font-size: 1rem;\n  text-align: center;\n}\n<\/style>\n\t<\/div>\n\t\n\t<div id=\"gap-73534754\" class=\"gap-element clearfix\" style=\"display:block; height:auto;\">\n\t\t\n<style>\n#gap-73534754 {\n  padding-top: 40px;\n}\n<\/style>\n\t<\/div>\n\t\n\t\t<\/div>\n\t\t\t\t\n<style>\n#col-209174766 > .col-inner {\n  padding: 30px 0px 0px 0px;\n}\n<\/style>\n\t<\/div>\n\n\t\n\n\t<div id=\"col-725166011\" class=\"col medium-6 small-12 large-6\"  >\n\t\t\t\t<div class=\"col-inner\"  >\n\t\t\t\n\t\t\t\n\n\t<section class=\"section\" id=\"section_1027012865\">\n\t\t<div class=\"section-bg fill\" >\n\t\t\t<img data-recalc-dims=\"1\" loading=\"lazy\" decoding=\"async\" width=\"1020\" height=\"574\" src=\"https:\/\/i0.wp.com\/antcube.shop\/wp-content\/uploads\/2024\/10\/2560x1440_youtube-Banner-2.png?resize=1020%2C574&#038;ssl=1\" class=\"bg attachment- size-\" alt=\"\" \/>\t\t\t\t\t\t\n\t\t\t\n\n\t\t<\/div>\n\n\t\t\n\n\t\t<div class=\"section-content relative\">\n\t\t\t\n<div class=\"row align-center\"  id=\"row-565196264\">\n\n\t<div id=\"col-1102256937\" class=\"col medium-10 small-12 large-10\"  >\n\t\t\t\t<div class=\"col-inner text-center\"  >\n\t\t\t\n\t\t\t\n<h2 class=\"uppercase\">Guida passo-passo sul nostro blog<\/h2>\n<a href=\"https:\/\/antcube.shop\/en\/2024\/10\/22\/how-to-create-your-bioactive-vivarium\/\" class=\"button primary\" >\n\t\t<span>BLOG<\/span>\n\t<\/a>\n\n\t\t<\/div>\n\t\t\t\t\n<style>\n#col-1102256937 > .col-inner {\n  margin: -150px 0px 0px 0px;\n}\n@media (min-width:550px) {\n  #col-1102256937 > .col-inner {\n    margin: -200px 0px 0px 0px;\n  }\n}\n<\/style>\n\t<\/div>\n\n\t\n<\/div>\n\t\t<\/div>\n\n\t\t\n<style>\n#section_1027012865 {\n  padding-top: 60px;\n  padding-bottom: 60px;\n  min-height: 300px;\n  background-color: rgb(255,255,255);\n}\n#section_1027012865 .section-bg img {\n  object-position: 50% 0%;\n}\n<\/style>\n\t<\/section>\n\t\n\t\t<\/div>\n\t\t\t\t\t<\/div>\n\n\t\n\n\t<div id=\"col-567162452\" class=\"col medium-6 small-12 large-6\"  >\n\t\t\t\t<div class=\"col-inner\"  >\n\t\t\t\n\t\t\t\n\n\t<section class=\"section\" id=\"section_831127547\">\n\t\t<div class=\"section-bg fill\" >\n\t\t\t<img data-recalc-dims=\"1\" loading=\"lazy\" decoding=\"async\" width=\"1020\" height=\"680\" src=\"https:\/\/i0.wp.com\/antcube.shop\/wp-content\/uploads\/2024\/10\/Collage_FULL-HD_-2-scaled.jpg?resize=1020%2C680&#038;ssl=1\" class=\"bg attachment-original size-original\" alt=\"\" \/>\t\t\t\t\t\t\n\t\t\t\n\n\t\t<\/div>\n\n\t\t\n\n\t\t<div class=\"section-content relative\">\n\t\t\t\n<div class=\"row align-center\"  id=\"row-1319737013\">\n\n\t<div id=\"col-1138895113\" class=\"col medium-10 small-12 large-10\"  >\n\t\t\t\t<div class=\"col-inner text-center\"  >\n\t\t\t\n\t\t\t\n<h2 class=\"uppercase\">Ulteriori informazioni su plantcube<\/h2>\n<a href=\"https:\/\/antcube.shop\/en\/plantcube\/\" class=\"button primary\" >\n\t\t<span>cubo di piante<\/span>\n\t<\/a>\n\n\t\t<\/div>\n\t\t\t\t\n<style>\n#col-1138895113 > .col-inner {\n  margin: -150px 0px 0px 0px;\n}\n@media (min-width:550px) {\n  #col-1138895113 > .col-inner {\n    margin: -200px 0px 0px 0px;\n  }\n}\n<\/style>\n\t<\/div>\n\n\t\n<\/div>\n\t\t<\/div>\n\n\t\t\n<style>\n#section_831127547 {\n  padding-top: 60px;\n  padding-bottom: 60px;\n  min-height: 300px;\n}\n#section_831127547 .section-bg img {\n  object-position: 51% 0%;\n}\n<\/style>\n\t<\/section>\n\t\n\t\t<\/div>\n\t\t\t\t\t<\/div>\n\n\t\n<\/div>","protected":false},"excerpt":{"rendered":"<p><b>Solo vasca in vetro<\/b><\/p>","protected":false},"featured_media":9898,"comment_status":"open","ping_status":"closed","template":"","meta":{"_acf_changed":false,"content-type":"","_monsterinsights_skip_tracking":false,"_monsterinsights_sitenote_active":false,"_monsterinsights_sitenote_note":"","_monsterinsights_sitenote_category":0},"product_brand":[],"product_cat":[341],"product_tag":[],"class_list":{"0":"post-6735","1":"product","2":"type-product","3":"status-publish","4":"has-post-thumbnail","6":"product_cat-vivariums","8":"first","9":"instock","10":"taxable","11":"shipping-taxable","12":"purchasable","13":"product-type-simple"},"acf":[],"aioseo_notices":[],"jetpack_sharing_enabled":true,"_links":{"self":[{"href":"https:\/\/antcube.shop\/it\/wp-json\/wp\/v2\/product\/6735","targetHints":{"allow":["GET"]}}],"collection":[{"href":"https:\/\/antcube.shop\/it\/wp-json\/wp\/v2\/product"}],"about":[{"href":"https:\/\/antcube.shop\/it\/wp-json\/wp\/v2\/types\/product"}],"replies":[{"embeddable":true,"href":"https:\/\/antcube.shop\/it\/wp-json\/wp\/v2\/comments?post=6735"}],"wp:featuredmedia":[{"embeddable":true,"href":"https:\/\/antcube.shop\/it\/wp-json\/wp\/v2\/media\/9898"}],"wp:attachment":[{"href":"https:\/\/antcube.shop\/it\/wp-json\/wp\/v2\/media?parent=6735"}],"wp:term":[{"taxonomy":"product_brand","embeddable":true,"href":"https:\/\/antcube.shop\/it\/wp-json\/wp\/v2\/product_brand?post=6735"},{"taxonomy":"product_cat","embeddable":true,"href":"https:\/\/antcube.shop\/it\/wp-json\/wp\/v2\/product_cat?post=6735"},{"taxonomy":"product_tag","embeddable":true,"href":"https:\/\/antcube.shop\/it\/wp-json\/wp\/v2\/product_tag?post=6735"}],"curies":[{"name":"wp","href":"https:\/\/api.w.org\/{rel}","templated":true}]}}