{"id":6668,"date":"2023-12-05T14:03:20","date_gmt":"2023-12-05T13:03:20","guid":{"rendered":"https:\/\/antcube.shop\/product\/arena-hochstand-20x20cm\/"},"modified":"2026-03-31T09:51:32","modified_gmt":"2026-03-31T07:51:32","slug":"supporto-alto-arena-20x20cm","status":"publish","type":"product","link":"https:\/\/antcube.shop\/it\/prodotto\/supporto-alto-arena-20x20cm\/","title":{"rendered":"Arena alta 20x20cm"},"content":{"rendered":"<div class=\"tab-body active\">\n<p><strong>Dimensioni:<\/strong> 20x20x10<\/p>\n<p><strong>Materiale: <\/strong>PMMA<\/p>\n<p><strong>Colore: <\/strong>cristallino, traslucido, trasparente<\/p>\n<p><strong>Contenuti:<\/strong><br \/>\n4x base di appoggio alta<br \/>\n2x fronte e retro con logo<br \/>\n2x parte laterale senza logo<\/p>\n<p><strong>Nota:<\/strong> Le parti sono fornite come un kit o un sistema a innesto. Non \u00e8 necessario alcun incollaggio.<\/p>\n<p><span data-text-color=\"alert\"><strong>ATTENZIONE:<\/strong><\/span> Assemblare le parti con attenzione, poich\u00e9 alcuni collegamenti sono delicati.<\/p>\n<p><strong>Descrizione:<\/strong> Il supporto alto per formicaio \u00e8 stato sviluppato per consentire di posizionare i formicai ANTCUBE a un'altezza corrispondente all'altezza di collegamento dei formicai. In questo modo \u00e8 possibile utilizzare un formicaio in modo molto pi\u00f9 economico con un pezzo di tubo pi\u00f9 corto come collegamento tra il formicaio e il formicaio. Inoltre, \u00e8 possibile utilizzare i nostri tubi per formicai in acrilico cristallino come collegamento senza dover lavorare con i gomiti.<\/p>\n<p><strong>Applicazione:<\/strong> per l'arena delle formiche con <strong>superficie del pavimento 20x20cm<\/strong><\/p>\n<\/div>","protected":false},"excerpt":{"rendered":"<p>Per formicaio con superficie di 20x20 cm<\/p>","protected":false},"featured_media":6586,"comment_status":"open","ping_status":"closed","template":"","meta":{"_acf_changed":false,"content-type":"","_monsterinsights_skip_tracking":false,"_monsterinsights_sitenote_active":false,"_monsterinsights_sitenote_note":"","_monsterinsights_sitenote_category":0},"product_brand":[],"product_cat":[119,239],"product_tag":[],"class_list":{"0":"post-6668","1":"product","2":"type-product","3":"status-publish","4":"has-post-thumbnail","6":"product_cat-formicarium-components","7":"product_cat-useful-additions","9":"first","10":"instock","11":"taxable","12":"shipping-taxable","13":"purchasable","14":"product-type-simple"},"acf":[],"aioseo_notices":[],"jetpack_sharing_enabled":true,"_links":{"self":[{"href":"https:\/\/antcube.shop\/it\/wp-json\/wp\/v2\/product\/6668","targetHints":{"allow":["GET"]}}],"collection":[{"href":"https:\/\/antcube.shop\/it\/wp-json\/wp\/v2\/product"}],"about":[{"href":"https:\/\/antcube.shop\/it\/wp-json\/wp\/v2\/types\/product"}],"replies":[{"embeddable":true,"href":"https:\/\/antcube.shop\/it\/wp-json\/wp\/v2\/comments?post=6668"}],"wp:featuredmedia":[{"embeddable":true,"href":"https:\/\/antcube.shop\/it\/wp-json\/wp\/v2\/media\/6586"}],"wp:attachment":[{"href":"https:\/\/antcube.shop\/it\/wp-json\/wp\/v2\/media?parent=6668"}],"wp:term":[{"taxonomy":"product_brand","embeddable":true,"href":"https:\/\/antcube.shop\/it\/wp-json\/wp\/v2\/product_brand?post=6668"},{"taxonomy":"product_cat","embeddable":true,"href":"https:\/\/antcube.shop\/it\/wp-json\/wp\/v2\/product_cat?post=6668"},{"taxonomy":"product_tag","embeddable":true,"href":"https:\/\/antcube.shop\/it\/wp-json\/wp\/v2\/product_tag?post=6668"}],"curies":[{"name":"wp","href":"https:\/\/api.w.org\/{rel}","templated":true}]}}