{"id":6581,"date":"2023-12-04T13:54:37","date_gmt":"2023-12-04T12:54:37","guid":{"rendered":"https:\/\/antcube.shop\/product\/humidity-control-ii-timer\/"},"modified":"2026-04-02T12:12:11","modified_gmt":"2026-04-02T10:12:11","slug":"controllo-dellumidita-ii-timer","status":"publish","type":"product","link":"https:\/\/antcube.shop\/it\/prodotto\/controllo-dellumidita-ii-timer\/","title":{"rendered":"Controllo dell'umidit\u00e0 II + Timer"},"content":{"rendered":"<p><strong>Descrizione:<\/strong> L'Humidity Control 2 \u00e8 un igrostato digitale che non lascia nulla a desiderare a un prezzo mai visto prima.<br \/>\nDispone di due circuiti che consentono di impostare in modo diverso il giorno e la notte. Nel dispositivo \u00e8 integrato un orologio in tempo reale, in modo che la commutazione tra giorno e notte avvenga in modo flessibile tramite l'ora. \u00c8 integrato anche un timer che consente di impostare due orari di accensione e spegnimento tramite l'orologio. L'intervallo di tempo minimo \u00e8 di un minuto.<br \/>\nAltre funzioni includono una funzione di allarme (visivo e acustico), la possibilit\u00e0 di passare dalla modalit\u00e0 umidificatore alla modalit\u00e0 deumidificatore, ad esempio per l'uso con i ventilatori, e la possibilit\u00e0 di influenzare la modalit\u00e0 di commutazione dell'igrostato. \u00c8 possibile definire la deviazione alla quale l'igrostato commuta. Ad esempio, \u00e8 possibile selezionare un valore di 15, vale a dire che l'umidificatore si accende solo quando l'umidit\u00e0 misurata \u00e8 15% inferiore al valore nominale. Questo pu\u00f2 essere utile per evitare che l'umidificatore si accenda e si spenga continuamente, dato che anche l'umidit\u00e0 \u00e8 soggetta a fluttuazioni.<br \/>\nI dispositivi sono collegati tramite attacchi Schuko. La capacit\u00e0 massima di commutazione \u00e8 di 1000 W. Il display visualizza costantemente l'umidit\u00e0 misurata. L'intervallo va da 1 a 99%.<\/p>\n<p>- Due circuiti per diverse impostazioni di umidit\u00e0 giorno e notte<br \/>\n- Orologio in tempo reale, le ore del giorno sono definite dall'ora<br \/>\n- Timer integrato<br \/>\n- Visualizzazione permanente dell'umidit\u00e0<br \/>\n- Il dispositivo pu\u00f2 essere commutato tra umidificazione e deumidificazione<br \/>\n- Funzione di allarme in caso di deviazione (regolabile tra 1% e 50% di umidit\u00e0 relativa)<br \/>\n- Sensore remoto preciso<br \/>\n- Prese con messa a terra<br \/>\n- Capacit\u00e0 di commutazione di max. 1000<\/p>","protected":false},"excerpt":{"rendered":"<p>Descrizione: L'Humidity Control 2 \u00e8 un igrostato digitale che non lascia nulla a desiderare a un prezzo mai visto prima. Dispone di due circuiti che consentono impostazioni diverse per il giorno e per la notte. Nel dispositivo \u00e8 integrato un orologio in tempo reale, in modo che la commutazione tra giorno e notte avvenga in modo flessibile attraverso l'ora. Un timer \u00e8","protected":false},"featured_media":6602,"comment_status":"open","ping_status":"closed","template":"","meta":{"_acf_changed":false,"content-type":"","_monsterinsights_skip_tracking":false,"_monsterinsights_sitenote_active":false,"_monsterinsights_sitenote_note":"","_monsterinsights_sitenote_category":0},"product_brand":[],"product_cat":[359,119],"product_tag":[],"class_list":{"0":"post-6581","1":"product","2":"type-product","3":"status-publish","4":"has-post-thumbnail","6":"product_cat-light-heat-humidity","7":"product_cat-formicarium-components","9":"first","10":"instock","11":"taxable","12":"shipping-taxable","13":"purchasable","14":"product-type-simple"},"acf":[],"aioseo_notices":[],"jetpack_sharing_enabled":true,"_links":{"self":[{"href":"https:\/\/antcube.shop\/it\/wp-json\/wp\/v2\/product\/6581","targetHints":{"allow":["GET"]}}],"collection":[{"href":"https:\/\/antcube.shop\/it\/wp-json\/wp\/v2\/product"}],"about":[{"href":"https:\/\/antcube.shop\/it\/wp-json\/wp\/v2\/types\/product"}],"replies":[{"embeddable":true,"href":"https:\/\/antcube.shop\/it\/wp-json\/wp\/v2\/comments?post=6581"}],"wp:featuredmedia":[{"embeddable":true,"href":"https:\/\/antcube.shop\/it\/wp-json\/wp\/v2\/media\/6602"}],"wp:attachment":[{"href":"https:\/\/antcube.shop\/it\/wp-json\/wp\/v2\/media?parent=6581"}],"wp:term":[{"taxonomy":"product_brand","embeddable":true,"href":"https:\/\/antcube.shop\/it\/wp-json\/wp\/v2\/product_brand?post=6581"},{"taxonomy":"product_cat","embeddable":true,"href":"https:\/\/antcube.shop\/it\/wp-json\/wp\/v2\/product_cat?post=6581"},{"taxonomy":"product_tag","embeddable":true,"href":"https:\/\/antcube.shop\/it\/wp-json\/wp\/v2\/product_tag?post=6581"}],"curies":[{"name":"wp","href":"https:\/\/api.w.org\/{rel}","templated":true}]}}