{"id":6576,"date":"2023-12-04T13:54:06","date_gmt":"2023-12-04T12:54:06","guid":{"rendered":"https:\/\/antcube.shop\/product\/ameisenarena-nebler-klein\/"},"modified":"2026-04-16T13:36:00","modified_gmt":"2026-04-16T11:36:00","slug":"nebulizzatore-ant-arena-piccolo","status":"publish","type":"product","link":"https:\/\/antcube.shop\/it\/prodotto\/nebulizzatore-ant-arena-piccolo\/","title":{"rendered":"Ant arena - nebulizzatore - piccolo"},"content":{"rendered":"<p><strong>Contenuti:<\/strong><br \/>\n- Fogger<br \/>\n- Tappo corrispondente con foro da 22 mm per il fissaggio del tubo al coperchio del formicaio<br \/>\n- Tubo flessibile estensibile<\/p>\n<p><strong>Materiale:<\/strong> plastica<\/p>\n<p><strong>Colore:<\/strong> nero\/bianco<\/p>\n<p><strong>Specifiche tecniche:<\/strong><br \/>\nTensione: 230V<br \/>\nPotenza: 15W (30ml\/h)<br \/>\nLunghezza del cavo: 1,40 m<br \/>\nCapacit\u00e0 del serbatoio dell'acqua: 360 ml<br \/>\nConnessione: Spina Euro<br \/>\nLunghezza del tubo flessibile: 60 cm -&gt; prolungabile<\/p>\n<p><strong>Descrizione:<\/strong><br \/>\nPer umidificare un formicaio, questo nebulizzatore pu\u00f2 essere inserito direttamente nel coperchio del formicaio.<br \/>\nIl piccolo nebulizzatore Ameisenarena \u00e8 progettato per l'umidificazione di piccoli terrari. In questo modello, la tecnologia \u00e8 stata resa molto pi\u00f9 semplice, il che consente un funzionamento molto pi\u00f9 semplice. L'acqua viene estratta per capillarit\u00e0 da una cartuccia di feltro. Questa pu\u00f2 essere sostituita con poche semplici operazioni, da effettuare regolarmente per motivi igienici. La nebbia prodotta viene indirizzata automaticamente attraverso il tubo grazie a un ingegnoso design dell'ugello, senza bisogno di una ventola aggiuntiva. Anche in questo caso si riduce notevolmente la possibilit\u00e0 di errori. La capacit\u00e0 di nebulizzazione \u00e8 di circa 30 ml\/h. Il serbatoio pu\u00f2 contenere un massimo di 360 ml. Il Super Fog Nano II pu\u00f2 essere controllato tramite un timer o un igrostato. Grazie al tubo flessibile mobile ed estensibile, il Super Fog Nano II pu\u00f2 essere adattato a qualsiasi terrario. Una novit\u00e0 \u00e8 che la membrana pu\u00f2 essere sostituita dall'utente finale con poche semplici operazioni. Tutte le altre parti sono disponibili come ricambi, rendendo il Super Fog Nano II un dispositivo sostenibile.<\/p>\n<p><strong>Hack:<\/strong><br \/>\nSe \u00e8 necessario un tubo pi\u00f9 lungo, il nostro tubo da 20\/16 mm (art. 1000107) pu\u00f2 essere collegato al nebulizzatore. Sono inoltre necessari i tappi per formicaio da 50 mm con foro da 20 mm (art. 1005033 + 20 mm). Si noti, tuttavia, che pi\u00f9 lungo \u00e8 il tubo, meno nebbia raggiunger\u00e0 il formicaio.<\/p>\n<p>&nbsp;<\/p>","protected":false},"excerpt":{"rendered":"<p>Contenuto: - Fogger - Tappo abbinato con foro per il fissaggio del tubo al coperchio del formicaio - Tubo flessibile estensibile Materiale: plastica Colore: bianco\/nero Specifiche tecniche: Tensione: 230V Potenza: 15W (30ml\/h) Lunghezza cavo: 1,40 m Capacit\u00e0 serbatoio acqua: 360ml Collegamento: Spina Euro Lunghezza tubo flessibile: 60 cm -&gt; allungabile Descrizione: Per umidificare una formica [...]","protected":false},"featured_media":6603,"comment_status":"open","ping_status":"closed","template":"","meta":{"_acf_changed":false,"content-type":"","_monsterinsights_skip_tracking":false,"_monsterinsights_sitenote_active":false,"_monsterinsights_sitenote_note":"","_monsterinsights_sitenote_category":0},"product_brand":[],"product_cat":[359,119],"product_tag":[],"class_list":{"0":"post-6576","1":"product","2":"type-product","3":"status-publish","4":"has-post-thumbnail","6":"product_cat-light-heat-humidity","7":"product_cat-formicarium-components","9":"first","10":"instock","11":"taxable","12":"shipping-taxable","13":"purchasable","14":"product-type-simple"},"acf":[],"aioseo_notices":[],"jetpack_sharing_enabled":true,"_links":{"self":[{"href":"https:\/\/antcube.shop\/it\/wp-json\/wp\/v2\/product\/6576","targetHints":{"allow":["GET"]}}],"collection":[{"href":"https:\/\/antcube.shop\/it\/wp-json\/wp\/v2\/product"}],"about":[{"href":"https:\/\/antcube.shop\/it\/wp-json\/wp\/v2\/types\/product"}],"replies":[{"embeddable":true,"href":"https:\/\/antcube.shop\/it\/wp-json\/wp\/v2\/comments?post=6576"}],"wp:featuredmedia":[{"embeddable":true,"href":"https:\/\/antcube.shop\/it\/wp-json\/wp\/v2\/media\/6603"}],"wp:attachment":[{"href":"https:\/\/antcube.shop\/it\/wp-json\/wp\/v2\/media?parent=6576"}],"wp:term":[{"taxonomy":"product_brand","embeddable":true,"href":"https:\/\/antcube.shop\/it\/wp-json\/wp\/v2\/product_brand?post=6576"},{"taxonomy":"product_cat","embeddable":true,"href":"https:\/\/antcube.shop\/it\/wp-json\/wp\/v2\/product_cat?post=6576"},{"taxonomy":"product_tag","embeddable":true,"href":"https:\/\/antcube.shop\/it\/wp-json\/wp\/v2\/product_tag?post=6576"}],"curies":[{"name":"wp","href":"https:\/\/api.w.org\/{rel}","templated":true}]}}