{"id":6569,"date":"2023-12-04T11:34:29","date_gmt":"2023-12-04T10:34:29","guid":{"rendered":"https:\/\/antcube.shop\/product\/ameisen-treppenhaus-20cm\/"},"modified":"2026-04-13T09:31:18","modified_gmt":"2026-04-13T07:31:18","slug":"scala-in-formica-20cm","status":"publish","type":"product","link":"https:\/\/antcube.shop\/it\/prodotto\/scala-in-formica-20cm\/","title":{"rendered":"Scala in formica 20cm"},"content":{"rendered":"<p><strong>Descrizione:<\/strong> La scala delle formiche viene utilizzata per colmare l'altezza dall'arena al formicaio.<\/p>\n<p><strong>Dimensioni:<\/strong> 5x5x20cm<\/p>\n<p><strong>Materiale: <\/strong>PMMA<\/p>\n<p><strong>Colore: <\/strong>cristallino, traslucido, trasparente<\/p>\n<p data-padding=\"5px\" data-line-height=\"s\"><strong>Contenuti:<\/strong><br \/>\n1x scala di formica 20cm<br \/>\n2x piastra in acrilico per il montaggio a parete opzionale<\/p>\n<p data-padding=\"5px\" data-line-height=\"s\">1x cuscinetto per scala in formica<\/p>\n<p><strong>Nota:<\/strong> I componenti sono forniti come prodotto completamente assemblato. Per fissare il supporto a parete, \u00e8 sufficiente allentare le viti acriliche in alto e in basso e rimuovere la base. Fissare nuovamente le due piastre acriliche con le viti 1 volta in alto e 1 volta in basso.<\/p>\n<p><strong>Connessione:<\/strong> 2x tubo 20\/16 mm (esterno) o tubo 14\/10 mm (interno) o 24\/20 (esterno 2\u00b0 stadio di collegamento)<\/p>\n<p><strong>Applicazione:<\/strong> per la misurazione dei formicai <strong>20x20cm o 40x20cm<\/strong><\/p>\n<p><span data-text-color=\"alert\"><strong>Importante per l'utilizzo di tubi acrilici:<\/strong><\/span><br \/>\nL'altezza non \u00e8 adatta al nostro <strong>dimensioni dei formicai XL.<\/strong><br \/>\nPer<strong> utilizzo con tubi acrilici<\/strong> (ad es. tubo di formica - cristallino 20mm - 1m cod. art. 1000320) al posto dei tubi flessibili, \u00e8 necessario un totale di<strong> 3x il \"Connettore per tubo cristallino per 20mm - I\"<\/strong> (n. art. 1005624). 1x per la presa del formicaio e 2x per le due prese delle scale. Inoltre, per i vecchi formicai (tutti acquistati prima del 12\/2023), \u00e8 necessario inserire nella presa del formicaio un \"anello di tenuta flessibile trasparente\" (art. 1001437). In caso contrario, il \"Raccordo per tubi trasparente per 20 mm - I\" (cod. art. 1005624) si posiziona troppo lasco sulla presa del formicaio. Inoltre, se un <strong>cuscinetto per formicaio <\/strong>per il formicaio o l'arena, \u00e8 necessario utilizzarne uno anche per la scala, poich\u00e9 altrimenti si verificher\u00e0 una leggera differenza di altezza tra la presa della scala e gli attacchi del formicaio e dell'arena.<\/p>","protected":false},"excerpt":{"rendered":"<p>Per formicai di dimensioni 20x20cm o 40x20cm<\/p>","protected":false},"featured_media":7570,"comment_status":"open","ping_status":"closed","template":"","meta":{"_acf_changed":false,"content-type":"","_monsterinsights_skip_tracking":false,"_monsterinsights_sitenote_active":false,"_monsterinsights_sitenote_note":"","_monsterinsights_sitenote_category":0},"product_brand":[],"product_cat":[345,119,121,120,239],"product_tag":[],"class_list":{"0":"post-6569","1":"product","2":"type-product","3":"status-publish","4":"has-post-thumbnail","6":"product_cat-pipe-connectors","7":"product_cat-formicarium-components","8":"product_cat-connectors","9":"product_cat-hoses","10":"product_cat-useful-additions","12":"first","13":"instock","14":"taxable","15":"shipping-taxable","16":"purchasable","17":"product-type-simple"},"acf":[],"aioseo_notices":[],"jetpack_sharing_enabled":true,"_links":{"self":[{"href":"https:\/\/antcube.shop\/it\/wp-json\/wp\/v2\/product\/6569","targetHints":{"allow":["GET"]}}],"collection":[{"href":"https:\/\/antcube.shop\/it\/wp-json\/wp\/v2\/product"}],"about":[{"href":"https:\/\/antcube.shop\/it\/wp-json\/wp\/v2\/types\/product"}],"replies":[{"embeddable":true,"href":"https:\/\/antcube.shop\/it\/wp-json\/wp\/v2\/comments?post=6569"}],"wp:featuredmedia":[{"embeddable":true,"href":"https:\/\/antcube.shop\/it\/wp-json\/wp\/v2\/media\/7570"}],"wp:attachment":[{"href":"https:\/\/antcube.shop\/it\/wp-json\/wp\/v2\/media?parent=6569"}],"wp:term":[{"taxonomy":"product_brand","embeddable":true,"href":"https:\/\/antcube.shop\/it\/wp-json\/wp\/v2\/product_brand?post=6569"},{"taxonomy":"product_cat","embeddable":true,"href":"https:\/\/antcube.shop\/it\/wp-json\/wp\/v2\/product_cat?post=6569"},{"taxonomy":"product_tag","embeddable":true,"href":"https:\/\/antcube.shop\/it\/wp-json\/wp\/v2\/product_tag?post=6569"}],"curies":[{"name":"wp","href":"https:\/\/api.w.org\/{rel}","templated":true}]}}