{"id":6562,"date":"2023-12-04T11:33:43","date_gmt":"2023-12-04T10:33:43","guid":{"rendered":"https:\/\/antcube.shop\/product\/bundle-offer-messor-structor\/"},"modified":"2026-03-04T17:11:29","modified_gmt":"2026-03-04T16:11:29","slug":"offerta-bundle-messor-structor","status":"publish","type":"product","link":"https:\/\/antcube.shop\/it\/prodotto\/offerta-bundle-messor-structor\/","title":{"rendered":"Offerta pacchetto - Messor structor"},"content":{"rendered":"<p><span data-text-color=\"secondary\"><strong>Offerta pacchetto comprendente una colonia di formiche Messor structor (regina con 11-25 operaie + covata), uno starter set Habitat Desert M con un secondo formicaio 20\u00d720 M, 3x cuscinetti per formicaio e un barattolo dei nostri speciali grilli interi scottati 10g (proteine umide).<\/strong><\/span><\/p>\n<p><span data-text-color=\"alert\"><strong>Solo fino a esaurimento scorte.<\/strong><\/span><\/p>\n<p><strong>Tutto ci\u00f2 che serve per una colonia di formiche Messor structor<\/strong><br \/>\nQuesto pacchetto contiene tutto ci\u00f2 che serve per portare avanti con successo una colonia di Messor barbarus nei primi mesi. \u00c8 espandibile in modo flessibile ed \u00e8 esplicitamente adatto ai principianti nell'allevamento di formiche.<\/p>\n<p><strong>Specie di formica Messor structor<\/strong><br \/>\nMessor structor \u00e8 una specie di formica granivora. Si trova principalmente nell'Europa meridionale e nella regione mediterranea, ma anche nell'Europa centrale e la sua area di distribuzione si estende fino all'Iran e alla Russia meridionale. \u00c8 anche l'unica specie di Messor presente in Germania. Le operaie sono leggermente pi\u00f9 piccole di quelle di Messor barbarus, ma Messor structor produce prima le cosiddette operaie maggiori (la casta di operaie pi\u00f9 grande).<\/p>\n<p>Anche se Messor structor si trova principalmente nelle steppe, in alcuni paesi esistono popolazioni che si trovano pi\u00f9 a loro agio nelle regioni montuose o addirittura nelle foreste miste. Ci\u00f2 dimostra la grande adattabilit\u00e0 di questa specie. Il Messor structor forma solitamente colonie poligine (pi\u00f9 regine in una colonia), ma \u00e8 presente anche in forma monogina (una sola regina per colonia).<\/p>\n<p>Da tempo gli scienziati cercano di capire se Messor structor possa aver sviluppato diverse sottospecie presenti in regioni diverse, analizzando il materiale genetico di diverse colonie. Tuttavia, questo aspetto non \u00e8 ancora stato chiarito in modo definitivo.<\/p>\n<p><strong>Nido per la struttura Messor<\/strong><br \/>\nMessor structor preferisce nidificare in terreni sabbiosi. Tuttavia, a differenza della maggior parte delle altre specie di Messor, \u00e8 relativamente flessibile e talvolta pu\u00f2 essere trovato a nidificare sotto le pietre o in luoghi ombreggiati in terreni pi\u00f9 terrosi.<\/p>\n<p><strong>Cibo per Messor structor<\/strong><br \/>\nCome tutte le specie di Messor, Messor structor si nutre principalmente di semi che vengono raccolti, conservati e trasformati nel cosiddetto pane delle formiche, che ha una durata di conservazione pi\u00f9 lunga e permette alle colonie di superare i periodi in cui si trovano meno semi in natura. Le proteine sono accettate sia da vive che da morte. In natura uccidono piccoli insetti e li usano per nutrire la loro covata. La soluzione zuccherina o il miele sono accettati solo se la colonia non ha a disposizione acqua fresca sufficiente a coprire il suo fabbisogno di umidit\u00e0.<\/p>\n<p><strong>Le condizioni climatiche ottimali per Messor structor sono le seguenti:<\/strong><br \/>\n<strong>Umidit\u00e0:<\/strong><br \/>\nArena: 30 - 50% Area nido: 50 - 70%<br \/>\n<strong>Temperatura:<\/strong><br \/>\nArena: 22 - 30\u00b0C Zona nido: 21- 27\u00b0C<\/p>\n<p><strong>Contenuti:<\/strong><\/p>\n<p>1x colonia di formiche Messor structor (regina + 11-25 operai + covata)<br \/>\n1x Marmellata di grilli 25g<br \/>\n1x cibo in grani minore 100g<br \/>\n1x Cuscinetto per formicaio - 20x20cm<br \/>\n2x Cuscinetto Formicarium - 20x6cm<\/p>\n<p>1x ANTCUBO - arena 20x20x10 - piatto<br \/>\n1x formica arena telaio 20\u00d720<br \/>\n1x copertura dell'arena delle formiche 20\u00d720<br \/>\n4 punti di fissaggio per la copertura dell'arena<br \/>\n2x ANTCUBE - formicaio - M - 20\u00d720 - in piedi<\/p>\n<p>1x 1m tubo trasparente 14\/10 mm<br \/>\n2x ANTCUBE - Foglio rosso 20\u00d720 - filtro<br \/>\n2x clip adesive - trasparenti 2 pz.<br \/>\n1x substrato - deserto - 1kg<br \/>\n1x Formicarium granuli 200ml - beige<\/p>\n<p>1x Grid cap &#8211; 10mm &#8211; stainless steel<br \/>\n2x Grid insert acrylic &#8211; 50 mm with sealing ring<br \/>\n1x Grid insert acrylic &#8211; 27 mm with sealing ring<\/p>\n<p>1x connettore tubo serbatoio 27-14,16,20 mm - trasparente<br \/>\n2x Foil thermometer &#8211; farm<br \/>\n1x Foil thermometer Display<br \/>\n1x drinking clear 5ml &#8211; sponge<br \/>\n1x Feeding dish white rectangle &#8211; 3 compartments<br \/>\n1x Olio di protezione contro la fuga delle formiche 10ml<br \/>\n1x Pinzette in acciaio per molle - larghe - morbide<br \/>\n1x Pinzetta in plastica trasparente<br \/>\n1x pipetta di plastica 3ml<br \/>\n1x lente d'ingrandimento manuale - 2x - 30mm<br \/>\n1x tergicristallo in schiuma 150x18x2,5mm<br \/>\n1x dorso fotografico - deserto - 20\u00d710<\/p>\n<p>&nbsp;<\/p>\n<p><strong>Descrizione:<\/strong><br \/>\nQuesto Starter Set Desert \u00e8 adatto a tutte le specie del genere Messor che vivono in deserti, steppe o climi mediterranei. Una delle due fattorie \u00e8 destinata alla conservazione dei semi e del pane delle formiche e deve quindi essere mantenuta completamente asciutta per evitare che i semi\/grani conservati dalle formiche germoglino o ammuffiscano.<\/p>\n<p>Nella fattoria completamente trasparente (nest), il \"substrato - deserto\" viene utilizzato per riempire la fattoria. Se necessario, \u00e8 possibile collegare moduli aggiuntivi attraverso i fori da 50 mm del coperchio, ad esempio nebulizzatori, ventilatori o luci disponibili separatamente. In alternativa, per chiudere le aperture sono inclusi i tappi per formicaio adatti. Se lo si desidera, il formicario pu\u00f2 essere utilizzato anche aperto, semplicemente posizionando il telaio rimovibile sulla parte superiore e applicando l'olio protettivo per la fuga delle formiche sul bordo. L'\"abbeveratoio chiaro da 20 ml - spugna\" \u00e8 destinato all'acqua, il \"distributore di cibo da 2 ml - dosabile\" al cibo in grani.<\/p>\n<p><strong>Importante:<\/strong> Inumidire il substrato prima dell'uso, in modo che la miscela possa legarsi e fare presa sul formicaio. Inoltre, se il substrato \u00e8 troppo secco e polveroso, le vie respiratorie delle formiche potrebbero ostruirsi e, nel peggiore dei casi, gli animali potrebbero soffocare.<\/p>\n<p><strong>Raccomandazione:<\/strong> Raccomandiamo uno strato di substrato di 2 mm di altezza, in modo che gli animali non possano scavare nell'arena e utilizzino invece la fattoria fornita a questo scopo. Raccomandiamo anche che il materiale di nidificazione nella fattoria (sabbia\/argilla, Digfix, ecc.) sia leggermente perforato in un punto per facilitare lo scavo agli animali.<\/p>\n<p><strong>Note sulla produzione<\/strong><br \/>\nIl vetro viene tagliato a misura secondo la norma DIN 1249 con una tolleranza di +\/- 1 mm. Per le specie di formiche estremamente piccole \u00e8 indispensabile un'ulteriore protezione antisfondamento.<\/p>\n<p><strong>Note sulla fattoria<\/strong><br \/>\nQuando si attaccano o si rimuovono i tubi, si prega di notare quanto segue:<br \/>\nSe il tubo risulta molto difficile da inserire nel raccordo, \u00e8 necessario strofinare leggermente il raccordo con una goccia del nostro olio o polvere anti-scoppio. Il tubo deve quindi essere spinto sul raccordo con movimenti di rotazione o di avvitamento, senza sforzare il raccordo con movimenti su e gi\u00f9. Lo stesso vale quando si rimuovono i tubi dal raccordo dell'azienda agricola. Non tiratelo semplicemente!<\/p>\n<p><strong>Note sulla marmellata di grilli:<\/strong><br \/>\nLa nostra marmellata di grilli \u00e8 un modo semplice per fornire alle formiche cibo proteico appena conservato senza dover somministrare insetti vivi. I grilli contenuti (Acheta domesticus) sono stati cotti delicatamente per garantire la conservazione dei valori nutrizionali, del gusto e dell'aroma. Inoltre, l'involucro chitinoso degli insetti viene ammorbidito in modo da poter essere digerito pi\u00f9 facilmente. I legami delle proteine del collagene vengono spezzati in modo che le formiche possano utilizzarli meglio. L'Acheta domesticus in scatola ha lo stesso valore nutrizionale dei grilli vivi, ma \u00e8 pi\u00f9 facile da digerire.<\/p>\n<p>Il Cricket Jam non \u00e8 adatto per cacciare specie di formiche che richiedono cibo vivo (ad esempio, ponerini (grandi formiche) come Harpegnathos o Odontomachus).<\/p>\n<p><strong>Ulteriori vantaggi:<\/strong><br \/>\nGaranzia di assenza di acari<br \/>\nPu\u00f2 essere porzionato e diluito con acqua<br \/>\nSterilizzati e confezionati sottovuoto<br \/>\nSenza additivi<br \/>\nGrilli provenienti da allevamenti sostenibili puramente biologici, alimentati con rifiuti organici<\/p>\n<p><strong>Nota:<\/strong><br \/>\nSi conserva in frigorifero per circa quattro giorni dopo l'apertura. Si conserva pi\u00f9 a lungo se congelato.<br \/>\nAttenzione: Prima porzionare, poi congelare.<\/p>","protected":false},"excerpt":{"rendered":"<p>Il set \u00e8 composto da 38 pezzi<\/p>\n<p>Dimensioni: <strong>M<\/strong><\/p>","protected":false},"featured_media":7134,"comment_status":"open","ping_status":"closed","template":"","meta":{"_acf_changed":false,"content-type":"","_monsterinsights_skip_tracking":false,"_monsterinsights_sitenote_active":false,"_monsterinsights_sitenote_note":"","_monsterinsights_sitenote_category":0},"product_brand":[],"product_cat":[355,353,73],"product_tag":[],"class_list":{"0":"post-6562","1":"product","2":"type-product","3":"status-publish","4":"has-post-thumbnail","6":"product_cat-bundle-offers","7":"product_cat-starter-sets-for-harvester-ants","8":"product_cat-starter-sets","10":"first","11":"instock","12":"taxable","13":"shipping-taxable","14":"purchasable","15":"product-type-simple"},"acf":[],"aioseo_notices":[],"jetpack_sharing_enabled":true,"_links":{"self":[{"href":"https:\/\/antcube.shop\/it\/wp-json\/wp\/v2\/product\/6562","targetHints":{"allow":["GET"]}}],"collection":[{"href":"https:\/\/antcube.shop\/it\/wp-json\/wp\/v2\/product"}],"about":[{"href":"https:\/\/antcube.shop\/it\/wp-json\/wp\/v2\/types\/product"}],"replies":[{"embeddable":true,"href":"https:\/\/antcube.shop\/it\/wp-json\/wp\/v2\/comments?post=6562"}],"wp:featuredmedia":[{"embeddable":true,"href":"https:\/\/antcube.shop\/it\/wp-json\/wp\/v2\/media\/7134"}],"wp:attachment":[{"href":"https:\/\/antcube.shop\/it\/wp-json\/wp\/v2\/media?parent=6562"}],"wp:term":[{"taxonomy":"product_brand","embeddable":true,"href":"https:\/\/antcube.shop\/it\/wp-json\/wp\/v2\/product_brand?post=6562"},{"taxonomy":"product_cat","embeddable":true,"href":"https:\/\/antcube.shop\/it\/wp-json\/wp\/v2\/product_cat?post=6562"},{"taxonomy":"product_tag","embeddable":true,"href":"https:\/\/antcube.shop\/it\/wp-json\/wp\/v2\/product_tag?post=6562"}],"curies":[{"name":"wp","href":"https:\/\/api.w.org\/{rel}","templated":true}]}}