{"id":6561,"date":"2023-12-04T11:33:36","date_gmt":"2023-12-04T10:33:36","guid":{"rendered":"https:\/\/antcube.shop\/product\/bundle-offer-camponotus-barbaricus\/"},"modified":"2026-04-27T00:22:10","modified_gmt":"2026-04-26T22:22:10","slug":"offerta-bundle-camponotus-barbaricus","status":"publish","type":"product","link":"https:\/\/antcube.shop\/it\/prodotto\/offerta-bundle-camponotus-barbaricus\/","title":{"rendered":"Offerta pacchetto - Camponotus barbaricus"},"content":{"rendered":"<p><span data-text-color=\"secondary\"><strong>L'offerta comprende una colonia di formiche Camponotus barbaricus (regina con 5-10 operaie + covata), uno starter set Habitat Desert L con 2x tappetini per formicaio, un barattolo dei nostri speciali grilli interi sbollentati (proteine umide) e una ricarica di miscela di melata da 10 ml.<\/strong><\/span><\/p>\n<p><span data-text-color=\"alert\"><strong>Solo fino a esaurimento scorte.<\/strong><\/span><\/p>\n<p><strong>Tutto ci\u00f2 che serve per una colonia di formiche Camponotus barbaricus<\/strong><br \/>\nQuesto pacchetto contiene tutto ci\u00f2 che serve per portare avanti con successo una colonia di Camponotus barbaricus nei primi mesi. \u00c8 espandibile in modo flessibile ed \u00e8 esplicitamente adatto ai principianti nell'allevamento di formiche.<\/p>\n<p><strong>Specie di formica Camponotus barbaricus<\/strong><br \/>\nIl Camponotus barbaricus \u00e8 una delle specie di formiche pi\u00f9 grandi d'Europa. Si trova in Portogallo, Spagna, Sicilia e fuori dall'Europa in Marocco, Algeria, Tunisia e Libia. Le sue colonie sono monoginiche (una sola regina per colonia) e, come la maggior parte delle specie di Camponotus, \u00e8 una specie di formica altamente polimorfa (forma le cosiddette caste, cio\u00e8 operaie pi\u00f9 piccole e pi\u00f9 grandi).<\/p>\n<p>In natura, possono formare colonie di diversi 10.000 individui. Il Camponotus barbaricus difende aggressivamente il suo nido e il suo territorio di caccia, con grande successo grazie alle sue dimensioni. I maggiori (la casta pi\u00f9 numerosa delle operaie) raggiungono una dimensione di circa 17 mm.<\/p>\n<p><strong>Nido di Camponotus barbaricus<\/strong><br \/>\nIl Camponotus barbaricus preferisce nidificare in terreni sabbiosi. A differenza della maggior parte delle specie di Camponotus, raramente si trovano nel legno marcio. Il Desert Starter Set incluso nel pacchetto \u00e8 quindi perfettamente adatto alle esigenze di questa specie.<\/p>\n<p><strong>Cibo per Camponotus barbaricus<\/strong><br \/>\nIn natura, il Camponotus barbaricus si nutre principalmente di insetti e melata. Per questo motivo, in questo pacchetto abbiamo incluso sia i nostri grilli scottati come alimento proteico sia la nostra miscela di melata, in modo che possiate offrire alle vostre formiche una dieta il pi\u00f9 possibile adeguata alla specie.<\/p>\n<p><strong>Le condizioni climatiche ottimali per il Camponotus barbaricus sono le seguenti:<\/strong><br \/>\n<strong>Umidit\u00e0:<\/strong><br \/>\nArena: 30 - 50% Area nido: 50 - 60%<br \/>\n<strong>Temperatura:<\/strong><br \/>\nArena: 18 - 28\u00b0C Zona nido: 21 - 26\u00b0C<\/p>\n<p><strong>Contenuti:<\/strong><\/p>\n<p>1x Camponotus barbaricus (regina con 1-4 operaie + covata)<br \/>\n1x Marmellata di grilli 25g<br \/>\n1x Miscela di meloni (HT) - confezione di ricarica da 10 ml<br \/>\n1x Base per formicaio - 20x20cm<br \/>\n1x Base per formicaio - 20x6cm<\/p>\n<p>1x ANTCUBO - arena 20x20x10 - piatto<br \/>\n1x formica arena telaio 20\u00d720<br \/>\n1x copertura dell'arena delle formiche 20\u00d720<br \/>\n4 punti di fissaggio per la copertura dell'arena<br \/>\n1x ANTCUBE - Formicaio - L - 20\u00d720 - verticale<\/p>\n<p>1x tubo da 0,5 m trasparente 20\/16 mm<br \/>\n1x ANTCUBE - Foglio rosso 20\u00d720 - filtro<br \/>\n1x clip adesive - trasparenti 2 pezzi.<br \/>\n1x substrato - deserto - 1kg<br \/>\n1x Formicarium granuli 200ml - beige<\/p>\n<p>2x Grid insert acrylic &#8211; 50 mm with sealing ring<br \/>\n1x Grid insert acrylic &#8211; 27 mm with sealing ring<br \/>\n1x tappo a griglia - 16mm - acciaio inossidabile<\/p>\n<p>1x connettore tubo serbatoio 27-14,16,20 mm - trasparente<br \/>\n1x Foil thermometer &#8211; farm<br \/>\n1x Foil thermometer Display<br \/>\n1x drinking clear 5ml &#8211; sponge<br \/>\n1x Feeding dish white rectangle &#8211; 3 compartments<br \/>\n1x Drinking trough 2ml &#8211; 360 Degrees<br \/>\n1x Olio di protezione contro la fuga delle formiche 10ml<br \/>\n1x Pinzette in acciaio per molle - larghe - morbide<br \/>\n1x Pinzetta in plastica trasparente<br \/>\n1x pipetta di plastica 3ml<br \/>\n1x lente d'ingrandimento manuale - 2x - 30mm<br \/>\n1x tergicristallo in schiuma 150x18x2,5mm<br \/>\n1x dorso fotografico - deserto - 20\u00d710<\/p>\n<p><strong>Descrizione:<\/strong><br \/>\nQuesto starter set desert \u00e8 adatto a tutte le specie di formiche che vivono nei deserti, nelle steppe o nel clima mediterraneo.<\/p>\n<p>Nella fattoria completamente trasparente (nest), il \"Soil - Desert\" viene utilizzato per riempire la fattoria. Se necessario, \u00e8 possibile collegare moduli aggiuntivi attraverso i fori da 50 mm del coperchio, ad esempio nebulizzatori, ventilatori o luci disponibili separatamente. In alternativa, per chiudere le aperture sono inclusi i tappi per formicaio adatti. Se lo si desidera, il formicarium pu\u00f2 essere utilizzato anche aperto, semplicemente fissando il telaio rimovibile e applicando l'olio antiformiche sul bordo. L'\"Abbeveratoio 2ml - 360 gradi\" \u00e8 destinato alla miscela di melata, l'\"Abbeveratoio chiaro 20ml - spugna\" all'acqua e la \"Ciotola chiara 1\u00d720 - spugna\" al cibo proteico. Il \"Mini termoigrometro analogico - display - appeso\" pu\u00f2 essere fissato al telaio o al coperchio e visualizza i valori climatici.<\/p>\n<p><strong>Importante:<\/strong> Inumidire il substrato prima dell'uso, in modo che la miscela possa legarsi e fare presa sul formicaio. Inoltre, se il substrato \u00e8 troppo secco e polveroso, le vie respiratorie delle formiche potrebbero ostruirsi e, nel peggiore dei casi, gli animali potrebbero soffocare.<\/p>\n<p><strong>Raccomandazione:<\/strong> Raccomandiamo uno strato di substrato di 2 mm di altezza, in modo che gli animali non possano scavare nell'arena e utilizzino invece la fattoria fornita a questo scopo. Raccomandiamo anche che il materiale di nidificazione nella fattoria (sabbia\/argilla, Digfix, ecc.) sia leggermente perforato in un punto per facilitare lo scavo agli animali.<\/p>\n<p><strong>Note sulla produzione<\/strong><br \/>\nIl vetro viene tagliato a misura secondo la norma DIN 1249 con una tolleranza di +\/- 1 mm. Per le specie di formiche estremamente piccole \u00e8 indispensabile un'ulteriore protezione antisfondamento.<\/p>\n<p><strong>Note sulla fattoria<\/strong><br \/>\nQuando si attaccano o si rimuovono i tubi, si prega di notare quanto segue:<br \/>\nSe il tubo risulta molto difficile da inserire nel raccordo, \u00e8 necessario strofinare leggermente il raccordo con una goccia del nostro olio o polvere anti-scoppio. Il tubo deve quindi essere spinto sul raccordo con movimenti di rotazione o di avvitamento, senza sforzare il raccordo con movimenti su e gi\u00f9. Lo stesso vale quando si rimuovono i tubi dal raccordo dell'azienda agricola. Non tiratelo semplicemente!<\/p>\n<p><strong>Istruzioni:<\/strong> (Versione 2023, la versione aggiornata per il 2024 sar\u00e0 disponibile al pi\u00f9 tardi entro il 04\/2024)<\/p>\n<p>- DE <a href=\"https:\/\/www.antstore.net\/shop\/images\/info\/de\/Gebrauchsanweisung%20Starter%20Set%20Habitat.pdf\">Gebrauchsanweisung Starter Set Habitat<\/a> (PDF 3,21 MB)<\/p>\n<p>- IT <a href=\"https:\/\/www.antstore.net\/shop\/images\/info\/en\/Instructions%20for%20use%20-%20Starter%20Set%20Habitat.pdf\">Istruzioni per l'uso - Starter Set Habitat<\/a> (PDF 3,21 MB)<\/p>\n<p>- ES <a href=\"https:\/\/www.antstore.net\/shop\/images\/info\/es\/Manual%20de%20instrucciones%20-%20Set%20de%20inicio%20H%C3%A1bitat.pdf\">Manuale d'istruzioni - Set de inicio H\u00e1bitat<\/a> (PDF 3,21 MB)<\/p>\n<p>- FR <a href=\"https:\/\/www.antstore.net\/shop\/images\/info\/fr\/Manuel%20d'instruction%20-%20Kit%20de%20d%C3%A9marrage%20Habitat.pdf\">Manuale d'istruzioni - Kit di smontaggio Habitat<\/a> (PDF 3,21 MB)<\/p>\n<p><strong>Nota sulla melata:<\/strong><br \/>\nContenuto: 10 ml<br \/>\nSi tratta di un prodotto naturale, che abbiamo perfezionato dopo approfonditi test nel nostro laboratorio e sviluppato in un alimento molto ben accettato dalle formiche. Il motivo \u00e8 che il miele di melata non trasformato nella sua forma originale concentrata non \u00e8 ben accettato dalle formiche e dal loro metabolismo.<br \/>\nLa nostra melata \u00e8 stata raccolta nelle incontaminate foreste selvatiche di montagna della Bulgaria. La melata viene prodotta solo per un periodo molto limitato, circa due mesi in estate. \u00c8 quindi molto rara. Grazie alle caratteristiche specifiche del suolo delle foreste e al clima, le sostanze nutritive essenziali vengono immagazzinate nelle foglie degli alberi e assorbite dagli afidi. \u00c8 questo che rende la miscela di melata cos\u00ec appetibile per le formiche.<\/p>\n<p><strong>Applicazione:<\/strong><br \/>\nLa quantit\u00e0 di cibo deve essere consumata entro circa 3 giorni.<\/p>\n<p><strong>Descrizione:<\/strong><br \/>\nLa melata, a differenza del miele di fiori, si ottiene dalle secrezioni di insetti che succhiano le piante, come gli afidi. La melata \u00e8 una fonte di cibo popolare per molti insetti come formiche, api e bombi. Api e bombi la leccano dalle foglie o dagli aghi di vari alberi. Le formiche, come il Lasius niger, fanno letteralmente incetta di afidi. Li difendono persino dai predatori e li trasportano sui germogli freschi.<\/p>\n<p>La melata \u00e8 particolarmente apprezzata dalle formiche per i suoi componenti un po' diversi. Gli zuccheri principali della melata sono il saccarosio e il fruttosio, ma si trovano anche quantit\u00e0 minori di maltosio, trealosio, melezitosio, raffinosio e altri oligosaccaridi. Oltre allo zucchero e all'acqua, la melata contiene anche aminoacidi essenziali, minerali, oligoelementi, adenosine, fosfati e altri ingredienti come le vitamine.<\/p>\n<p><strong>Utilizzare:<\/strong><br \/>\nPer le specie di formiche mangiatrici di miele (Meliphagidae)<br \/>\nSi tratta di un mangime supplementare<br \/>\nPu\u00f2 essere offerto agli animali cos\u00ec come viene fornito. Poich\u00e9 la concentrazione di zucchero viene ridotta dall'umidit\u00e0 e inizia un processo di fermentazione, il mangime deve essere sostituito ogni 3 giorni. Pulire accuratamente la ciotola o la provetta prima di riutilizzarla.<br \/>\nUna volta aperta, la confezione deve essere conservata ben chiusa fino alla data di scadenza.<\/p>\n<p><strong>Informazioni nutrizionali per 100 g:<\/strong><br \/>\ncirca 2,7 grassi %<br \/>\ndi cui saturi circa 0,45 %<br \/>\ncirca 95 carboidrati %<br \/>\ndi cui zucchero circa 71<br \/>\ncirca 2,85% di proteine<br \/>\nMinerali (potassio, calcio, rame, ferro, sodio, magnesio, fosforo, zinco e altri oligoelementi) Aminoacidi (prolina, leucina, fenilalanina, alanina, istidina, isoleucina, acido glutammico, arginina, acido aspartico, ecc.) Acidi organici Enzimi (fermenti) Aromi Inibitori (sostanze antibatteriche) Fiori Polline<\/p>\n<p><strong>Stoccaggio:<\/strong><br \/>\nPer garantire la qualit\u00e0 del mangime, \u00e8 necessario conservarlo in un luogo buio e asciutto.<\/p>\n<p><strong>Nota:<\/strong><br \/>\nLe informazioni sull'uso dei tubi di alimentazione sono disponibili qui: Link<br \/>\nMangime complementare per formiche mangiatrici di miele.<br \/>\nPer la composizione, gli ingredienti analitici, la data di scadenza e il numero di lotto, consultare il foglietto illustrativo.<\/p>\n<p>Numero verde per informazioni +49 30 439703870<\/p>\n<p>Ispettorato veterinario e alimentare responsabile:<br \/>\nUfficio veterinario Steglitz<br \/>\nVia K\u00f6nigin-Luise 92<br \/>\n14195 Berlino<\/p>\n<p><strong>Nota sui grilli sbollentati:<\/strong><br \/>\nLa nostra marmellata di grilli \u00e8 un modo semplice per fornire alle formiche cibo proteico appena conservato senza dover somministrare insetti vivi. I grilli contenuti (Acheta domesticus) sono stati cotti delicatamente per garantire la conservazione dei valori nutrizionali, del gusto e dell'aroma. Inoltre, l'involucro chitinoso degli insetti viene ammorbidito in modo da poter essere digerito pi\u00f9 facilmente. I legami delle proteine del collagene vengono spezzati in modo che le formiche possano utilizzarli meglio. L'Acheta domesticus in scatola ha lo stesso valore nutrizionale dei grilli vivi, ma \u00e8 pi\u00f9 facile da digerire.<\/p>\n<p>I grilli sbollentati non sono adatti alla caccia di specie di formiche che richiedono cibo vivo (ad es. ponerini (grandi formiche) come Harpegnathos o Odontomachus).<\/p>\n<p><strong>Ulteriori vantaggi:<\/strong><br \/>\nGaranzia di assenza di acari<br \/>\nPu\u00f2 essere porzionato<br \/>\nSterilizzati e aspirati<br \/>\nSenza additivi<br \/>\nGrilli provenienti da allevamenti sostenibili puramente biologici, alimentati con rifiuti organici<\/p>\n<p><strong>Si prega di notare:<\/strong><br \/>\nSi conserva in frigorifero per circa quattro giorni dopo l'apertura. Si conserva pi\u00f9 a lungo se congelato.<\/p>","protected":false},"excerpt":{"rendered":"<p>Il set \u00e8 composto da 34 parti<\/p>\n<p>Dimensioni: <span style=\"color: #0000ff;\"><strong>L<\/strong><\/span><\/p>","protected":false},"featured_media":7132,"comment_status":"open","ping_status":"closed","template":"","meta":{"_acf_changed":false,"content-type":"","_monsterinsights_skip_tracking":false,"_monsterinsights_sitenote_active":false,"_monsterinsights_sitenote_note":"","_monsterinsights_sitenote_category":0},"product_brand":[],"product_cat":[355,73,74],"product_tag":[],"class_list":{"0":"post-6561","1":"product","2":"type-product","3":"status-publish","4":"has-post-thumbnail","6":"product_cat-bundle-offers","7":"product_cat-starter-sets","8":"product_cat-starter-sets-habitat","10":"first","11":"instock","12":"taxable","13":"shipping-taxable","14":"purchasable","15":"product-type-simple"},"acf":[],"aioseo_notices":[],"jetpack_sharing_enabled":true,"_links":{"self":[{"href":"https:\/\/antcube.shop\/it\/wp-json\/wp\/v2\/product\/6561","targetHints":{"allow":["GET"]}}],"collection":[{"href":"https:\/\/antcube.shop\/it\/wp-json\/wp\/v2\/product"}],"about":[{"href":"https:\/\/antcube.shop\/it\/wp-json\/wp\/v2\/types\/product"}],"replies":[{"embeddable":true,"href":"https:\/\/antcube.shop\/it\/wp-json\/wp\/v2\/comments?post=6561"}],"wp:featuredmedia":[{"embeddable":true,"href":"https:\/\/antcube.shop\/it\/wp-json\/wp\/v2\/media\/7132"}],"wp:attachment":[{"href":"https:\/\/antcube.shop\/it\/wp-json\/wp\/v2\/media?parent=6561"}],"wp:term":[{"taxonomy":"product_brand","embeddable":true,"href":"https:\/\/antcube.shop\/it\/wp-json\/wp\/v2\/product_brand?post=6561"},{"taxonomy":"product_cat","embeddable":true,"href":"https:\/\/antcube.shop\/it\/wp-json\/wp\/v2\/product_cat?post=6561"},{"taxonomy":"product_tag","embeddable":true,"href":"https:\/\/antcube.shop\/it\/wp-json\/wp\/v2\/product_tag?post=6561"}],"curies":[{"name":"wp","href":"https:\/\/api.w.org\/{rel}","templated":true}]}}