{"id":6377,"date":"2023-10-06T18:09:26","date_gmt":"2023-10-06T16:09:26","guid":{"rendered":"https:\/\/antcube.shop\/product\/bundle-offer-polyrhachis-dives\/"},"modified":"2026-04-20T09:58:26","modified_gmt":"2026-04-20T07:58:26","slug":"pacchetto-offerta-polyrhachis-dive","status":"publish","type":"product","link":"https:\/\/antcube.shop\/it\/prodotto\/pacchetto-offerta-polyrhachis-dive\/","title":{"rendered":"Offerta pacchetto - Immersioni di Polyrhachis"},"content":{"rendered":"<p dir=\"ltr\"><span data-text-color=\"alert\"><strong><span data-text-color=\"secondary\">Offerta in bundle che comprende una colonia di formiche Polyrhachis dives (regina con 26-50 operaie + covata), uno starter set per formiche tessitrici con 1x base per formicaio, 1x arbusto ornamentale e 1x palla nido come sito di nidificazione e 1x piattaforma magnetica per facilitare l'alimentazione.<\/span><br \/>\n<\/strong><\/span><\/p>\n<p><span data-text-color=\"alert\"><strong>Solo fino a esaurimento scorte.<\/strong><\/span><\/p>\n<p><strong>Tutto ci\u00f2 che serve per una colonia di formiche Polyrhachis dives<\/strong><br \/>\nQuesto pacchetto contiene tutto il necessario per portare a termine con successo una colonia di Polyrhachis dives nei primi mesi di vita. \u00c8 espandibile in modo flessibile ed \u00e8 esplicitamente adatto ai principianti nell'allevamento di formiche.<\/p>\n<p><strong>La specie di formica Polyrhachis si immerge:<\/strong><br \/>\nIl Polyrhachis dives proviene dall'Asia e dall'Australia e ha un'area di distribuzione leggermente pi\u00f9 ampia. Caratteristica di questa specie \u00e8 la colorazione da argentata a dorata sul corpo altrimenti nero-marrone degli animali. Sono un po' pi\u00f9 piccoli di Oecophylla, vivono spesso vicino al suolo e amano costruire i loro nidi su pietre o cortecce di alberi. Utilizzano le loro larve per filare il nido, ma da un punto di vista scientifico non appartengono alle \"vere formiche tessitrici\" come le Oecophylla, anche se fondamentalmente utilizzano quasi la stessa tecnica di tessitura. Le specie del genere Polyrhachis hanno talvolta colonie piuttosto piccole, con poche migliaia di animali al massimo. Secondo i rapporti, in condizioni ottimali le Polyrhachis dive possono addirittura formare colonie con diverse centinaia di regine e fino a diverse centinaia di migliaia di operaie. Tuttavia, questo non \u00e8 il caso di tenerlo in casa.<\/p>\n<p>La Polyrhachis dives \u00e8 poligina, il che significa che pu\u00f2 avere pi\u00f9 regine contemporaneamente. Ci\u00f2 significa che le dimensioni della colonia possono crescere molto rapidamente e che ha bisogno di molto cibo e spazio. Il formicaio deve quindi essere espandibile. A causa delle dimensioni della colonia, sono piuttosto agili e sono veri e propri specialisti della fuga. Occorre quindi prestare attenzione a garantire una buona protezione contro le fughe.<\/p>\n<p><strong>Nido per Polyrhachis dives<\/strong><br \/>\nNel formicaio, i Polyrhachis dives accettano quasi tutto il materiale da costruzione che gli viene offerto. Dalla sabbia, alla lettiera di piccoli animali, alle foglie, al sughero, ai pezzi di legno e alle piccole pietre, i Polyrhachis tuffatori intrecciano nei loro nidi tutto ci\u00f2 che la natura offre intorno alla loro casa. Da molti anni alleviamo le nostre colonie di Polyrhachis con le cosiddette palle nido. In questo set abbiamo incluso anche un arbusto ornamentale, in modo che la palla nido possa essere posizionata un po' pi\u00f9 in alto rispetto al terreno, come avviene di solito in natura.<\/p>\n<p><strong>Cibo per le immersioni di Polyrhachis<\/strong><br \/>\nCome cibo abbiamo incluso in questo set i nostri grilli interi scottati e la melata. Entrambi sono molto ben accettati dai Polyrhachis dive e favoriscono uno sviluppo naturale e positivo della colonia grazie ai nutrienti contenuti.<\/p>\n<p><strong>Le condizioni climatiche ottimali per le immersioni di Polyrhachis sono le seguenti:<\/strong><br \/>\nUmidit\u00e0:<br \/>\nArena: 50 - 70% Area nido: 60 - 80%<br \/>\nTemperatura:<br \/>\nArena: Di giorno: 28 - 30\u00b0C Di notte: 24 - 28\u00b0C Zona nido: 28- 30\u00b0C<\/p>\n<p><strong>Contenuto:<\/strong><\/p>\n<p>1x Polyrhachis dives (2 queens + 26-50 workers + brood)<br \/>\n1x palla di nido naturale 10 cm - grossolana<br \/>\n1x piattaforma angolare ANTCUBE 8\u00d78 - magnete<br \/>\n1x Cespuglio decorativo del deserto 30x15cm - marrone scuro<br \/>\n1x miscela di melata confezione di ricarica da 10ml<br \/>\n1x Marmellata di grilli 25g<br \/>\n1x Formicarium base 20\u00d720<\/p>\n<p>1x ANTCUBE - Arena 20x20x40 - Alto<br \/>\n1x formica arena telaio 20\u00d720<br \/>\n1x copertura dell'arena delle formiche 20\u00d720<br \/>\n4 punti di fissaggio per la copertura dell'arena<\/p>\n<p>1x substrato - foresta pluviale - 1 kg<br \/>\n1x parete posteriore per foto - foresta pluviale - 20\u00d740 - alta<br \/>\n1x Bottiglia spray spruzzatore 0,5 litri - ugello in ottone<\/p>\n<p>2x Grid insert acrylic &#8211; 50 mm with sealing ring<br \/>\n2x Grid insert acrylic &#8211; 27 mm with sealing ring<\/p>\n<p>1x pinzetta in acciaio a molla larga - morbida<br \/>\n1x pinzetta di plastica standard<br \/>\n1x pipetta di plastica 3ml<br \/>\n1x Olio protettivo contro i focolai di formiche 10ml<br \/>\n1x drinking clear 5ml &#8211; sponge<br \/>\n1x Feeding dish white rectangle &#8211; 3 compartments<br \/>\n1x Drinking trough 2ml &#8211; 360 Degrees<br \/>\n1x Lente d'ingrandimento manuale - 2x - 30mm<br \/>\n1x tergicristallo in schiuma 150x18x2,5mm<\/p>\n<p>&nbsp;<\/p>\n<p><strong>Descrizione Starter set formiche tessitrici:<\/strong><br \/>\nQuesto starter set espandibile per varie specie di formiche tessitrici come Polyrhachis spec. o Oecophylla spec. comprende non solo il formicario adattato in modo ottimale, ma anche gli accessori appropriati per l'allevamento di questa specie di formiche. Adatto per colonie fino a circa 500-1000 animali. Per colonie pi\u00f9 grandi si consiglia un formicario di 30x30x60 cm. L'abbeveratoio \"chiaro 20ml - spugna\" \u00e8 destinato all'acqua, l'abbeveratoio \"2ml - 360 gradi\" alla miscela di melata.<\/p>\n<p><strong>Importante:<\/strong> Inumidire il substrato prima dell'uso, in modo che la miscela possa legarsi e fare presa sul formicaio. Inoltre, un substrato secco e polveroso pu\u00f2 causare l'ostruzione delle vie respiratorie delle formiche e, nel peggiore dei casi, il loro soffocamento.<\/p>\n<p><strong>Note sulla produzione<\/strong><br \/>\nIl vetro viene tagliato a misura secondo la norma DIN 1249 con una tolleranza di +\/- 1 mm. Per le specie di formiche estremamente piccole \u00e8 indispensabile un'ulteriore protezione antisfondamento.<\/p>\n<p><strong>Nota sui grilli sbollentati:<\/strong><br \/>\nLa nostra marmellata di grilli \u00e8 un modo semplice per fornire alle formiche cibo proteico appena conservato senza dover somministrare insetti vivi. I grilli contenuti (Acheta domesticus) sono stati cotti delicatamente per garantire la conservazione dei valori nutrizionali, del gusto e dell'aroma. Inoltre, l'involucro chitinoso degli insetti viene ammorbidito in modo da poter essere digerito pi\u00f9 facilmente. I legami delle proteine del collagene vengono spezzati in modo che le formiche possano utilizzarli meglio. L'Acheta domesticus in scatola ha lo stesso valore nutrizionale dei grilli vivi, ma \u00e8 pi\u00f9 facile da digerire.<\/p>\n<p>I grilli sbollentati non sono adatti alla caccia di specie di formiche che richiedono cibo vivo (ad es. ponerini (grandi formiche) come Harpegnathos o Odontomachus).<\/p>\n<p>Ulteriori vantaggi:<br \/>\nGaranzia di assenza di acari<br \/>\nPu\u00f2 essere porzionato<br \/>\nSterilizzati e aspirati<br \/>\nSenza additivi<br \/>\nGrilli provenienti da allevamenti sostenibili puramente biologici, alimentati con rifiuti organici<\/p>\n<p><strong>Si prega di notare:<\/strong><br \/>\nSi conserva in frigorifero per circa quattro giorni dopo l'apertura. Si conserva pi\u00f9 a lungo se congelato.<\/p>\n<p><strong>Nota sulla melata:<\/strong><br \/>\nContenuto: 10 ml<br \/>\nSi tratta di un prodotto naturale, che abbiamo perfezionato dopo approfonditi test nel nostro laboratorio e sviluppato in un alimento molto ben accettato dalle formiche. Il motivo \u00e8 che il miele di melata non trasformato nella sua forma originale concentrata non \u00e8 ben accettato dalle formiche e dal loro metabolismo.<br \/>\nLa nostra melata \u00e8 stata raccolta nelle incontaminate foreste selvatiche di montagna della Bulgaria. La melata viene prodotta solo per un periodo molto limitato, circa due mesi in estate. \u00c8 quindi molto rara. Grazie alle caratteristiche specifiche del suolo delle foreste e al clima, le sostanze nutritive essenziali vengono immagazzinate nelle foglie degli alberi e assorbite dagli afidi. \u00c8 questo che rende la miscela di melata cos\u00ec appetibile per le formiche.<\/p>\n<p><strong>Applicazione:<\/strong><br \/>\nLa quantit\u00e0 di cibo deve essere consumata entro circa 3 giorni.<\/p>\n<p><strong>Descrizione:<\/strong><br \/>\nLa melata, a differenza del miele di fiori, si ottiene dalle secrezioni di insetti che succhiano le piante, come gli afidi. La melata \u00e8 una fonte di cibo popolare per molti insetti come formiche, api e bombi. Api e bombi la leccano dalle foglie o dagli aghi di vari alberi. Le formiche, come il Lasius niger, fanno letteralmente incetta di afidi. Li difendono persino dai predatori e li trasportano sui germogli freschi.<\/p>\n<p>La melata \u00e8 particolarmente apprezzata dalle formiche per i suoi componenti un po' diversi. Gli zuccheri principali della melata sono il saccarosio e il fruttosio, ma si trovano anche quantit\u00e0 minori di maltosio, trealosio, melezitosio, raffinosio e altri oligosaccaridi. Oltre allo zucchero e all'acqua, la melata contiene anche aminoacidi essenziali, minerali, oligoelementi, adenosine, fosfati e altri ingredienti come le vitamine.<\/p>\n<p><strong>Utilizzare:<\/strong><br \/>\nPer le specie di formiche mangiatrici di miele (Meliphagidae)<br \/>\nSi tratta di un mangime supplementare<br \/>\nPu\u00f2 essere offerto agli animali cos\u00ec come viene fornito. Poich\u00e9 la concentrazione di zucchero viene ridotta dall'umidit\u00e0 e inizia un processo di fermentazione, il mangime deve essere sostituito ogni 3 giorni. Pulire accuratamente la ciotola o la provetta prima di riutilizzarla.<br \/>\nUna volta aperta, la confezione deve essere conservata ben chiusa fino alla data di scadenza.<br \/>\nInformazioni nutrizionali per 100 g:<br \/>\ncirca 2,7 grassi %<br \/>\ndi cui saturi circa 0,45 %<br \/>\ncirca 95 carboidrati %<br \/>\ndi cui zucchero circa 71<br \/>\ncirca 2,85% di proteine<\/p>\n<p>Minerali (potassio, calcio, rame, ferro, sodio, magnesio, fosforo, zinco e altri oligoelementi) Aminoacidi (prolina, leucina, fenilalanina, alanina, istidina, isoleucina, acido glutammico, arginina, acido aspartico, ecc.) Acidi organici Enzimi (fermenti) Aromi Inibitori (sostanze antibatteriche) Fiori Polline<\/p>\n<p><strong>Stoccaggio:<\/strong><br \/>\nPer garantire la qualit\u00e0 del mangime, \u00e8 necessario conservarlo in un luogo buio e asciutto.<\/p>\n<p><strong>Nota:<\/strong><br \/>\nLe informazioni sull'uso dei tubi di alimentazione sono disponibili qui: Link<br \/>\nMangime complementare per formiche mangiatrici di miele.<br \/>\nPer la composizione, gli ingredienti analitici, la data di scadenza e il numero di lotto, consultare il foglietto illustrativo.<\/p>\n<p>Numero verde per informazioni +49 30 439703870<\/p>\n<p>Ispettorato veterinario e alimentare responsabile:<br \/>\nUfficio veterinario Steglitz<br \/>\nVia K\u00f6nigin-Luise 92<br \/>\n14195 Berlino<\/p>\n<p><strong>Descrizione Arbusto ornamentale<\/strong><\/p>\n<p>Dimensioni \/ altezza da 17 a 19 cm, diametro ~ 10 cm -12 cm, ideale per arene 30x30x30 cm e oltre.<br \/>\nIl peso varia da 50 a 80 grammi<\/p>\n<p>Oggetto decorativo costituito da un arbusto di legno essiccato naturalmente e da una base in resina sintetica (piastra di base).<br \/>\nQuesto arbusto ornamentale \u00e8 stato realizzato a mano in Germania ed \u00e8 quindi caratterizzato dalla sostenibilit\u00e0.<\/p>\n<p><strong>ATTENZIONE:<\/strong> Non collocare in formica molto umida (umidit\u00e0 superiore a 60%). Il cespuglio potrebbe ammuffire. Con un'ottima ventilazione, il cespuglio pu\u00f2 essere collocato anche in formicai pi\u00f9 umidi.<\/p>\n<p>Alcuni arbusti ornamentali non stanno in piedi da soli nel formicario a causa della loro altezza. In questo caso, \u00e8 utile coprire un po' la base con il substrato o posizionare il prodotto vicino ai vetri esterni.<\/p>\n<p><span data-text-color=\"alert\"><strong>NOTA IMPORTANTE SULL'ARTICOLO:<\/strong><\/span><br \/>\nTrattandosi di un prodotto naturale\/articolo unico, le illustrazioni qui riportate non sono del tutto identiche all'articolo che riceverete. Le dimensioni, la forma e il colore del mini albero e della base in ardesia di cava possono subire variazioni. Garantiamo solo l'altezza massima dell'articolo.<\/p>\n<p>Ordinando questo articolo, l'utente accetta e acconsente alle suddette possibili deviazioni del prodotto in termini di dimensioni, forma e colore al momento dell'acquisto.<\/p>","protected":false},"excerpt":{"rendered":"<p>Il set \u00e8 composto da 31 pezzi.<br \/>\nDimensioni: <strong>XL<\/strong><\/p>","protected":false},"featured_media":7116,"comment_status":"open","ping_status":"closed","template":"","meta":{"_acf_changed":false,"content-type":"","_monsterinsights_skip_tracking":false,"_monsterinsights_sitenote_active":false,"_monsterinsights_sitenote_note":"","_monsterinsights_sitenote_category":0},"product_brand":[],"product_cat":[355,354,73],"product_tag":[],"class_list":{"0":"post-6377","1":"product","2":"type-product","3":"status-publish","4":"has-post-thumbnail","6":"product_cat-bundle-offers","7":"product_cat-starter-sets-for-weaver-ants","8":"product_cat-starter-sets","10":"first","11":"instock","12":"taxable","13":"shipping-taxable","14":"purchasable","15":"product-type-simple"},"acf":[],"aioseo_notices":[],"jetpack_sharing_enabled":true,"_links":{"self":[{"href":"https:\/\/antcube.shop\/it\/wp-json\/wp\/v2\/product\/6377","targetHints":{"allow":["GET"]}}],"collection":[{"href":"https:\/\/antcube.shop\/it\/wp-json\/wp\/v2\/product"}],"about":[{"href":"https:\/\/antcube.shop\/it\/wp-json\/wp\/v2\/types\/product"}],"replies":[{"embeddable":true,"href":"https:\/\/antcube.shop\/it\/wp-json\/wp\/v2\/comments?post=6377"}],"wp:featuredmedia":[{"embeddable":true,"href":"https:\/\/antcube.shop\/it\/wp-json\/wp\/v2\/media\/7116"}],"wp:attachment":[{"href":"https:\/\/antcube.shop\/it\/wp-json\/wp\/v2\/media?parent=6377"}],"wp:term":[{"taxonomy":"product_brand","embeddable":true,"href":"https:\/\/antcube.shop\/it\/wp-json\/wp\/v2\/product_brand?post=6377"},{"taxonomy":"product_cat","embeddable":true,"href":"https:\/\/antcube.shop\/it\/wp-json\/wp\/v2\/product_cat?post=6377"},{"taxonomy":"product_tag","embeddable":true,"href":"https:\/\/antcube.shop\/it\/wp-json\/wp\/v2\/product_tag?post=6377"}],"curies":[{"name":"wp","href":"https:\/\/api.w.org\/{rel}","templated":true}]}}