{"id":5936,"date":"2023-06-24T12:30:54","date_gmt":"2023-06-24T10:30:54","guid":{"rendered":"https:\/\/antcube.shop\/product\/antcube-starter-set-fur-ernteameisen-l-popcorn\/"},"modified":"2026-04-01T09:56:03","modified_gmt":"2026-04-01T07:56:03","slug":"set-di-avviamento-per-harvester-ants-l-popcorn","status":"publish","type":"product","link":"https:\/\/antcube.shop\/it\/prodotto\/set-di-avviamento-per-harvester-ants-l-popcorn\/","title":{"rendered":"ANTCUBE Starter Set for Harvester Ants &#8211; L"},"content":{"rendered":"<div class=\"tab-body active\">\n<p><strong>Contenuti:<\/strong><br \/>\n1x ANTCUBO - Arena 20x20x10 - piatto<br \/>\n1x formica arena telaio 20\u00d720<br \/>\n1x copertura dell'arena delle formiche 20\u00d720<br \/>\n1x punti di fissaggio per copertura arena 4 pz.<br \/>\n1x ANTCUBE - Formicaio - L - 20\u00d720 - verticale<\/p>\n<p>2x ANTCUBE - Digfix Terra nidum 20\u00d720 - L - beige<\/p>\n<p>1x tubo da 1 m trasparente 20\/16 mm<br \/>\n2x ANTCUBE - Foglio rosso 20\u00d720 - filtro<br \/>\n2x clip adesive - trasparenti 2 pz.<br \/>\n1x substrato - deserto - 1 kg<\/p>\n<p>2x Grid insert acrylic &#8211; 50 mm with sealing ring<br \/>\n1x Grid insert acrylic &#8211; 27 mm with sealing ring<br \/>\n1x Grid cap &#8211; 10mm &#8211; stainless steel<\/p>\n<p>1x drinking clear 5ml &#8211; sponge<br \/>\n1x Feeding dish white rectangle &#8211; 3 compartments<\/p>\n<p>2x Foil thermometer &#8211; farm<br \/>\n1x Foil thermometer display<\/p>\n<p>1x connettore tubo serbatoio 27-14,16,20 mm - trasparente<br \/>\n1x Olio di protezione contro la fuga delle formiche 10ml<br \/>\n1x Pinzette in acciaio per molle - larghe - morbide<br \/>\n1x Pinzetta in plastica trasparente<br \/>\n1x pipetta di plastica 3ml<br \/>\n1x lente d'ingrandimento manuale - 2x - 30mm<br \/>\n1x tergicristallo in schiuma 150x18x2,5mm<br \/>\n1x dorso fotografico - deserto - 20\u00d710<\/p>\n<p><strong>Descrizione:<\/strong><br \/>\nThis starter set is especially suitable for grain-collecting ant species of the genus Messor or Pogonomyrmex. One of these farms is intended for storing grains\/seeds and ant bread. To prevent the stored grains\/seeds from germinating or molding, it should be kept completely dry.<br \/>\nThe second farm is intended as a nest and breeding area for the ant colony. It should always be kept slightly moist.<\/p>\n<p><strong>Descrizione della piastra Terra nidum:<\/strong> La piastra Terra nidum (in latino nido di terra), realizzata in materiale scavabile, si adatta perfettamente ai nostri formicai ANTCUBE. Pu\u00f2 essere utilizzato sia asciutto che bagnato. \u00c8 adatto a molte specie di formiche, soprattutto a quelle che nidificano nella sabbia e nel legno (morto). Pu\u00f2 essere utilizzato al posto di miscele di sabbia\/argilla o di inserti per nidi di sughero. Il vantaggio di questo nido \u00e8 che l'inumidimento del piatto \u00e8 pi\u00f9 facile da controllare grazie a una decolorazione chiaramente visibile e la colorazione del piatto offre un super contrasto con le specie di formiche solitamente pi\u00f9 scure. Inoltre, i pannelli interni del formicaio non possono essere sporcati dal substrato, come avviene ad esempio con le miscele di sabbia e argilla, il che consente una visione perfetta del nido. Il nostro materiale per nidi ha anche una struttura molto pi\u00f9 solida, in modo che le gallerie e le camere scavate dalle formiche non crollino.<\/p>\n<p><strong>Importante: <\/strong>Inumidire il substrato prima dell'uso, in modo che la miscela possa legarsi e fare presa sul formicaio. Inoltre, un substrato secco e polveroso pu\u00f2 causare l'ostruzione delle vie respiratorie delle formiche e, nel peggiore dei casi, il loro soffocamento.<\/p>\n<p><strong>Raccomandazione:<\/strong> Raccomandiamo uno strato di substrato di 2 mm di altezza, in modo che gli animali non possano scavare nell'arena e utilizzino invece la fattoria fornita a questo scopo. Raccomandiamo anche che il materiale di nidificazione nella fattoria (sabbia\/argilla, Digfix, ecc.) sia leggermente perforato in un punto per facilitare lo scavo agli animali.<\/p>\n<p><strong>Note sulla produzione<\/strong><br \/>\nIl vetro \u00e8 tagliato secondo la norma DIN 1249 con una tolleranza di +\/- 1mm. Per le specie di formiche estremamente piccole, \u00e8 indispensabile una protezione supplementare contro la fuga.<\/p>\n<p><strong>Note sulla fattoria<\/strong><br \/>\nQuando si attaccano o si rimuovono i tubi, si prega di notare quanto segue:<br \/>\nSe il tubo risulta molto difficile da inserire nel raccordo, \u00e8 necessario strofinare leggermente il raccordo con una goccia del nostro olio o polvere anti-scoppio. Il tubo deve quindi essere spinto sul raccordo con movimenti di rotazione o di avvitamento, senza sforzare il raccordo con movimenti su e gi\u00f9. Lo stesso vale quando si rimuovono i tubi dal raccordo dell'azienda agricola. Non tiratelo semplicemente!<\/p>\n<p><strong>Nota sulla Terra nidum:<\/strong> La tonalit\u00e0 del colore naturale pu\u00f2 variare tra il beige\/sabbia e il marrone chiaro. La tonalit\u00e0 del colore non influisce sulla qualit\u00e0.<br \/>\nA causa del processo di produzione, le dimensioni possono variare di +\/- 1 mm.<\/p>\n<\/div>","protected":false},"excerpt":{"rendered":"<p>This set consists of 30 parts and is ideal for all grain-collecting ants species.<br \/>\nDimensioni: <span style=\"color: #0000ff;\"><strong>L<\/strong><\/span><\/p>","protected":false},"featured_media":5926,"comment_status":"open","ping_status":"closed","template":"","meta":{"_acf_changed":false,"content-type":"","_monsterinsights_skip_tracking":false,"_monsterinsights_sitenote_active":false,"_monsterinsights_sitenote_note":"","_monsterinsights_sitenote_category":0},"product_brand":[],"product_cat":[344,353,73,75],"product_tag":[],"class_list":{"0":"post-5936","1":"product","2":"type-product","3":"status-publish","4":"has-post-thumbnail","6":"product_cat-popcorn","7":"product_cat-starter-sets-for-harvester-ants","8":"product_cat-starter-sets","9":"product_cat-starter-sets-digfix","11":"first","12":"instock","13":"taxable","14":"shipping-taxable","15":"purchasable","16":"product-type-simple"},"acf":[],"aioseo_notices":[],"jetpack_sharing_enabled":true,"_links":{"self":[{"href":"https:\/\/antcube.shop\/it\/wp-json\/wp\/v2\/product\/5936","targetHints":{"allow":["GET"]}}],"collection":[{"href":"https:\/\/antcube.shop\/it\/wp-json\/wp\/v2\/product"}],"about":[{"href":"https:\/\/antcube.shop\/it\/wp-json\/wp\/v2\/types\/product"}],"replies":[{"embeddable":true,"href":"https:\/\/antcube.shop\/it\/wp-json\/wp\/v2\/comments?post=5936"}],"wp:featuredmedia":[{"embeddable":true,"href":"https:\/\/antcube.shop\/it\/wp-json\/wp\/v2\/media\/5926"}],"wp:attachment":[{"href":"https:\/\/antcube.shop\/it\/wp-json\/wp\/v2\/media?parent=5936"}],"wp:term":[{"taxonomy":"product_brand","embeddable":true,"href":"https:\/\/antcube.shop\/it\/wp-json\/wp\/v2\/product_brand?post=5936"},{"taxonomy":"product_cat","embeddable":true,"href":"https:\/\/antcube.shop\/it\/wp-json\/wp\/v2\/product_cat?post=5936"},{"taxonomy":"product_tag","embeddable":true,"href":"https:\/\/antcube.shop\/it\/wp-json\/wp\/v2\/product_tag?post=5936"}],"curies":[{"name":"wp","href":"https:\/\/api.w.org\/{rel}","templated":true}]}}