{"id":5935,"date":"2023-06-24T12:30:33","date_gmt":"2023-06-24T10:30:33","guid":{"rendered":"https:\/\/antcube.shop\/product\/bundle-offer-messor-angularis\/"},"modified":"2025-10-19T06:01:04","modified_gmt":"2025-10-19T04:01:04","slug":"pacchetto-offerta-messor-angularis","status":"publish","type":"product","link":"https:\/\/antcube.shop\/it\/prodotto\/pacchetto-offerta-messor-angularis\/","title":{"rendered":"Offerta pacchetto - Messor arenarius"},"content":{"rendered":"<div class=\"tab-body active\">\n<p><span data-text-color=\"secondary\"><strong>Offerta di un pacchetto che comprende una colonia di formiche Messor arenarius (regina + 5-10 operaie + covata), un set di avviamento per formiche raccoglitrici L Popcorn con 3x pastiglie per formicari e un barattolo dei nostri grilli speciali scottati (proteine umide).<\/strong><\/span><\/p>\n<p><span data-text-color=\"alert\"><strong>Solo fino a esaurimento scorte.<\/strong><\/span><\/p>\n<p><strong>Tutto ci\u00f2 che serve per allevare con successo Messor arenarius<\/strong><br \/>\nQuesto pacchetto contiene tutto il necessario per allevare con successo una colonia di Messor arenarius per i primi mesi. Pu\u00f2 essere ampliato in modo flessibile ed \u00e8 ideale per iniziare ad allevare le formiche.<\/p>\n<p><strong>Le specie di formiche: Messor arenarius<\/strong><br \/>\nMessor arenarius, nota anche come \"formica raccoglitrice di dune\", \u00e8 una specie di formica granivora molto grande rispetto alle altre specie di Messor e si trova principalmente nelle regioni secche e calde del Nord Africa. Le sue operaie maggiori possono raggiungere la sorprendente dimensione di 18 mm. \u00c8 nota per la sua adattabilit\u00e0 agli habitat aridi e appartiene alle cosiddette formiche raccoglitrici, note per il loro interessante stile di vita e le imponenti strutture dei nidi.<\/p>\n<p>Visivamente, Messor arenarius si distingue per il suo corpo nero lucido e per le formiche operaie maggiori dalla struttura potente, particolarmente impressionante. Grazie alla sua natura robusta e alle semplici esigenze di mantenimento, \u00e8 una specie ideale per i principianti, ma per le sue dimensioni impressionanti \u00e8 interessante anche per i formichieri esperti.<\/p>\n<p><strong>Cibo per Messor arenarius<\/strong><br \/>\nIl Messor arenarius si nutre principalmente di cereali, che utilizza per fare il cosiddetto \"pane delle formiche\". Inoltre, la colonia accetta anche frutta dolce, piccoli insetti e cibo proteico. La maggior parte del fabbisogno di umidit\u00e0 \u00e8 coperto dai cereali, mentre il resto \u00e8 coperto dagli insetti e dai liquidi offerti, come l'acqua del miele.<\/p>\n<p><strong>Nel formicario deve essere somministrato il seguente mangime:<\/strong><br \/>\nMiscele di cereali<br \/>\nPiccoli insetti (ad es. mosche della frutta)<br \/>\nFornire sempre acqua fresca<br \/>\nAcqua e miele se necessario (nota: coprire sempre i liquidi aperti per evitare che le formiche vi cadano dentro).<\/p>\n<p><strong>Il formicaio giusto per Messor arenarius<\/strong><br \/>\nCome tutte le formiche raccoglitrici, anche Messor arenarius ha bisogno di un nido che offra zone asciutte e leggermente umide. La zona umida serve per la cura della covata, mentre la parte asciutta \u00e8 ideale per conservare le granaglie per evitare la formazione di muffe. Il nostro set iniziale contiene quindi due formicai (nidi), sufficienti per i primi 1-2 anni. Successivamente, il formicaio deve essere ampliato per creare spazio per la crescita della colonia.<\/p>\n<p><strong>Le condizioni climatiche ottimali per Messor arenarius:<\/strong><br \/>\n<strong>Umidit\u00e0:<\/strong><br \/>\nArena: 30-50 %<br \/>\nArea del nido: 50-70 %<\/p>\n<p><strong>Temperatura:<\/strong><br \/>\nArena: 25-30 \u00b0C<br \/>\nArea del nido: 22-28 \u00b0C<\/p>\n<p><strong>Materiale di nidificazione per Messor arenarius<\/strong><br \/>\nDigfix \u00e8 particolarmente adatto all'allevamento di Messor arenarius. \u00c8 resistente all'umidit\u00e0 e permette di vedere chiaramente le strutture del nido senza che i residui del substrato ostacolino la visuale, come invece accade con le miscele di sabbia e argilla.<\/p>\n<p>Poich\u00e9 con il tempo le operaie maggiori possono rosicchiare anche materiali pi\u00f9 duri, come l'Ytong, si consigliano nidi in vetro con inserto Digfix. Questa combinazione non solo offre una lunga durata, ma anche condizioni ottimali per l'osservazione e la cura della colonia.<\/p>\n<p>Con questo allestimento si crea una base ideale per l'allevamento di Messor arenarius e si possono osservare e curare queste affascinanti formiche per molti anni a venire.<\/p>\n<p><strong>Contenuti:<\/strong><br \/>\n1x Messor arenarius (regina + 1-4 operaie + covata)<br \/>\n1x grillo sbollentato 10g<br \/>\n1x cibo in grani minore 100g<br \/>\n1x cuscinetto per formicaio - 20x20cm<br \/>\n2x cuscinetto per formicaio - 20x6cm<\/p>\n<p>1x ANTCUBO - arena 20x20x10 - piatto<br \/>\n1x formica arena telaio 20\u00d720<br \/>\n1x copertura dell'arena delle formiche 20\u00d720<br \/>\n1x punti di fissaggio per la copertura dell'arena 4 pezzi.<br \/>\n1x ANTCUBE - Formicaio - L - 20\u00d720 - verticale<\/p>\n<p>2x ANTCUBE - Digfix Terra nidum 20\u00d720 - L - beige<br \/>\n1x Nido di popcorn 20\u00d720 - L<br \/>\n1x tubo da 1 m trasparente 20\/16 mm<br \/>\n2x ANTCUBE - Foglio rosso 20\u00d720 - filtro<br \/>\n2x clip adesive - trasparenti 2 pz.<br \/>\n1x substrato - deserto - 1 kg<\/p>\n<p>2x inserto a griglia - 50mm - acciaio inossidabile<br \/>\n1x inserto a griglia - 27mm - acciaio inossidabile<br \/>\n1x tappo a griglia - 16mm - acciaio inossidabile<\/p>\n<p>1x connettore tubo serbatoio 27-14,16,20 mm - trasparente<br \/>\n1x dosatore 2ml - dosabile<br \/>\n1x abbeveratoio chiaro 20ml - spugna<br \/>\n1x ciotola chiara 1\u00d720 - spugna<br \/>\n1x mini termoigrometro analogico - display - appeso<br \/>\n1x Olio di protezione contro la fuga delle formiche 10ml<br \/>\n1x Pinzette in acciaio per molle - larghe - morbide<br \/>\n1x Pinzetta in plastica trasparente<br \/>\n1x pipetta di plastica 3ml<br \/>\n1x lente d'ingrandimento manuale - 2x - 30mm<br \/>\n1x tergicristallo in schiuma 150x18x2,5mm<br \/>\n1x dorso fotografico - deserto - 20\u00d710<\/p>\n<p><strong>Descrizione Starter Set:<\/strong><br \/>\nQuesto starter set \u00e8 particolarmente adatto alle specie di formiche raccoglitrici di cereali del genere Messor o Pogonomyrmex. La fattoria con il piatto di popcorn \u00e8 destinata alla conservazione dei semi e del pane delle formiche e deve quindi essere mantenuta completamente asciutta per evitare che i semi\/grani conservati dalle formiche germoglino o ammuffiscano.<br \/>\nLa seconda fattoria con la piastra \"Terra nidum\" \u00e8 destinata alla nidificazione e alla riproduzione della colonia di formiche. Questa deve essere sempre mantenuta leggermente umida.<br \/>\nPer garantire una maggiore flessibilit\u00e0 nell'allestimento del formicario, abbiamo incluso una seconda piastra \"Terra nidum\" da utilizzare al posto del nido di popcorn.<\/p>\n<p><strong>Descrizione della piastra Terra nidum:<\/strong> La piastra Terra nidum (in latino nido di terra), realizzata in materiale scavabile, si adatta perfettamente ai nostri formicai ANTCUBE. Pu\u00f2 essere utilizzato sia asciutto che bagnato. \u00c8 adatto a molte specie di formiche, soprattutto a quelle che nidificano nella sabbia e nel legno (morto). Pu\u00f2 essere utilizzato al posto di miscele di sabbia\/argilla o di inserti per nidi di sughero. Il vantaggio di questo nido \u00e8 che l'inumidimento del piatto \u00e8 pi\u00f9 facile da controllare grazie a una decolorazione chiaramente visibile e la colorazione del piatto offre un super contrasto con le specie di formiche solitamente pi\u00f9 scure. Inoltre, i pannelli interni del formicaio non possono essere sporcati dal substrato, come avviene ad esempio con le miscele di sabbia e argilla, il che consente una visione perfetta del nido. Il nostro materiale per nidi ha anche una struttura molto pi\u00f9 solida, in modo che le gallerie e le camere scavate dalle formiche non crollino.<\/p>\n<p><strong>Descrizione del nido di popcorn:<\/strong> Questo nido di popcorn con passaggi e camere prefabbricate \u00e8 perfettamente adatto come granaio per le formiche Messor, ad esempio, ma anche per altre specie di formiche raccoglitrici di cereali. \u00c8 dotato di un foro per accedere al nido. Il nido di popcorn assorbe l'umidit\u00e0 e di conseguenza pu\u00f2 espandersi, quindi deve essere sempre mantenuto asciutto. Messor barbarus accetta molto bene il nostro nido di popcorn ANTCUBE come granaio. Con il tempo, le formiche iniziano a espandere il nido di popcorn e a mangiare il materiale del nido. L'odore di miele caramellato \u00e8 molto attraente.<\/p>\n<p>Il nido di popcorn deve essere utilizzato solo per le specie di formiche che richiedono un'umidit\u00e0 minima o nulla nell'area del nido.<\/p>\n<p><strong>Importante:<\/strong> Inumidire il substrato prima dell'uso, in modo che la miscela possa legarsi e fare presa sul formicaio. Inoltre, un substrato secco e polveroso pu\u00f2 causare l'ostruzione delle vie respiratorie delle formiche e, nel peggiore dei casi, il loro soffocamento.<\/p>\n<p><strong>Raccomandazione:<\/strong> Raccomandiamo uno strato di substrato di 2 mm di altezza, in modo che gli animali non possano scavare nell'arena e utilizzino invece la fattoria fornita a questo scopo. Raccomandiamo anche che il materiale di nidificazione nella fattoria (sabbia\/argilla, Digfix, ecc.) sia leggermente perforato in un punto per facilitare lo scavo agli animali.<\/p>\n<p><strong>Note sulla produzione<\/strong><br \/>\nIl vetro \u00e8 tagliato secondo la norma DIN 1249 con una tolleranza di +\/- 1mm. Per le specie di formiche estremamente piccole, \u00e8 indispensabile una protezione supplementare contro la fuga.<\/p>\n<p><strong>Note sulla fattoria<\/strong><br \/>\nQuando si attaccano o si rimuovono i tubi, si prega di notare quanto segue:<br \/>\nSe il tubo risulta molto difficile da inserire nel raccordo, \u00e8 necessario strofinare leggermente il raccordo con una goccia del nostro olio o polvere anti-scoppio. Il tubo deve quindi essere spinto sul raccordo con movimenti di rotazione o di avvitamento, senza sforzare il raccordo con movimenti su e gi\u00f9. Lo stesso vale quando si rimuovono i tubi dal raccordo dell'azienda agricola. Non tiratelo semplicemente!<\/p>\n<p><strong>Nota sulla Terra nidum:<\/strong> La tonalit\u00e0 del colore naturale pu\u00f2 variare tra il beige\/sabbia e il marrone chiaro. La tonalit\u00e0 del colore non influisce sulla qualit\u00e0.<br \/>\nA causa del processo di produzione, le dimensioni possono variare di +\/- 1 mm.<\/p>\n<p><strong>Nota sui grilli sbollentati:<\/strong><br \/>\nLa nostra marmellata di grilli \u00e8 un modo semplice per fornire alle formiche cibo proteico appena conservato senza dover somministrare insetti vivi. I grilli contenuti (Acheta domesticus) sono stati cotti delicatamente per garantire la conservazione dei valori nutrizionali, del gusto e dell'aroma. Inoltre, l'involucro chitinoso degli insetti viene ammorbidito in modo da poter essere digerito pi\u00f9 facilmente. I legami delle proteine del collagene vengono spezzati in modo che le formiche possano utilizzarli meglio. L'Acheta domesticus in scatola ha lo stesso valore nutrizionale dei grilli vivi, ma \u00e8 pi\u00f9 facile da digerire.<\/p>\n<p>I grilli sbollentati non sono adatti alla caccia di specie di formiche che richiedono cibo vivo (ad es. ponerini come Harpegnathos o Odontomachus).<\/p>\n<p><strong>Ulteriori vantaggi:<\/strong><br \/>\nGaranzia di assenza di acari<br \/>\nPu\u00f2 essere porzionato<br \/>\nSterilizzati e aspirati<br \/>\nSenza additivi<br \/>\nGrilli provenienti da allevamenti sostenibili puramente biologici, alimentati con rifiuti organici<\/p>\n<p><strong>Si prega di notare:<\/strong><br \/>\nSi conserva in frigorifero per circa quattro giorni dopo l'apertura. Si conserva pi\u00f9 a lungo se congelato.<\/p>\n<\/div>","protected":false},"excerpt":{"rendered":"<p>Offerta di un pacchetto che comprende una colonia di formiche Messor arenarius (regina + 5-10 operaie + covata), un set di avviamento per formiche raccoglitrici L Popcorn con 3x cuscinetti per formicaio e un barattolo dei nostri grilli speciali scottati (proteine umide). Solo fino a esaurimento scorte. Tutto ci\u00f2 che serve per allevare con successo Messor arenarius Questo pacchetto contiene tutto ci\u00f2 che serve per","protected":false},"featured_media":10873,"comment_status":"open","ping_status":"closed","template":"","meta":{"_acf_changed":false,"content-type":"","_monsterinsights_skip_tracking":false,"_monsterinsights_sitenote_active":false,"_monsterinsights_sitenote_note":"","_monsterinsights_sitenote_category":0},"product_brand":[],"product_cat":[355,344,353,73],"product_tag":[],"class_list":{"0":"post-5935","1":"product","2":"type-product","3":"status-publish","4":"has-post-thumbnail","6":"product_cat-bundle-offers","7":"product_cat-popcorn","8":"product_cat-starter-sets-for-harvester-ants","9":"product_cat-starter-sets","11":"first","12":"outofstock","13":"taxable","14":"shipping-taxable","15":"purchasable","16":"product-type-simple"},"acf":[],"aioseo_notices":[],"jetpack_sharing_enabled":true,"_links":{"self":[{"href":"https:\/\/antcube.shop\/it\/wp-json\/wp\/v2\/product\/5935","targetHints":{"allow":["GET"]}}],"collection":[{"href":"https:\/\/antcube.shop\/it\/wp-json\/wp\/v2\/product"}],"about":[{"href":"https:\/\/antcube.shop\/it\/wp-json\/wp\/v2\/types\/product"}],"replies":[{"embeddable":true,"href":"https:\/\/antcube.shop\/it\/wp-json\/wp\/v2\/comments?post=5935"}],"wp:featuredmedia":[{"embeddable":true,"href":"https:\/\/antcube.shop\/it\/wp-json\/wp\/v2\/media\/10873"}],"wp:attachment":[{"href":"https:\/\/antcube.shop\/it\/wp-json\/wp\/v2\/media?parent=5935"}],"wp:term":[{"taxonomy":"product_brand","embeddable":true,"href":"https:\/\/antcube.shop\/it\/wp-json\/wp\/v2\/product_brand?post=5935"},{"taxonomy":"product_cat","embeddable":true,"href":"https:\/\/antcube.shop\/it\/wp-json\/wp\/v2\/product_cat?post=5935"},{"taxonomy":"product_tag","embeddable":true,"href":"https:\/\/antcube.shop\/it\/wp-json\/wp\/v2\/product_tag?post=5935"}],"curies":[{"name":"wp","href":"https:\/\/api.w.org\/{rel}","templated":true}]}}