{"id":5934,"date":"2023-06-24T12:30:09","date_gmt":"2023-06-24T10:30:09","guid":{"rendered":"https:\/\/antcube.shop\/product\/antcube-terra-nidum-20x20-l-beige\/"},"modified":"2026-04-13T09:31:07","modified_gmt":"2026-04-13T07:31:07","slug":"antcube-terra-nidum-20x20-l-beige","status":"publish","type":"product","link":"https:\/\/antcube.shop\/it\/prodotto\/antcube-terra-nidum-20x20-l-beige\/","title":{"rendered":"ANTCUBE - Digfix Terra nidum 20\u00d720 - L - beige"},"content":{"rendered":"<p><strong>Dimensioni:<\/strong> 183x160x20 mm<\/p>\n<p><strong>Materiale:<\/strong> materiale scavabile su base di resina.<\/p>\n<p><strong>Descrizione:<\/strong> La piastra Terra nidum (lat. nido di terra) in materiale scavabile \u00e8 perfetta per i nostri formicai ANTCUBE. Pu\u00f2 essere utilizzato sia asciutto che bagnato. \u00c8 adatto a molte specie di formiche, soprattutto a quelle che nidificano nella sabbia e nel legno (morto). Pu\u00f2 essere utilizzato al posto delle miscele di sabbia e argilla o degli inserti di sughero. Il vantaggio di questo nido \u00e8 che la bagnatura della piastra \u00e8 pi\u00f9 facile da controllare grazie a una decolorazione ben visibile e il colore della piastra offre un grande contrasto con le specie di formiche solitamente di colore pi\u00f9 scuro. Inoltre, i pannelli interni del formicaio non possono essere sporcati dal substrato, come avviene, ad esempio, con le miscele di sabbia e argilla, il che consente una visione perfetta del nido. Il nostro materiale per nidi ha anche una struttura molto pi\u00f9 solida, in modo che i passaggi e le camere scavate dalle formiche non crollino.<\/p>\n<p><strong>Nota:<\/strong> La tonalit\u00e0 del colore naturale pu\u00f2 variare tra il beige\/sabbia e il marrone chiaro. La tonalit\u00e0 del colore non influisce sulla qualit\u00e0.<br \/>\nA causa della produzione, le dimensioni possono variare di +\/- 1 mm.<\/p>","protected":false},"excerpt":{"rendered":"<p>Gr\u00f6\u00dfe: <strong>L<\/strong><\/p>","protected":false},"featured_media":5928,"comment_status":"open","ping_status":"closed","template":"","meta":{"_acf_changed":false,"content-type":"","_monsterinsights_skip_tracking":false,"_monsterinsights_sitenote_active":false,"_monsterinsights_sitenote_note":"","_monsterinsights_sitenote_category":0},"product_brand":[],"product_cat":[257,87,88],"product_tag":[],"class_list":{"0":"post-5934","1":"product","2":"type-product","3":"status-publish","4":"has-post-thumbnail","6":"product_cat-new-innovatve-products","7":"product_cat-nest-insets","8":"product_cat-digfix","10":"first","11":"instock","12":"taxable","13":"shipping-taxable","14":"purchasable","15":"product-type-simple"},"acf":[],"aioseo_notices":[],"jetpack_sharing_enabled":true,"_links":{"self":[{"href":"https:\/\/antcube.shop\/it\/wp-json\/wp\/v2\/product\/5934","targetHints":{"allow":["GET"]}}],"collection":[{"href":"https:\/\/antcube.shop\/it\/wp-json\/wp\/v2\/product"}],"about":[{"href":"https:\/\/antcube.shop\/it\/wp-json\/wp\/v2\/types\/product"}],"replies":[{"embeddable":true,"href":"https:\/\/antcube.shop\/it\/wp-json\/wp\/v2\/comments?post=5934"}],"wp:featuredmedia":[{"embeddable":true,"href":"https:\/\/antcube.shop\/it\/wp-json\/wp\/v2\/media\/5928"}],"wp:attachment":[{"href":"https:\/\/antcube.shop\/it\/wp-json\/wp\/v2\/media?parent=5934"}],"wp:term":[{"taxonomy":"product_brand","embeddable":true,"href":"https:\/\/antcube.shop\/it\/wp-json\/wp\/v2\/product_brand?post=5934"},{"taxonomy":"product_cat","embeddable":true,"href":"https:\/\/antcube.shop\/it\/wp-json\/wp\/v2\/product_cat?post=5934"},{"taxonomy":"product_tag","embeddable":true,"href":"https:\/\/antcube.shop\/it\/wp-json\/wp\/v2\/product_tag?post=5934"}],"curies":[{"name":"wp","href":"https:\/\/api.w.org\/{rel}","templated":true}]}}