{"id":5475,"date":"2023-02-10T13:18:16","date_gmt":"2023-02-10T12:18:16","guid":{"rendered":"https:\/\/antcube.shop\/produkt\/popcorn-nest-20x20-l\/"},"modified":"2026-03-09T17:50:04","modified_gmt":"2026-03-09T16:50:04","slug":"popcorn-nido-20x20-l","status":"publish","type":"product","link":"https:\/\/antcube.shop\/it\/prodotto\/popcorn-nido-20x20-l\/","title":{"rendered":"Nido Popcorn 20\u00d720 - L"},"content":{"rendered":"<p><strong>Dimensioni:<\/strong> 184 x 160 x 18 mm<\/p>\n<p><strong>Materiale:<\/strong> popcorn pressati con saccarosio e proteine<\/p>\n<p><strong>Si adatta solo<\/strong> nei nostri formicai dimensioni <strong>L<\/strong><\/p>\n<p><strong>Descrizione:<\/strong> Questo nido di popcorn con passaggi e camere prefabbricate \u00e8 perfetto come camera per i cereali, ad esempio per le formiche Messor ma anche per altre specie di formiche raccoglitrici di cereali. \u00c8 dotato di un foro di accesso al nido. Il nido di popcorn assorbe l'umidit\u00e0 e pu\u00f2 quindi espandersi.<strong> deve essere assolutamente mantenuto asciutto<\/strong>. Messor barbarus accetta molto bene il nostro nido di popcorn ANTCUBE come camera per i cereali. Con il tempo, le formiche inizieranno a espandere il nido di popcorn e a mangiare il materiale del nido.<\/p>\n<p>Il nido Popcorn deve essere utilizzato solo per le specie di formiche che richiedono un'umidit\u00e0 minima o nulla nell'area del nido.<\/p>","protected":false},"excerpt":{"rendered":"<p>Dimensioni: 184 x 160 x 18 mm Materiale: popcorn pressato con saccarosio e proteine Adatto solo ai nostri formicai di taglia L Descrizione: Questo nido di popcorn con passaggi e camere prefabbricate \u00e8 perfetto come camera per i cereali, ad esempio per le formiche Messor ma anche per altre specie di formiche raccoglitrici di cereali. Ha un foro come nido","protected":false},"featured_media":5459,"comment_status":"open","ping_status":"closed","template":"","meta":{"_acf_changed":false,"content-type":"","_monsterinsights_skip_tracking":false,"_monsterinsights_sitenote_active":false,"_monsterinsights_sitenote_note":"","_monsterinsights_sitenote_category":0},"product_brand":[],"product_cat":[257,344,87],"product_tag":[],"class_list":{"0":"post-5475","1":"product","2":"type-product","3":"status-publish","4":"has-post-thumbnail","6":"product_cat-new-innovatve-products","7":"product_cat-popcorn","8":"product_cat-nest-insets","10":"first","11":"instock","12":"taxable","13":"shipping-taxable","14":"purchasable","15":"product-type-simple"},"acf":[],"aioseo_notices":[],"jetpack_sharing_enabled":true,"_links":{"self":[{"href":"https:\/\/antcube.shop\/it\/wp-json\/wp\/v2\/product\/5475","targetHints":{"allow":["GET"]}}],"collection":[{"href":"https:\/\/antcube.shop\/it\/wp-json\/wp\/v2\/product"}],"about":[{"href":"https:\/\/antcube.shop\/it\/wp-json\/wp\/v2\/types\/product"}],"replies":[{"embeddable":true,"href":"https:\/\/antcube.shop\/it\/wp-json\/wp\/v2\/comments?post=5475"}],"wp:featuredmedia":[{"embeddable":true,"href":"https:\/\/antcube.shop\/it\/wp-json\/wp\/v2\/media\/5459"}],"wp:attachment":[{"href":"https:\/\/antcube.shop\/it\/wp-json\/wp\/v2\/media?parent=5475"}],"wp:term":[{"taxonomy":"product_brand","embeddable":true,"href":"https:\/\/antcube.shop\/it\/wp-json\/wp\/v2\/product_brand?post=5475"},{"taxonomy":"product_cat","embeddable":true,"href":"https:\/\/antcube.shop\/it\/wp-json\/wp\/v2\/product_cat?post=5475"},{"taxonomy":"product_tag","embeddable":true,"href":"https:\/\/antcube.shop\/it\/wp-json\/wp\/v2\/product_tag?post=5475"}],"curies":[{"name":"wp","href":"https:\/\/api.w.org\/{rel}","templated":true}]}}