{"id":5380,"date":"2023-02-01T17:57:19","date_gmt":"2023-02-01T16:57:19","guid":{"rendered":"https:\/\/antcube.shop\/produkt\/bundle-offer-lasius-niger\/"},"modified":"2026-04-15T09:41:53","modified_gmt":"2026-04-15T07:41:53","slug":"fascio-offerta-lasius-niger","status":"publish","type":"product","link":"https:\/\/antcube.shop\/it\/prodotto\/fascio-offerta-lasius-niger\/","title":{"rendered":"Offerta pacchetto - Lasius niger"},"content":{"rendered":"<p><span data-text-color=\"secondary\"><strong>Pacchetto che comprende una colonia di formiche Lasius niger (regina + 26-50 operaie + covata), uno starter set Combi M con telaio di protezione per la fuga, inserto a griglia da 50 mm, base per formicaio - 20x20 cm, abbeveratoio trasparente da 20 ml - spugna, un barattolo dei nostri speciali grilli interi sbollentati da 10 g (proteine umide) e una confezione di ricarica di miscela di melata da 10 ml.<\/strong><\/span><\/p>\n<p><span data-text-color=\"alert\"><strong>Solo fino a esaurimento scorte.<\/strong><\/span><\/p>\n<p><strong>Tutto ci\u00f2 che serve per una colonia di formiche Lasius niger<\/strong><br \/>\nQuesto pacchetto contiene tutto ci\u00f2 che serve per portare avanti con successo una colonia di Lasius niger nei primi mesi. \u00c8 espandibile in modo flessibile ed \u00e8 esplicitamente adatto ai principianti nell'allevamento di formiche.<\/p>\n<p>Specie di formica Lasius niger Il Lasius niger, noto anche come \"formica nera\", \u00e8 una delle specie pi\u00f9 popolari per i principianti nell'allevamento di formiche. \u00c8 una delle formiche di dimensioni medio-piccole ed \u00e8 molto frugale. \u00c8 diffusa in tutta Europa, ma si trova anche in Asia, Africa e Nord America.<\/p>\n<p><strong>Cibo per Lasius niger<\/strong><br \/>\nIn natura, il Lasius niger spesso trattiene gli afidi per raccogliere la loro melata prodotta dalla linfa delle piante. Cos\u00ec facendo, li protegge e li trasporta anche sui giovani germogli.<br \/>\nNel formicario si possono semplicemente mettere alcuni rametti infestati (ad esempio rose, sambuco, ribes) in un vaso e osservare gli animali che li mungono. Nel formicario \u00e8 meglio somministrare una soluzione di miele e cibo proteico (piccoli insetti vivi o cibo proteico essiccato).<\/p>\n<p><strong>Ibernazione nel Lasius niger<\/strong><br \/>\nIl Lasius niger va in letargo tra la fine di ottobre e la fine di marzo a 5-8 gradi. Per quanto riguarda il formicaio, si pu\u00f2 semplicemente collocare l'intero formicaio in una stanza fresca o (se il formicaio \u00e8 dotato di un inserto nido rimovibile) collocare l'inserto nido nel frigorifero, ad esempio. Tuttavia, \u00e8 necessario assicurarsi che le formiche non siano esposte a temperature inferiori a 0 gradi, poich\u00e9 nel formicario non sono mai protette dal freddo come in natura. Ci sono anche segnalazioni di allevatori che tengono il Lasius niger senza ibernazione. Tuttavia, questo pu\u00f2 portare a una riduzione della durata di vita della colonia o a un rallentamento dello sviluppo della covata. Durante il letargo, gli animali non hanno bisogno di essere nutriti o lo sono molto poco, se necessario. Tuttavia, \u00e8 necessario controllare regolarmente l'umidit\u00e0 e fare attenzione alle muffe!<\/p>\n<p><strong>Contenuti:<\/strong><\/p>\n<p>1x Lasius niger (regina + 26-50 operaie + covata)<br \/>\n1x Marmellata di grilli 25g<br \/>\n1x Honeydew honey 10ml refill pack<\/p>\n<p>1x ANTCUBE - Arena 20x20x20 - Combi M<br \/>\n1x Copertura dell'arena delle formiche 20\u00d720<br \/>\n4x Punto di fissaggio per la copertura dell'arena<br \/>\n1x Formica arena telaio 20\u00d720<br \/>\n1x pad for formicariums &#8211; 20x20cm<\/p>\n<p>2x grid insert &#8211; 50mm<br \/>\n2x grid insert &#8211; 27mm<br \/>\n1x ANTCUBE - Piastra Digfix 20\u00d720 - M<br \/>\n1x soil &#8211; Sand-loam red &#8211; 200g<\/p>\n<p>1x Foil thermometer display<br \/>\n1x drinking clear 5ml &#8211; sponge<br \/>\n1x abbeveratoio 2ml - 360 gradi<br \/>\n1x Feeding dish white rectangle &#8211; 3 compartments<br \/>\n1x Lente d'ingrandimento manuale - 2x - 30mm<br \/>\n1x Transparent plastic tweezers<br \/>\n1x pinzetta a molla in acciaio - larga - morbida<br \/>\n1x pipetta di plastica 3ml<br \/>\n1x olio di protezione dalle formiche 10ml<br \/>\n1x Foam wiper 150x18x2.5mm<\/p>\n<p><strong>Descrizione:<\/strong><br \/>\nQuesto Starter Set - Combi \u00e8 adatto alla maggior parte delle specie di formiche che nidificano nel terreno.<br \/>\nIl set \u00e8 molto compatto e gli accessori inclusi sono stati ridotti all'essenziale.<br \/>\nSi tratta quindi di un set economico realizzato con materiali di alta qualit\u00e0, ideale per iniziare l'allevamento di formiche.<br \/>\nIl substrato incluso, di colore beige argilloso, \u00e8 ben accettato dalla maggior parte delle specie di formiche scavatrici di nidi di terra.<\/p>\n<p>Tuttavia, nell'area del nido dell'arena possono essere collocati anche altri substrati di terreno o inserti di nidificazione.<br \/>\nAltri accessori utili si trovano tra i suggerimenti (vedi sotto).<\/p>\n<p><strong>Raccomandazione:<\/strong> Raccomandiamo uno strato di substrato di 2 mm di altezza, in modo che gli animali non possano scavare nell'arena e utilizzino invece la fattoria fornita a questo scopo. Raccomandiamo anche che il materiale di nidificazione nella fattoria (sabbia\/argilla, Digfix, ecc.) sia leggermente perforato in un punto per facilitare lo scavo agli animali.<\/p>\n<p><strong>Importante:<\/strong> Inumidire il substrato prima dell'uso, in modo che la miscela possa legarsi e fare presa sul formicaio. Inoltre, un substrato secco e polveroso pu\u00f2 causare l'ostruzione delle vie respiratorie delle formiche e, nel peggiore dei casi, il loro soffocamento.<\/p>\n<p><strong>Nota:<\/strong><br \/>\nQuando si utilizzano i nostri inserti per nidi, si noti che questi sono pi\u00f9 stretti di 8 mm, poich\u00e9 sono stati originariamente progettati per adattarsi ai nostri inserti per formicai e arene pi\u00f9 stretti! In questo caso, lo spazio intermedio dovr\u00e0 essere riempito con materiale di riempimento come gesso o argilla.<\/p>\n<p><strong>Note sulla produzione<\/strong><br \/>\nIl vetro \u00e8 tagliato secondo la norma DIN 1249 con una tolleranza di +\/- 1mm. Per le specie di formiche estremamente piccole, \u00e8 indispensabile una protezione supplementare contro la fuga.<\/p>\n<p><strong>Istruzioni: <\/strong>(Versione 2023, la versione aggiornata per il 2024 sar\u00e0 disponibile al pi\u00f9 tardi entro il 04\/2024)<strong><br \/>\n<\/strong><\/p>\n<p>- DE<a href=\"https:\/\/www.antstore.net\/shop\/images\/info\/de\/Gebrauchsanweisung%20Starter%20Set%20Combi.pdf\"> Gebrauchsanweisung Starter Set Combi<\/a> (PDF 7,98 MB)<\/p>\n<p>- IT<a href=\"https:\/\/www.antstore.net\/shop\/images\/info\/en\/Instructions%20for%20use%20-%20Starter%20Set%20Combi.pdf\"> Istruzioni per l'uso - Starter Set Combi<\/a> (PDF 7,94 MB)<\/p>\n<p>- ES<a href=\"https:\/\/www.antstore.net\/shop\/images\/info\/es\/Manual%20de%20instrucciones%20-%20Set%20de%20inicio%20Combi.pdf\"> Manuale d'istruzioni - Set de inicio Combi<\/a> (PDF 7,94 MB)<\/p>\n<p>- FR<a href=\"https:\/\/www.antstore.net\/shop\/images\/info\/fr\/Manuel%20d'instruction%20-%20Kit%20de%20d%C3%A9marrage%20Combi.pdf\"> Manuale d'istruzioni - Kit de d\u00e9marrage Combi<\/a> (PDF 7,95 MB)<\/p>\n<p><strong>Note sulla marmellata di grilli:<\/strong><br \/>\nLa nostra marmellata di grilli \u00e8 un modo semplice per fornire alle formiche cibo proteico appena conservato senza dover somministrare insetti vivi. I grilli contenuti (Acheta domesticus) sono stati cotti delicatamente per garantire la conservazione dei valori nutrizionali, del gusto e dell'aroma. Inoltre, l'involucro chitinoso degli insetti viene ammorbidito in modo da poter essere digerito pi\u00f9 facilmente. I legami delle proteine del collagene vengono spezzati in modo che le formiche possano utilizzarli meglio. L'Acheta domesticus in scatola ha lo stesso valore nutrizionale dei grilli vivi, ma \u00e8 pi\u00f9 facile da digerire.<\/p>\n<p>Il Cricket Jam non \u00e8 adatto per cacciare specie di formiche che richiedono cibo vivo (ad esempio, ponerini (grandi formiche) come Harpegnathos o Odontomachus).<\/p>\n<p><strong>Ulteriori vantaggi:<\/strong><br \/>\nGaranzia di assenza di acari<br \/>\nPu\u00f2 essere porzionato e diluito con acqua<br \/>\nSterilizzati e confezionati sottovuoto<br \/>\nSenza additivi<br \/>\nGrilli provenienti da allevamenti sostenibili puramente biologici, alimentati con rifiuti organici<\/p>\n<p><strong>Nota:<\/strong><br \/>\nSi conserva in frigorifero per circa quattro giorni dopo l'apertura. Si conserva pi\u00f9 a lungo se congelato.<br \/>\nAttenzione: Prima porzionare, poi congelare.<\/p>\n<p><strong>Nota sulla melata:<\/strong><br \/>\nContenuto: 10 ml<br \/>\nSi tratta di un prodotto naturale, che abbiamo perfezionato dopo approfonditi test nel nostro laboratorio e sviluppato in un alimento molto ben accettato dalle formiche. Il motivo \u00e8 che il miele di melata non trasformato nella sua forma originale concentrata non \u00e8 ben accettato dalle formiche e dal loro metabolismo.<br \/>\nLa nostra melata \u00e8 stata raccolta nelle incontaminate foreste selvatiche di montagna della Bulgaria. La melata viene prodotta solo per un periodo molto limitato, circa due mesi in estate. \u00c8 quindi molto rara. Grazie alle caratteristiche specifiche del suolo delle foreste e al clima, le sostanze nutritive essenziali vengono immagazzinate nelle foglie degli alberi e assorbite dagli afidi. \u00c8 questo che rende la miscela di melata cos\u00ec appetibile per le formiche.<\/p>\n<p><strong>Applicazione:<\/strong><br \/>\nLa quantit\u00e0 di cibo deve essere consumata entro circa 3 giorni.<\/p>\n<p><strong>Descrizione:<\/strong><br \/>\nLa melata, a differenza del miele di fiori, si ottiene dalle secrezioni di insetti che succhiano le piante, come gli afidi. La melata \u00e8 una fonte di cibo popolare per molti insetti come formiche, api e bombi. Api e bombi la leccano dalle foglie o dagli aghi di vari alberi. Le formiche, come il Lasius niger, fanno letteralmente incetta di afidi. Li difendono persino dai predatori e li trasportano sui germogli freschi.<\/p>\n<p>La melata \u00e8 particolarmente apprezzata dalle formiche per i suoi componenti un po' diversi. Gli zuccheri principali della melata sono il saccarosio e il fruttosio, ma si trovano anche quantit\u00e0 minori di maltosio, trealosio, melezitosio, raffinosio e altri oligosaccaridi. Oltre allo zucchero e all'acqua, la melata contiene anche aminoacidi essenziali, minerali, oligoelementi, adenosine, fosfati e altri ingredienti come le vitamine.<\/p>\n<p><strong>Utilizzare:<\/strong><br \/>\nPer le specie di formiche mangiatrici di miele (Meliphagidae)<br \/>\nSi tratta di un mangime supplementare<br \/>\nPu\u00f2 essere offerto agli animali cos\u00ec come viene fornito. Poich\u00e9 la concentrazione di zucchero viene ridotta dall'umidit\u00e0 e inizia un processo di fermentazione, il mangime deve essere sostituito ogni 3 giorni. Pulire accuratamente la ciotola o la provetta prima di riutilizzarla.<br \/>\nUna volta aperta, la confezione deve essere conservata ben chiusa fino alla data di scadenza.<\/p>\n<p><strong>Informazioni nutrizionali per 100 g:<\/strong><br \/>\ncirca 2,7 grassi %<br \/>\ndi cui saturi circa 0,45 %<br \/>\ncirca 95 carboidrati %<br \/>\ndi cui zucchero circa 71<br \/>\ncirca 2,85% di proteine<br \/>\nMinerali (potassio, calcio, rame, ferro, sodio, magnesio, fosforo, zinco e altri oligoelementi) Aminoacidi (prolina, leucina, fenilalanina, alanina, istidina, isoleucina, acido glutammico, arginina, acido aspartico, ecc.) Acidi organici Enzimi (fermenti) Aromi Inibitori (sostanze antibatteriche) Fiori Polline<\/p>\n<p><strong>Stoccaggio:<\/strong><br \/>\nPer garantire la qualit\u00e0 del mangime, \u00e8 necessario conservarlo in un luogo buio e asciutto.<\/p>\n<p><strong>Nota:<\/strong><br \/>\nMangime complementare per formiche mangiatrici di miele.<br \/>\nPer la composizione, gli ingredienti analitici, la data di scadenza e il numero di lotto, consultare il foglietto illustrativo.<\/p>\n<p>Numero verde per informazioni +49 30 439703870<\/p>\n<p>Ispettorato veterinario e alimentare responsabile:<br \/>\nUfficio veterinario Steglitz<br \/>\nVia K\u00f6nigin-Luise 92<br \/>\n14195 Berlino<\/p>","protected":false},"excerpt":{"rendered":"<p>Dimensioni: M<\/p>","protected":false},"featured_media":7115,"comment_status":"open","ping_status":"closed","template":"","meta":{"_acf_changed":false,"content-type":"","_monsterinsights_skip_tracking":false,"_monsterinsights_sitenote_active":false,"_monsterinsights_sitenote_note":"","_monsterinsights_sitenote_category":0},"product_brand":[],"product_cat":[355,73,78],"product_tag":[],"class_list":{"0":"post-5380","1":"product","2":"type-product","3":"status-publish","4":"has-post-thumbnail","6":"product_cat-bundle-offers","7":"product_cat-starter-sets","8":"product_cat-starter-sets-combi","10":"first","11":"instock","12":"taxable","13":"shipping-taxable","14":"purchasable","15":"product-type-simple"},"acf":[],"aioseo_notices":[],"jetpack_sharing_enabled":true,"_links":{"self":[{"href":"https:\/\/antcube.shop\/it\/wp-json\/wp\/v2\/product\/5380","targetHints":{"allow":["GET"]}}],"collection":[{"href":"https:\/\/antcube.shop\/it\/wp-json\/wp\/v2\/product"}],"about":[{"href":"https:\/\/antcube.shop\/it\/wp-json\/wp\/v2\/types\/product"}],"replies":[{"embeddable":true,"href":"https:\/\/antcube.shop\/it\/wp-json\/wp\/v2\/comments?post=5380"}],"wp:featuredmedia":[{"embeddable":true,"href":"https:\/\/antcube.shop\/it\/wp-json\/wp\/v2\/media\/7115"}],"wp:attachment":[{"href":"https:\/\/antcube.shop\/it\/wp-json\/wp\/v2\/media?parent=5380"}],"wp:term":[{"taxonomy":"product_brand","embeddable":true,"href":"https:\/\/antcube.shop\/it\/wp-json\/wp\/v2\/product_brand?post=5380"},{"taxonomy":"product_cat","embeddable":true,"href":"https:\/\/antcube.shop\/it\/wp-json\/wp\/v2\/product_cat?post=5380"},{"taxonomy":"product_tag","embeddable":true,"href":"https:\/\/antcube.shop\/it\/wp-json\/wp\/v2\/product_tag?post=5380"}],"curies":[{"name":"wp","href":"https:\/\/api.w.org\/{rel}","templated":true}]}}