{"id":5378,"date":"2023-02-01T17:48:16","date_gmt":"2023-02-01T16:48:16","guid":{"rendered":"https:\/\/antcube.shop\/produkt\/honigtau-mix-in-2ml-futterrohrchen-10-st\/"},"modified":"2026-03-30T19:04:28","modified_gmt":"2026-03-30T17:04:28","slug":"honigtau-mix-in-2ml-futterrohrchen-10-st","status":"publish","type":"product","link":"https:\/\/antcube.shop\/it\/prodotto\/honigtau-mix-in-2ml-futterrohrchen-10-st\/","title":{"rendered":"Miscela di meloni in tubi di alimentazione da 2 ml - 10 pz."},"content":{"rendered":"<p><strong>Contenuto:<\/strong> 10x 2 ml<\/p>\n<p>Si tratta di un prodotto naturale, che abbiamo perfezionato dopo approfonditi test nel nostro laboratorio e sviluppato in un alimento molto ben accettato dalle formiche. Il motivo \u00e8 che il miele di melata non trasformato nella sua forma originale concentrata non \u00e8 ben accettato dalle formiche e dal loro metabolismo.<\/p>\n<p>La nostra melata \u00e8 stata raccolta nelle incontaminate foreste selvatiche di montagna della Bulgaria. La melata viene prodotta solo in un periodo molto limitato, di circa due mesi in estate. Pertanto, \u00e8 molto rara. A causa delle caratteristiche specifiche del suolo delle foreste e del clima, nelle foglie degli alberi sono stati immagazzinati nutrienti importanti dal punto di vista esistenziale, che vengono assorbiti dagli afidi. \u00c8 questo che rende la miscela di melata cos\u00ec appetibile per le formiche.<\/p>\n<p><strong>Applicazione:<\/strong><br \/>\nIl tubo di alimentazione pu\u00f2 essere collocato nella sua interezza nel formicario, in alternativa si possono aggiungere piccole quantit\u00e0 in una ciotola di alimentazione secondo le necessit\u00e0 e le dimensioni della colonia. La quantit\u00e0 di cibo deve essere consumata in circa 3 giorni.<\/p>\n<p><strong>Descrizione:<\/strong><br \/>\nLa melata, a differenza del miele di fiori, deriva dalle secrezioni di insetti che succhiano le piante, come gli afidi. La melata \u00e8 la fonte di cibo preferita di molti insetti come formiche, api e persino bombi. Api e bombi la leccano dalle foglie o dagli aghi di diversi alberi. Le formiche, come il Lasius niger, si nutrono regolarmente di afidi. Li difendono anche dai predatori e li trasportano sui germogli freschi.<\/p>\n<p>La melata \u00e8 apprezzata dalle formiche soprattutto per i suoi componenti un po' diversi. Gli zuccheri principali della melata sono il saccarosio e il fruttosio, ma sono presenti anche quantit\u00e0 minori di maltosio, trealosio, melezitosio, raffinosio e altri oligosaccaridi. Oltre agli zuccheri e all'acqua, la melata contiene anche aminoacidi di importanza esistenziale, minerali, oligoelementi, adenosina fosfati e altri ingredienti come le vitamine.<\/p>\n<p><strong>Utilizzi:<\/strong><br \/>\nPer le specie di formiche mangiatrici di miele (Meliphagidae).<br \/>\n\u00c8 un mangime supplementare (mangime unico)<br \/>\nPu\u00f2 essere offerto agli animali allo stato di consegna. Poich\u00e9 l'umidit\u00e0 riduce la concentrazione di zucchero e inizia un processo di fermentazione, il cibo deve essere sostituito ogni 3 giorni. Pulire accuratamente la ciotola o la provetta prima di riutilizzarla.<br \/>\nUna confezione aperta deve essere usata ben chiusa fino alla data indicata (da consumarsi entro).<\/p>\n<p><strong>Informazioni nutrizionali per 100 g:<\/strong><br \/>\ncirca 2,7 grassi %<br \/>\ndi cui saturo ca. 0,45 %<br \/>\nca 95 % carboidrati<br \/>\ndi cui zucchero ca. 71%<br \/>\nca 2.851 proteinaTP3T<\/p>\n<p>Minerali (potassio, calcio, rame, ferro, sodio, magnesio, fosforo, zinco e altri oligoelementi) Aminoacidi (prolina, leucina, fenilalanina, alanina, istidina, isoleucina, acido glutammico, arginina, acido aspartico, ecc.) Acidi organici Enzimi (fermenti) Aromi Inibitori (sostanze antibatteriche) Fiori Polline<\/p>\n<p><strong>Stoccaggio:<\/strong><br \/>\nper garantire la qualit\u00e0 del mangime, deve essere conservato in un luogo buio e asciutto.<\/p>\n<p><strong>Avviso:<\/strong><br \/>\nLe informazioni su come utilizzare i tubi di alimentazione possono essere trovate qui: Link<br \/>\nMangime complementare per formiche mangiatrici di miele.<br \/>\nSi prega di fare riferimento al foglietto illustrativo per la composizione, gli ingredienti analitici, la data di scadenza e il numero di lotto.<\/p>\n<p>Numero verde per informazioni +49 30 439703870<\/p>\n<p><strong>Autorit\u00e0 veterinaria e di vigilanza alimentare responsabile:<\/strong><br \/>\nUfficio veterinario Steglitz<br \/>\nVia K\u00f6nigin-Luise 92<br \/>\n14195 Berlino<\/p>\n<p>&nbsp;<\/p>\n<div style=\"width: 1020px;\" class=\"wp-video\"><video class=\"wp-video-shortcode\" id=\"video-5378-1\" width=\"1020\" height=\"1813\" preload=\"metadata\" controls=\"controls\"><source type=\"video\/mp4\" src=\"https:\/\/antcube.shop\/wp-content\/uploads\/2024\/04\/black-ant_ein-shot_aphids-.mp4?_=1\" \/><a href=\"https:\/\/antcube.shop\/wp-content\/uploads\/2024\/04\/black-ant_ein-shot_aphids-.mp4\">https:\/\/antcube.shop\/wp-content\/uploads\/2024\/04\/black-ant_ein-shot_aphids-.mp4<\/a><\/video><\/div>","protected":false},"excerpt":{"rendered":"<p>Cibo supplementare<\/p>","protected":false},"featured_media":5385,"comment_status":"open","ping_status":"closed","template":"","meta":{"_acf_changed":false,"content-type":"","_monsterinsights_skip_tracking":false,"_monsterinsights_sitenote_active":false,"_monsterinsights_sitenote_note":"","_monsterinsights_sitenote_category":0},"product_brand":[],"product_cat":[257,115,116],"product_tag":[],"class_list":{"0":"post-5378","1":"product","2":"type-product","3":"status-publish","4":"has-post-thumbnail","6":"product_cat-new-innovatve-products","7":"product_cat-food-and-feeding","8":"product_cat-food","10":"first","11":"instock","12":"taxable","13":"shipping-taxable","14":"purchasable","15":"product-type-simple"},"acf":[],"aioseo_notices":[],"jetpack_sharing_enabled":true,"_links":{"self":[{"href":"https:\/\/antcube.shop\/it\/wp-json\/wp\/v2\/product\/5378","targetHints":{"allow":["GET"]}}],"collection":[{"href":"https:\/\/antcube.shop\/it\/wp-json\/wp\/v2\/product"}],"about":[{"href":"https:\/\/antcube.shop\/it\/wp-json\/wp\/v2\/types\/product"}],"replies":[{"embeddable":true,"href":"https:\/\/antcube.shop\/it\/wp-json\/wp\/v2\/comments?post=5378"}],"wp:featuredmedia":[{"embeddable":true,"href":"https:\/\/antcube.shop\/it\/wp-json\/wp\/v2\/media\/5385"}],"wp:attachment":[{"href":"https:\/\/antcube.shop\/it\/wp-json\/wp\/v2\/media?parent=5378"}],"wp:term":[{"taxonomy":"product_brand","embeddable":true,"href":"https:\/\/antcube.shop\/it\/wp-json\/wp\/v2\/product_brand?post=5378"},{"taxonomy":"product_cat","embeddable":true,"href":"https:\/\/antcube.shop\/it\/wp-json\/wp\/v2\/product_cat?post=5378"},{"taxonomy":"product_tag","embeddable":true,"href":"https:\/\/antcube.shop\/it\/wp-json\/wp\/v2\/product_tag?post=5378"}],"curies":[{"name":"wp","href":"https:\/\/api.w.org\/{rel}","templated":true}]}}