{"id":5347,"date":"2023-01-17T17:36:25","date_gmt":"2023-01-17T16:36:25","guid":{"rendered":"https:\/\/antcube.shop\/produkt\/bundle-offer-messor-barbarus\/"},"modified":"2026-04-13T09:28:50","modified_gmt":"2026-04-13T07:28:50","slug":"pacchetto-offerta-messor-barbarus","status":"publish","type":"product","link":"https:\/\/antcube.shop\/it\/prodotto\/pacchetto-offerta-messor-barbarus\/","title":{"rendered":"Offerta pacchetto - Messor barbarus"},"content":{"rendered":"<p><span data-text-color=\"secondary\"><strong>Offerta di un pacchetto che comprende una colonia di formiche Messor barbarus (regina + 11-25 operaie + covata), un set di avviamento per Messor spec. con 3x tappetini per formicarium e un barattolo dei nostri speciali grilli interi scottati 10g (proteine umide).<\/strong><\/span><\/p>\n<p><span data-text-color=\"alert\"><strong>Solo fino a esaurimento scorte.<\/strong><\/span><\/p>\n<p><strong>Tutto ci\u00f2 che serve per una colonia di formiche Messor barbarus<\/strong><br \/>\nQuesto pacchetto contiene tutto ci\u00f2 che serve per portare avanti con successo una colonia di Messor barbarus nei primi mesi. \u00c8 espandibile in modo flessibile ed \u00e8 esplicitamente adatto ai principianti nell'allevamento di formiche.<\/p>\n<p><strong>Specie di formica Messor barbarus:<\/strong><br \/>\nMessor barbarus \u00e8 una specie di formica granivora della regione mediterranea. Appartiene alle cosiddette formiche raccoglitrici ed \u00e8 una delle specie di base per i formichieri, grazie alle sue esigenze relativamente semplici in termini di clima e cibo. Grazie al suo colore e alla formazione di operaie minori, medie e maggiori (pi\u00f9 piccole e pi\u00f9 grandi), \u00e8 molto emozionante da osservare.<\/p>\n<p><strong>Cibo per Messor barbarus<\/strong><br \/>\nIn natura, Messor barbarus si nutre principalmente di cereali e li usa per fare il \"pane delle formiche\", ma accetta volentieri anche frutta dolce e insetti morti. Il Messor barbarus copre gran parte del suo fabbisogno di umidit\u00e0 con i cereali e il resto con gli insetti. Nel formicario si possono somministrare granaglie e, se necessario, miele, cibo proteico, insetti molto piccoli o gelatina. L'acqua di miele \u00e8 accettata solo in caso di mancanza di liquidi. Poich\u00e9 le specie di Messor tendono a immergersi in fonti d'acqua aperte, queste dovrebbero essere sempre coperte con pietre o cotone assorbente.<\/p>\n<p>Messor barbarus va in letargo dalla fine di novembre alla fine di febbraio. Tuttavia, a differenza del Lasius niger, per esempio, si tratta di un periodo di attivit\u00e0 molto ridotta. Il periodo di ibernazione dovrebbe essere trascorso a circa 15\u00b0C, poich\u00e9 le temperature nelle regioni di origine del Messor barbarus sono molto raramente pi\u00f9 basse, anche in inverno. A questo scopo \u00e8 sufficiente collocare le formiche in una stanza non riscaldata. Ci sono anche testimonianze di allevatori che tengono Messor barbarus senza letargo. Tuttavia, questo pu\u00f2 portare a una riduzione della durata di vita della colonia o a un rallentamento dello sviluppo della covata. Durante il letargo, gli animali devono essere alimentati solo in minima parte. Tuttavia, \u00e8 necessario controllare regolarmente l'umidit\u00e0 e fare attenzione alle muffe!<\/p>\n<p><strong>Formicario per Messor barbarus<\/strong><br \/>\nLe formiche raccoglitrici hanno bisogno di un'area del nido leggermente umida per la covata e di un'area del nido asciutta per conservare i grani raccolti (asciutta per evitare la formazione di muffe). La soluzione migliore \u00e8 quella di utilizzare due nidi separati, che sono inclusi nel nostro set iniziale. La durata \u00e8 di almeno 1-2 anni. Dopodich\u00e9, le aree del nido e dell'arena dovrebbero essere ampliate.<\/p>\n<p><strong>Le condizioni climatiche ottimali per Messor barbarus sono le seguenti:<\/strong><br \/>\nUmidit\u00e0:<br \/>\nArena: 30 - 50% Area nido: 50 - 70%<br \/>\nTemperatura:<br \/>\nArena: 25 - 30\u00b0C Zona nido: 21 - 26\u00b0C<\/p>\n<p>Il nostro Digfix \u00e8 il materiale di nidificazione pi\u00f9 adatto. \u00c8 molto resistente all'umidit\u00e0 e garantisce che la visuale sul nido e sulle camere e i passaggi all'interno non sia disturbata da residui di substrato come nel caso delle miscele di sabbia e argilla. Grazie alle loro forti mandibole, le operaie maggiori possono anche mangiare senza problemi attraverso l'Ytong. I nidi di vetro con inserti Digfix sono quindi il modo migliore e pi\u00f9 sicuro per tenere Messor angularis.<\/p>\n<p><strong>Contenuti:<\/strong><\/p>\n<p>1x Messor barbarus (regina + 11-25 operaie + covata)<br \/>\n1x Marmellata di grilli 25g<br \/>\n1x Cibo in grani minore 100g<br \/>\n1x pad for formicariums &#8211; 20x20cm<br \/>\n2x pad for formicariums &#8211; 20x6cm<\/p>\n<p>1x ANTCUBO - arena 20x20x10 - piatto<br \/>\n1x formica arena telaio 20\u00d720<br \/>\n1x copertura dell'arena delle formiche 20\u00d720<br \/>\n4 punti di fissaggio per la copertura dell'arena<br \/>\n2x ANTCUBE - Formicaio - L - 20\u00d720 - verticale<\/p>\n<p>2x ANTCUBE - Piastra Digfix 20\u00d720 - M<br \/>\n1x 1m tubo trasparente 14\/10 mm<br \/>\n2x ANTCUBE - Foglio rosso 20\u00d720 - filtro<br \/>\n2x morsetti adesivi - trasparenti 2 pz.<br \/>\n1x substrato - deserto - 1 kg<\/p>\n<p>2x grid insert &#8211; 50mm<br \/>\n1x grid insert &#8211; 27mm<br \/>\n1x tappo a griglia - 10mm - acciaio inossidabile<\/p>\n<p>1x connettore tubo serbatoio 27-14,16,20 mm - trasparente<br \/>\n1x drinking clear 5ml &#8211; sponge<br \/>\n1x Feeding dish white rectangle &#8211; 3 compartments<br \/>\n1x Foil thermometer display<br \/>\n2x Foil thermometer farm<br \/>\n1x Olio di protezione contro la fuga delle formiche 10ml<br \/>\n1x Pinzette in acciaio per molle - larghe - morbide<br \/>\n1x Pinzetta in plastica trasparente<br \/>\n1x pipetta di plastica 3ml<br \/>\n1x lente d'ingrandimento manuale - 2x - 30mm<br \/>\n1x tergicristallo in schiuma 150x18x2,5mm<br \/>\n1x dorso fotografico - deserto - 20\u00d710<\/p>\n<p><strong>Descrizione Starter Set:<\/strong><br \/>\nQuesto starter set \u00e8 particolarmente adatto a varie specie del genere Messor. Una delle due fattorie \u00e8 destinata alla conservazione dei semi e del pane delle formiche e deve quindi essere mantenuta completamente asciutta per evitare che i semi\/grani conservati dalle formiche germoglino o ammuffiscano.<br \/>\nLe \"piastre Digfix\" possono essere inserite nelle fattorie completamente trasparenti. In alternativa, per\u00f2, \u00e8 possibile utilizzare anche il \"Soil - Desert\" per riempire le fattorie. Se necessario, \u00e8 possibile collegare moduli aggiuntivi attraverso i fori da 50 mm del coperchio, ad esempio nebulizzatori, ventilatori o luci disponibili separatamente. In alternativa, gli inserti a griglia adatti a chiudere le aperture sono inclusi nella fornitura. Se lo si desidera, il formicario pu\u00f2 essere utilizzato anche aperto, semplicemente fissando il telaio rimovibile e applicando sul bordo un olio protettivo per le formiche.<\/p>\n<p><strong>Importante:<\/strong> Inumidire il substrato prima dell'uso, in modo che la miscela possa legarsi e fare presa sul formicaio. Inoltre, se il substrato \u00e8 troppo secco e polveroso, le vie respiratorie delle formiche potrebbero ostruirsi e, nel peggiore dei casi, gli animali potrebbero soffocare.<\/p>\n<p><strong>Raccomandazione:<\/strong> Raccomandiamo uno strato di substrato di 2 mm di altezza, in modo che gli animali non possano scavare nell'arena e utilizzino invece la fattoria fornita a questo scopo. Raccomandiamo anche che il materiale di nidificazione nella fattoria (sabbia\/argilla, Digfix, ecc.) sia leggermente perforato in un punto per facilitare lo scavo agli animali.<\/p>\n<p><strong>Note sulla produzione<\/strong><br \/>\nIl vetro \u00e8 tagliato secondo la norma DIN 1249 con una tolleranza di +\/- 1mm. Per le specie di formiche estremamente piccole, \u00e8 indispensabile una protezione supplementare contro la fuga.<\/p>\n<p><strong>Note sulla fattoria<\/strong><br \/>\nQuando si attaccano o si rimuovono i tubi, si prega di notare quanto segue:<br \/>\nSe il tubo risulta molto difficile da inserire nel raccordo, \u00e8 necessario strofinare leggermente il raccordo con una goccia del nostro olio o polvere anti-scoppio. Il tubo deve quindi essere spinto sul raccordo con movimenti di rotazione o di avvitamento, senza sforzare il raccordo con movimenti su e gi\u00f9. Lo stesso vale quando si rimuovono i tubi dal raccordo dell'azienda agricola. Non tiratelo semplicemente!<\/p>\n<p><strong>Nota su Digfix:<\/strong> Il colore naturale pu\u00f2 variare tra il verde\/grigio-marrone e il marrone terra. La tonalit\u00e0 del colore non influisce sulla qualit\u00e0.<\/p>\n<p><strong>Istruzioni: <\/strong>(Versione 2023, la versione aggiornata per il 2024 sar\u00e0 disponibile al pi\u00f9 tardi entro il 04\/2024)<br \/>\n<span data-sheets-root=\"1\" data-sheets-value=\"{&quot;1&quot;:2,&quot;2&quot;:&quot;DE Gebrauchsanweisung Starter Set Ernteameisen (PDF 2,50 MB)&quot;}\" data-sheets-userformat=\"{&quot;2&quot;:513,&quot;3&quot;:{&quot;1&quot;:0},&quot;12&quot;:0}\" data-sheets-hyperlink=\"https:\/\/www.antstore.net\/shop\/images\/info\/de\/Gebrauchsanweisung Starter Set Ernteameisen.pdf\" data-sheets-hyperlinkruns=\"{&quot;1&quot;:3,&quot;2&quot;:&quot;https:\/\/www.antstore.net\/shop\/images\/info\/de\/Gebrauchsanweisung Starter Set Ernteameisen.pdf&quot;}\uee10{&quot;1&quot;:46}\"><a class=\"in-cell-link\" href=\"https:\/\/www.antstore.net\/shop\/images\/info\/de\/Gebrauchsanweisung Starter Set Ernteameisen.pdf\" target=\"_blank\" rel=\"noopener\">- DE <\/a><a class=\"in-cell-link\" href=\"https:\/\/www.antstore.net\/shop\/images\/info\/de\/Gebrauchsanweisung Starter Set Ernteameisen.pdf\" target=\"_blank\" rel=\"noopener\">Gebrauchsanweisung Starter Set Ernteameisen<\/a><a class=\"in-cell-link\" href=\"https:\/\/www.antstore.net\/shop\/images\/info\/de\/Gebrauchsanweisung Starter Set Ernteameisen.pdf\" target=\"_blank\" rel=\"noopener\"> (PDF 2,50 MB)<\/a><\/span><br \/>\n<a href=\"https:\/\/www.antstore.net\/shop\/images\/info\/en\/Instructions%20for%20use%20-%20Starter%20Set%20for%20Harvester%20Ants.pdf\">- IT Istruzioni per l'uso - Starter Set per formiche mietitrici (PDF 2,50 MB)<\/a><br \/>\n<a href=\"https:\/\/www.antstore.net\/shop\/images\/info\/es\/Manual%20de%20instrucciones%20-%20Set%20de%20inicio%20para%20las%20hormigas%20de%20la%20cosecha%20_%20messor.pdf\">- ES Manual de instrucciones - Set de inicio para las hormigas de la cosecha _ messor (PDF 2,50 MB)<\/a><br \/>\n<a href=\"https:\/\/www.antstore.net\/shop\/images\/info\/fr\/Manuel%20d'instruction%20-%20Kit%20de%20d%C3%A9marrage%20pour%20les%20fourmis%20moissonneuses_%20Messor.pdf\">- FR Manuale d'istruzioni - Kit di smontaggio per i quadrupedi moissonneuses_ Messor (PDF 2,50 MB)<\/a><\/p>\n<p><strong>Note sulla marmellata di grilli:<\/strong><br \/>\nLa nostra marmellata di grilli \u00e8 un modo semplice per fornire alle formiche cibo proteico appena conservato senza dover somministrare insetti vivi. I grilli contenuti (Acheta domesticus) sono stati cotti delicatamente per garantire la conservazione dei valori nutrizionali, del gusto e dell'aroma. Inoltre, l'involucro chitinoso degli insetti viene ammorbidito in modo da poter essere digerito pi\u00f9 facilmente. I legami delle proteine del collagene vengono spezzati in modo che le formiche possano utilizzarli meglio. L'Acheta domesticus in scatola ha lo stesso valore nutrizionale dei grilli vivi, ma \u00e8 pi\u00f9 facile da digerire.<\/p>\n<p>Il Cricket Jam non \u00e8 adatto per cacciare specie di formiche che richiedono cibo vivo (ad esempio, ponerini (grandi formiche) come Harpegnathos o Odontomachus).<\/p>\n<p><strong>Ulteriori vantaggi:<\/strong><br \/>\nGaranzia di assenza di acari<br \/>\nPu\u00f2 essere porzionato e diluito con acqua<br \/>\nSterilizzati e confezionati sottovuoto<br \/>\nSenza additivi<br \/>\nGrilli provenienti da allevamenti sostenibili puramente biologici, alimentati con rifiuti organici<\/p>\n<p><strong>Nota:<\/strong><br \/>\nSi conserva in frigorifero per circa quattro giorni dopo l'apertura. Si conserva pi\u00f9 a lungo se congelato.<br \/>\n<strong>Attenzione:<\/strong> Prima porzionare, poi congelare.<\/p>","protected":false},"excerpt":{"rendered":"<p>Il set \u00e8 composto da 39 parti<br \/>\nDimensioni: M<\/p>","protected":false},"featured_media":7113,"comment_status":"open","ping_status":"closed","template":"","meta":{"_acf_changed":false,"content-type":"","_monsterinsights_skip_tracking":false,"_monsterinsights_sitenote_active":false,"_monsterinsights_sitenote_note":"","_monsterinsights_sitenote_category":0},"product_brand":[],"product_cat":[355,353,73],"product_tag":[],"class_list":{"0":"post-5347","1":"product","2":"type-product","3":"status-publish","4":"has-post-thumbnail","6":"product_cat-bundle-offers","7":"product_cat-starter-sets-for-harvester-ants","8":"product_cat-starter-sets","10":"first","11":"outofstock","12":"taxable","13":"shipping-taxable","14":"purchasable","15":"product-type-simple"},"acf":[],"aioseo_notices":[],"jetpack_sharing_enabled":true,"_links":{"self":[{"href":"https:\/\/antcube.shop\/it\/wp-json\/wp\/v2\/product\/5347","targetHints":{"allow":["GET"]}}],"collection":[{"href":"https:\/\/antcube.shop\/it\/wp-json\/wp\/v2\/product"}],"about":[{"href":"https:\/\/antcube.shop\/it\/wp-json\/wp\/v2\/types\/product"}],"replies":[{"embeddable":true,"href":"https:\/\/antcube.shop\/it\/wp-json\/wp\/v2\/comments?post=5347"}],"wp:featuredmedia":[{"embeddable":true,"href":"https:\/\/antcube.shop\/it\/wp-json\/wp\/v2\/media\/7113"}],"wp:attachment":[{"href":"https:\/\/antcube.shop\/it\/wp-json\/wp\/v2\/media?parent=5347"}],"wp:term":[{"taxonomy":"product_brand","embeddable":true,"href":"https:\/\/antcube.shop\/it\/wp-json\/wp\/v2\/product_brand?post=5347"},{"taxonomy":"product_cat","embeddable":true,"href":"https:\/\/antcube.shop\/it\/wp-json\/wp\/v2\/product_cat?post=5347"},{"taxonomy":"product_tag","embeddable":true,"href":"https:\/\/antcube.shop\/it\/wp-json\/wp\/v2\/product_tag?post=5347"}],"curies":[{"name":"wp","href":"https:\/\/api.w.org\/{rel}","templated":true}]}}