{"id":4743,"date":"2022-11-14T15:07:05","date_gmt":"2022-11-14T14:07:05","guid":{"rendered":"https:\/\/antcube.shop\/produkt\/rohrverbinder-glasklar-fur-20mm-l\/"},"modified":"2026-04-15T21:41:12","modified_gmt":"2026-04-15T19:41:12","slug":"rohrverbinder-glasklar-fur-20mm-l","status":"publish","type":"product","link":"https:\/\/antcube.shop\/it\/prodotto\/rohrverbinder-glasklar-fur-20mm-l\/","title":{"rendered":"Connettore per tubo trasparente per 20 mm - L"},"content":{"rendered":"<p>Dimensioni (LxLxA): 4,2\u00d72,5\u00d74,2cm<br \/>\nDiametro interno: 20 mm<\/p>\n<p>Materiale: Acrilico<\/p>\n<p>Colore: incolore\/trasparente\/chiaro<\/p>\n<p>Contenuto: 1 pezzo.<\/p>\n<p>Specifiche tecniche:<br \/>\nConnettore per tubi a forma di L in acrilico diametro 25 mm per tubo da 20 mm.<\/p>\n<p>Descrizione:<br \/>\nConnettore per tubi in acrilico trasparente per il collegamento di tubi in acrilico.<\/p>\n<p>Avviso:<br \/>\nQuando si assemblano i tubi, tenere presente quanto segue:<br \/>\nA causa delle propriet\u00e0 del materiale acrilico, \u00e8 necessario evitare assolutamente la pressione e la leva. Se il collegamento \u00e8 difficile, si prega di collegarlo con movimenti di torsione accurati e di strofinare un po' di olio antirottura, se necessario.<\/p>\n<p>&nbsp;<\/p>","protected":false},"excerpt":{"rendered":"<p>Dimensioni (LxLxA): 3,5x2,5x2,5cm Diametro interno: 20mm Materiale: Acrilico Colore: incolore\/trasparente\/chiaro Contenuto: 1pz. Specifiche tecniche: Connettore per tubi forma I diametro acrilico 25mm per tubo 20mm. Descrizione: Connettore per tubi in acrilico trasparente per il collegamento di tubi in acrilico. Avviso: Quando si assemblano i tubi, tenere presente quanto segue: A causa delle propriet\u00e0 del materiale acrilico, la pressione e la leva devono","protected":false},"featured_media":4773,"comment_status":"open","ping_status":"closed","template":"","meta":{"_acf_changed":false,"content-type":"","_monsterinsights_skip_tracking":false,"_monsterinsights_sitenote_active":false,"_monsterinsights_sitenote_note":"","_monsterinsights_sitenote_category":0},"product_brand":[],"product_cat":[345],"product_tag":[],"class_list":{"0":"post-4743","1":"product","2":"type-product","3":"status-publish","4":"has-post-thumbnail","6":"product_cat-pipe-connectors","8":"first","9":"instock","10":"taxable","11":"shipping-taxable","12":"purchasable","13":"product-type-simple"},"acf":[],"aioseo_notices":[],"jetpack_sharing_enabled":true,"_links":{"self":[{"href":"https:\/\/antcube.shop\/it\/wp-json\/wp\/v2\/product\/4743","targetHints":{"allow":["GET"]}}],"collection":[{"href":"https:\/\/antcube.shop\/it\/wp-json\/wp\/v2\/product"}],"about":[{"href":"https:\/\/antcube.shop\/it\/wp-json\/wp\/v2\/types\/product"}],"replies":[{"embeddable":true,"href":"https:\/\/antcube.shop\/it\/wp-json\/wp\/v2\/comments?post=4743"}],"wp:featuredmedia":[{"embeddable":true,"href":"https:\/\/antcube.shop\/it\/wp-json\/wp\/v2\/media\/4773"}],"wp:attachment":[{"href":"https:\/\/antcube.shop\/it\/wp-json\/wp\/v2\/media?parent=4743"}],"wp:term":[{"taxonomy":"product_brand","embeddable":true,"href":"https:\/\/antcube.shop\/it\/wp-json\/wp\/v2\/product_brand?post=4743"},{"taxonomy":"product_cat","embeddable":true,"href":"https:\/\/antcube.shop\/it\/wp-json\/wp\/v2\/product_cat?post=4743"},{"taxonomy":"product_tag","embeddable":true,"href":"https:\/\/antcube.shop\/it\/wp-json\/wp\/v2\/product_tag?post=4743"}],"curies":[{"name":"wp","href":"https:\/\/api.w.org\/{rel}","templated":true}]}}