{"id":4735,"date":"2022-11-14T15:04:59","date_gmt":"2022-11-14T14:04:59","guid":{"rendered":"https:\/\/antcube.shop\/produkt\/rohrkappe-glasklar-fur-32mm\/"},"modified":"2026-04-17T18:45:13","modified_gmt":"2026-04-17T16:45:13","slug":"rohrkappe-glasklar-fur-32mm","status":"publish","type":"product","link":"https:\/\/antcube.shop\/it\/prodotto\/rohrkappe-glasklar-fur-32mm\/","title":{"rendered":"Tappo per tubo trasparente per 32 mm"},"content":{"rendered":"<p><strong>Dimensioni (LxWxH):<\/strong> 2,6\u00d74,0x4,0cm<br \/>\n<strong>Diametro interno:<\/strong> 32 mm<\/p>\n<p><strong>Materiale:<\/strong> Acrilico<br \/>\n<strong>Colore:<\/strong> Incolore\/trasparente\/chiaro<\/p>\n<p><strong>Contenuto:<\/strong> 1 pezzo.<\/p>\n<p><strong>Specifiche tecniche:<\/strong><br \/>\nTappo per tubi in cristallo trasparente diametro 40 mm per tubi da 32 mm.<\/p>\n<p><strong>Descrizione:<\/strong><br \/>\nTappo per tubi in acrilico trasparente per chiudere i tubi in acrilico.<\/p>\n<p><strong>Avviso:<\/strong><br \/>\nQuando si montano i tubi, tenere presente quanto segue:<br \/>\nA causa delle propriet\u00e0 del materiale acrilico, \u00e8 necessario evitare assolutamente la pressione e la leva. Se il collegamento \u00e8 difficile, si prega di collegarlo con movimenti di torsione accurati e di strofinare un po' di olio antirottura, se necessario.<\/p>","protected":false},"excerpt":{"rendered":"<p>Dimensioni (LxLxA): 2,6\u00d74,0\u00d74,0cm Diametro interno: 32mm Materiale: Acrilico Colore: incolore\/trasparente\/chiaro Contenuto: 1pc. Specifiche tecniche: Tappo per tubi in cristallo trasparente diametro 40mm per tubo da 32mm. Descrizione: Tappo per tubi in acrilico trasparente per chiudere i tubi in acrilico. Avviso: Quando si montano i tubi, tenere presente quanto segue: A causa delle propriet\u00e0 del materiale acrilico, la pressione e la leva devono essere [...]","protected":false},"featured_media":4894,"comment_status":"open","ping_status":"closed","template":"","meta":{"_acf_changed":false,"content-type":"","_monsterinsights_skip_tracking":false,"_monsterinsights_sitenote_active":false,"_monsterinsights_sitenote_note":"","_monsterinsights_sitenote_category":0},"product_brand":[],"product_cat":[345],"product_tag":[],"class_list":{"0":"post-4735","1":"product","2":"type-product","3":"status-publish","4":"has-post-thumbnail","6":"product_cat-pipe-connectors","8":"first","9":"instock","10":"taxable","11":"shipping-taxable","12":"purchasable","13":"product-type-simple"},"acf":[],"aioseo_notices":[],"jetpack_sharing_enabled":true,"_links":{"self":[{"href":"https:\/\/antcube.shop\/it\/wp-json\/wp\/v2\/product\/4735","targetHints":{"allow":["GET"]}}],"collection":[{"href":"https:\/\/antcube.shop\/it\/wp-json\/wp\/v2\/product"}],"about":[{"href":"https:\/\/antcube.shop\/it\/wp-json\/wp\/v2\/types\/product"}],"replies":[{"embeddable":true,"href":"https:\/\/antcube.shop\/it\/wp-json\/wp\/v2\/comments?post=4735"}],"wp:featuredmedia":[{"embeddable":true,"href":"https:\/\/antcube.shop\/it\/wp-json\/wp\/v2\/media\/4894"}],"wp:attachment":[{"href":"https:\/\/antcube.shop\/it\/wp-json\/wp\/v2\/media?parent=4735"}],"wp:term":[{"taxonomy":"product_brand","embeddable":true,"href":"https:\/\/antcube.shop\/it\/wp-json\/wp\/v2\/product_brand?post=4735"},{"taxonomy":"product_cat","embeddable":true,"href":"https:\/\/antcube.shop\/it\/wp-json\/wp\/v2\/product_cat?post=4735"},{"taxonomy":"product_tag","embeddable":true,"href":"https:\/\/antcube.shop\/it\/wp-json\/wp\/v2\/product_tag?post=4735"}],"curies":[{"name":"wp","href":"https:\/\/api.w.org\/{rel}","templated":true}]}}