{"id":4725,"date":"2022-11-14T15:02:22","date_gmt":"2022-11-14T14:02:22","guid":{"rendered":"https:\/\/antcube.shop\/produkt\/rohrverbinder-glasklar-fur-50mm-t\/"},"modified":"2026-04-09T21:00:21","modified_gmt":"2026-04-09T19:00:21","slug":"rohrverbinder-glasklar-fur-50mm-t","status":"publish","type":"product","link":"https:\/\/antcube.shop\/it\/prodotto\/rohrverbinder-glasklar-fur-50mm-t\/","title":{"rendered":"Connettore per tubo trasparente per 50 mm - T"},"content":{"rendered":"<p><strong>Dimensioni (LxWxH):<\/strong><br \/>\n<strong>Diametro interno:<\/strong> 50 mm<\/p>\n<p><strong>Materiale:<\/strong> Acrilico<\/p>\n<p><strong>Colore:<\/strong> Incolore\/trasparente\/chiaro<\/p>\n<p><strong>Contenuto:<\/strong> 1 pezzo.<\/p>\n<p><strong>Specifiche tecniche:<\/strong><br \/>\nConnettore per tubi a forma di T in acrilico diametro 60 mm per tubo da 50 mm.<\/p>\n<p><strong>Descrizione:<\/strong><br \/>\nConnettore per tubi in acrilico trasparente per il collegamento di tubi in acrilico.<\/p>\n<p><strong>Avviso:<\/strong><br \/>\nQuando si assemblano i tubi, tenere presente quanto segue:<br \/>\nA causa delle propriet\u00e0 del materiale acrilico, \u00e8 necessario evitare assolutamente la pressione e la leva. Se il collegamento \u00e8 difficile, si prega di collegarlo con movimenti di torsione accurati e di strofinare un po' di olio antirottura, se necessario.<\/p>","protected":false},"excerpt":{"rendered":"<p>Dimensioni (LxLxH): Diametro interno: 50 mm Materiale: Acrilico Colore: incolore\/trasparente\/chiaro Contenuto: 1pz. Specifiche tecniche: Connettore per tubi a forma di T in acrilico diametro 60mm per tubo da 50mm. Descrizione: Connettore per tubi in acrilico trasparente per il collegamento di tubi in acrilico. Avviso: Quando si assemblano i tubi, tenere presente quanto segue: A causa delle propriet\u00e0 del materiale acrilico, la pressione e la leva devono essere","protected":false},"featured_media":4927,"comment_status":"open","ping_status":"closed","template":"","meta":{"_acf_changed":false,"content-type":"","_monsterinsights_skip_tracking":false,"_monsterinsights_sitenote_active":false,"_monsterinsights_sitenote_note":"","_monsterinsights_sitenote_category":0},"product_brand":[],"product_cat":[345],"product_tag":[],"class_list":{"0":"post-4725","1":"product","2":"type-product","3":"status-publish","4":"has-post-thumbnail","6":"product_cat-pipe-connectors","8":"first","9":"instock","10":"taxable","11":"shipping-taxable","12":"purchasable","13":"product-type-simple"},"acf":[],"aioseo_notices":[],"jetpack_sharing_enabled":true,"_links":{"self":[{"href":"https:\/\/antcube.shop\/it\/wp-json\/wp\/v2\/product\/4725","targetHints":{"allow":["GET"]}}],"collection":[{"href":"https:\/\/antcube.shop\/it\/wp-json\/wp\/v2\/product"}],"about":[{"href":"https:\/\/antcube.shop\/it\/wp-json\/wp\/v2\/types\/product"}],"replies":[{"embeddable":true,"href":"https:\/\/antcube.shop\/it\/wp-json\/wp\/v2\/comments?post=4725"}],"wp:featuredmedia":[{"embeddable":true,"href":"https:\/\/antcube.shop\/it\/wp-json\/wp\/v2\/media\/4927"}],"wp:attachment":[{"href":"https:\/\/antcube.shop\/it\/wp-json\/wp\/v2\/media?parent=4725"}],"wp:term":[{"taxonomy":"product_brand","embeddable":true,"href":"https:\/\/antcube.shop\/it\/wp-json\/wp\/v2\/product_brand?post=4725"},{"taxonomy":"product_cat","embeddable":true,"href":"https:\/\/antcube.shop\/it\/wp-json\/wp\/v2\/product_cat?post=4725"},{"taxonomy":"product_tag","embeddable":true,"href":"https:\/\/antcube.shop\/it\/wp-json\/wp\/v2\/product_tag?post=4725"}],"curies":[{"name":"wp","href":"https:\/\/api.w.org\/{rel}","templated":true}]}}