{"id":4720,"date":"2022-11-14T15:01:00","date_gmt":"2022-11-14T14:01:00","guid":{"rendered":"https:\/\/antcube.shop\/produkt\/formicarium-schraubbuchse-fur-50mm-bohrung-transparent\/"},"modified":"2025-10-19T12:40:25","modified_gmt":"2025-10-19T10:40:25","slug":"formicarium-spazzola-a-vite-per-foro-da-50-mm-trasparente","status":"publish","type":"product","link":"https:\/\/antcube.shop\/it\/prodotto\/formicarium-spazzola-a-vite-per-foro-da-50-mm-trasparente\/","title":{"rendered":"Bussola a vite Formicarium per foro da 50 mm - trasparente"},"content":{"rendered":"<p><strong>Contenuto:<\/strong> 1 pezzo.<\/p>\n<p><strong>Dimensioni:<\/strong> 68 x 68 x 46 mm (presa da 49 mm)<\/p>\n<p><strong>Materiale:<\/strong> Plastica<\/p>\n<p><strong>Colore:<\/strong> Trasparente<\/p>\n<p><strong>Descrizione:<\/strong><br \/>\nQuesto articolo \u00e8 un connettore per tubo pelvico.<br \/>\nCon questo connettore pelvico \u00e8 possibile collegare pi\u00f9 tubi da 50 mm o pi\u00f9 Formicarien.<br \/>\n\u00c8 inoltre possibile collegare un tubo da 60 mm (60\/56 mm) tramite l'anello di tenuta per 50 mm.<br \/>\nIn alternativa, nel caso di una copertura, si possono utilizzare prese in porcellana adatte agli apparecchi di illuminazione.<\/p>\n<p><strong>Avviso:<\/strong><br \/>\nPoich\u00e9 il diametro di questa presa \u00e8 di soli 49 mm anzich\u00e9 50 mm, \u00e8 necessario utilizzare gli anelli di tenuta o una pellicola adesiva trasparente per raggiungere il diametro di 50 mm per un collegamento a tenuta.<\/p>","protected":false},"excerpt":{"rendered":"<p>Contenuto: 1 pezzo. Dimensioni: 68 x 68 x 46 mm (presa da 49 mm) Materiale: Plastica Colore: Trasparente Descrizione: Questo articolo \u00e8 un connettore del tubo pelvico. Con questo connettore pelvico \u00e8 possibile collegare pi\u00f9 tubi da 50 mm o pi\u00f9 Formicarien. \u00c8 anche possibile collegare un tubo da 60 mm (60\/56 mm) tramite questo connettore pelvico.","protected":false},"featured_media":4924,"comment_status":"open","ping_status":"closed","template":"","meta":{"_acf_changed":false,"content-type":"","_monsterinsights_skip_tracking":false,"_monsterinsights_sitenote_active":false,"_monsterinsights_sitenote_note":"","_monsterinsights_sitenote_category":0},"product_brand":[],"product_cat":[345],"product_tag":[],"class_list":{"0":"post-4720","1":"product","2":"type-product","3":"status-publish","4":"has-post-thumbnail","6":"product_cat-pipe-connectors","8":"first","9":"outofstock","10":"taxable","11":"shipping-taxable","12":"purchasable","13":"product-type-simple"},"acf":[],"aioseo_notices":[],"jetpack_sharing_enabled":true,"_links":{"self":[{"href":"https:\/\/antcube.shop\/it\/wp-json\/wp\/v2\/product\/4720","targetHints":{"allow":["GET"]}}],"collection":[{"href":"https:\/\/antcube.shop\/it\/wp-json\/wp\/v2\/product"}],"about":[{"href":"https:\/\/antcube.shop\/it\/wp-json\/wp\/v2\/types\/product"}],"replies":[{"embeddable":true,"href":"https:\/\/antcube.shop\/it\/wp-json\/wp\/v2\/comments?post=4720"}],"wp:featuredmedia":[{"embeddable":true,"href":"https:\/\/antcube.shop\/it\/wp-json\/wp\/v2\/media\/4924"}],"wp:attachment":[{"href":"https:\/\/antcube.shop\/it\/wp-json\/wp\/v2\/media?parent=4720"}],"wp:term":[{"taxonomy":"product_brand","embeddable":true,"href":"https:\/\/antcube.shop\/it\/wp-json\/wp\/v2\/product_brand?post=4720"},{"taxonomy":"product_cat","embeddable":true,"href":"https:\/\/antcube.shop\/it\/wp-json\/wp\/v2\/product_cat?post=4720"},{"taxonomy":"product_tag","embeddable":true,"href":"https:\/\/antcube.shop\/it\/wp-json\/wp\/v2\/product_tag?post=4720"}],"curies":[{"name":"wp","href":"https:\/\/api.w.org\/{rel}","templated":true}]}}