{"id":4712,"date":"2022-11-14T14:58:33","date_gmt":"2022-11-14T13:58:33","guid":{"rendered":"https:\/\/antcube.shop\/produkt\/humus-ziegel-brick-650g-ergibt-8-9l\/"},"modified":"2026-04-27T15:52:21","modified_gmt":"2026-04-27T13:52:21","slug":"humus-ziegel-brick-650g-ergibt-8-9l","status":"publish","type":"product","link":"https:\/\/antcube.shop\/it\/prodotto\/humus-ziegel-brick-650g-ergibt-8-9l\/","title":{"rendered":"Mattone di humus da 650 g - per un totale di 8-9 l."},"content":{"rendered":"<p><strong>Contenuto \/ volume:<\/strong> 650 g producono 8-10 litri.<\/p>\n<p><strong>Descrizione:<\/strong> L'humus Formicarium \u00e8 costituito da humus naturale in fibra di cocco compresso in un mattone. Quando si unisce all'acqua, il mattone di humus si gonfia fino a circa 8-10 volte il suo volume. L'humus formicarium \u00e8 eccellente per le formiche delle regioni tropicali e pu\u00f2 essere utilizzato sia asciutto che umido. L'Humus Formicarium \u00e8 un prodotto naturale puro, garantito privo di sostanze chimiche, pesticidi e fertilizzanti e 100% compostabile.<\/p>\n<p>- 100% prodotto con materie prime rinnovabili di origine vegetale<br \/>\n- elevata capacit\u00e0 di assorbimento<br \/>\n- elevata capacit\u00e0 di stoccaggio dell'acqua<\/p>\n<p><strong>Istruzioni:<\/strong> immergere il mattone in 4-5 litri di acqua calda in un contenitore per circa 20-30 minuti. Se il mattone non \u00e8 ancora completamente sciolto, rompere il resto a mano. Se necessario, spremere l'acqua in eccesso dall'humus.<\/p>","protected":false},"excerpt":{"rendered":"<p>Contenuto\/volume: 650 g per 8-10 litri. Descrizione: L'humus Formicarium \u00e8 costituito da humus naturale in fibra di cocco compresso in un mattone. Quando si unisce all'acqua, il panetto di humus si gonfia fino a circa 8-10 volte il suo volume. Questo humus per formicari \u00e8 eccellente per le formiche delle regioni tropicali e pu\u00f2 essere utilizzato sia a secco che a freddo.","protected":false},"featured_media":4811,"comment_status":"open","ping_status":"closed","template":"","meta":{"_acf_changed":false,"content-type":"","_monsterinsights_skip_tracking":false,"_monsterinsights_sitenote_active":false,"_monsterinsights_sitenote_note":"","_monsterinsights_sitenote_category":0},"product_brand":[],"product_cat":[96],"product_tag":[],"class_list":{"0":"post-4712","1":"product","2":"type-product","3":"status-publish","4":"has-post-thumbnail","6":"product_cat-soil","8":"first","9":"instock","10":"taxable","11":"shipping-taxable","12":"purchasable","13":"product-type-simple"},"acf":[],"aioseo_notices":[],"jetpack_sharing_enabled":true,"_links":{"self":[{"href":"https:\/\/antcube.shop\/it\/wp-json\/wp\/v2\/product\/4712","targetHints":{"allow":["GET"]}}],"collection":[{"href":"https:\/\/antcube.shop\/it\/wp-json\/wp\/v2\/product"}],"about":[{"href":"https:\/\/antcube.shop\/it\/wp-json\/wp\/v2\/types\/product"}],"replies":[{"embeddable":true,"href":"https:\/\/antcube.shop\/it\/wp-json\/wp\/v2\/comments?post=4712"}],"wp:featuredmedia":[{"embeddable":true,"href":"https:\/\/antcube.shop\/it\/wp-json\/wp\/v2\/media\/4811"}],"wp:attachment":[{"href":"https:\/\/antcube.shop\/it\/wp-json\/wp\/v2\/media?parent=4712"}],"wp:term":[{"taxonomy":"product_brand","embeddable":true,"href":"https:\/\/antcube.shop\/it\/wp-json\/wp\/v2\/product_brand?post=4712"},{"taxonomy":"product_cat","embeddable":true,"href":"https:\/\/antcube.shop\/it\/wp-json\/wp\/v2\/product_cat?post=4712"},{"taxonomy":"product_tag","embeddable":true,"href":"https:\/\/antcube.shop\/it\/wp-json\/wp\/v2\/product_tag?post=4712"}],"curies":[{"name":"wp","href":"https:\/\/api.w.org\/{rel}","templated":true}]}}