{"id":4705,"date":"2022-11-14T14:56:24","date_gmt":"2022-11-14T13:56:24","guid":{"rendered":"https:\/\/antcube.shop\/produkt\/antcube-ameisenarenaeinsatz-l-30x30\/"},"modified":"2026-04-26T22:49:26","modified_gmt":"2026-04-26T20:49:26","slug":"antcube-ant-arena-inserto-l-30x30","status":"publish","type":"product","link":"https:\/\/antcube.shop\/it\/prodotto\/antcube-ant-arena-inserto-l-30x30\/","title":{"rendered":"Inserto per arena per formiche ANTCUBE - L - 30\u00d730"},"content":{"rendered":"<p><strong>Dimensioni:<\/strong><br \/>\n<strong>all'esterno:<\/strong> 290 x 28 x 276 mm<br \/>\n<strong>all'interno:<\/strong> 284 x 20 x 269 mm<\/p>\n<p><strong>Materiale:<\/strong> vetro float<\/p>\n<p><strong>Colore:<\/strong> trasparente<\/p>\n<p><strong>Contenuti:<\/strong><br \/>\n1x inserto ant arena<br \/>\n1x copertura<br \/>\n1x punti di fissaggio 2 pz.<\/p>\n<p><strong>Descrizione:<\/strong><br \/>\nQuesto inserto per nidi pu\u00f2 essere collocato all'interno di un'arena per formiche ANTCUBE e riempito con un materiale adatto allo scavo (ad esempio, una miscela di sabbia e argilla o Digfix). La particolarit\u00e0 \u00e8 che pu\u00f2 essere comodamente rimosso dall'arena, ad esempio per svernare con le formiche. Come ingresso e uscita e per la ventilazione ci sono due fori di 10 mm nella zona inferiore. Per lo svernamento possono essere chiusi con tappi da 10 mm.<\/p>\n<p><strong>Nota:<\/strong> Il vetro \u00e8 tagliato secondo la norma DIN 1249 con una tolleranza di +\/- 1mm. Per le specie di formiche estremamente piccole, \u00e8 essenziale una protezione supplementare contro lo sfondamento.<\/p>","protected":false},"excerpt":{"rendered":"<p>Dimensioni: <span style=\"color: #0000ff;\"><strong>L<\/strong><\/span><\/p>","protected":false},"featured_media":4973,"comment_status":"open","ping_status":"closed","template":"","meta":{"_acf_changed":false,"content-type":"","_monsterinsights_skip_tracking":false,"_monsterinsights_sitenote_active":false,"_monsterinsights_sitenote_note":"","_monsterinsights_sitenote_category":0},"product_brand":[],"product_cat":[91,94],"product_tag":[],"class_list":{"0":"post-4705","1":"product","2":"type-product","3":"status-publish","4":"has-post-thumbnail","6":"product_cat-formicarium-modules","7":"product_cat-arena-inset","9":"first","10":"instock","11":"taxable","12":"shipping-taxable","13":"purchasable","14":"product-type-simple"},"acf":[],"aioseo_notices":[],"jetpack_sharing_enabled":true,"_links":{"self":[{"href":"https:\/\/antcube.shop\/it\/wp-json\/wp\/v2\/product\/4705","targetHints":{"allow":["GET"]}}],"collection":[{"href":"https:\/\/antcube.shop\/it\/wp-json\/wp\/v2\/product"}],"about":[{"href":"https:\/\/antcube.shop\/it\/wp-json\/wp\/v2\/types\/product"}],"replies":[{"embeddable":true,"href":"https:\/\/antcube.shop\/it\/wp-json\/wp\/v2\/comments?post=4705"}],"wp:featuredmedia":[{"embeddable":true,"href":"https:\/\/antcube.shop\/it\/wp-json\/wp\/v2\/media\/4973"}],"wp:attachment":[{"href":"https:\/\/antcube.shop\/it\/wp-json\/wp\/v2\/media?parent=4705"}],"wp:term":[{"taxonomy":"product_brand","embeddable":true,"href":"https:\/\/antcube.shop\/it\/wp-json\/wp\/v2\/product_brand?post=4705"},{"taxonomy":"product_cat","embeddable":true,"href":"https:\/\/antcube.shop\/it\/wp-json\/wp\/v2\/product_cat?post=4705"},{"taxonomy":"product_tag","embeddable":true,"href":"https:\/\/antcube.shop\/it\/wp-json\/wp\/v2\/product_tag?post=4705"}],"curies":[{"name":"wp","href":"https:\/\/api.w.org\/{rel}","templated":true}]}}