{"id":4700,"date":"2022-11-14T14:55:03","date_gmt":"2022-11-14T13:55:03","guid":{"rendered":"https:\/\/antcube.shop\/produkt\/antcube-korknest-40x20-stehend\/"},"modified":"2026-04-01T12:30:02","modified_gmt":"2026-04-01T10:30:02","slug":"cubo-korknest-40x20-stehend-2","status":"publish","type":"product","link":"https:\/\/antcube.shop\/it\/prodotto\/cubo-korknest-40x20-stehend-2\/","title":{"rendered":"ANTCUBE - Nido di sughero 40\u00d720 - in piedi"},"content":{"rendered":"<p><strong>Dimensioni:<\/strong> 383 x 160 x 20 mm<\/p>\n<p><strong>Materiale:<\/strong> Sughero (fine)<\/p>\n<p>Adatto solo ai nostri formicai taglia L<\/p>\n<p><strong>Descrizione:<\/strong> Questo nido di sughero con passaggi e camere prefabbricate \u00e8 adatto a varie specie di formiche, specialmente per le specie che nidificano nel legno (morto). Ha un foro per l'accesso al nido.<br \/>\nIl sughero \u00e8 chimicamente neutro. La sua struttura non solo \u00e8 impermeabile ai liquidi, ma anche non provoca reazioni chimiche e quindi non viene danneggiato. Tuttavia, troppa umidit\u00e0 pu\u00f2 causare la putrefazione a lungo termine e ridurre la longevit\u00e0 del nido. Tuttavia, il sughero \u00e8 molto resistente alla putrefazione, agli attacchi di funghi e muffe. Questo \u00e8 dovuto alla sua superficie e alla sua struttura, che non forniscono un buon terreno di coltura per la colonizzazione dei funghi. Tuttavia, i resti di cibo e gli escrementi degli animali cos\u00ec come altre sostanze organiche possono promuovere la crescita di muffe.<\/p>\n<p>Pertanto, si consiglia di tenere in sughero principalmente specie provenienti da regioni secche. Le specie provenienti da habitat umidi possono comunque essere tenute in questo set, perch\u00e9 la putrefazione non \u00e8 un problema per la maggior parte delle specie. Anche molte formiche del Nord Europa come Camponotus herculeanus o Formica fusca vivono nel legno marcio.<\/p>","protected":false},"excerpt":{"rendered":"<p><strong>Dimensioni:<\/strong> 383 x 160 x 20 mm<\/p>","protected":false},"featured_media":5020,"comment_status":"open","ping_status":"closed","template":"","meta":{"_acf_changed":false,"content-type":"","_monsterinsights_skip_tracking":false,"_monsterinsights_sitenote_active":false,"_monsterinsights_sitenote_note":"","_monsterinsights_sitenote_category":0},"product_brand":[],"product_cat":[87,89],"product_tag":[],"class_list":{"0":"post-4700","1":"product","2":"type-product","3":"status-publish","4":"has-post-thumbnail","6":"product_cat-nest-insets","7":"product_cat-cork","9":"first","10":"instock","11":"taxable","12":"shipping-taxable","13":"purchasable","14":"product-type-simple"},"acf":[],"aioseo_notices":[],"jetpack_sharing_enabled":true,"_links":{"self":[{"href":"https:\/\/antcube.shop\/it\/wp-json\/wp\/v2\/product\/4700","targetHints":{"allow":["GET"]}}],"collection":[{"href":"https:\/\/antcube.shop\/it\/wp-json\/wp\/v2\/product"}],"about":[{"href":"https:\/\/antcube.shop\/it\/wp-json\/wp\/v2\/types\/product"}],"replies":[{"embeddable":true,"href":"https:\/\/antcube.shop\/it\/wp-json\/wp\/v2\/comments?post=4700"}],"wp:featuredmedia":[{"embeddable":true,"href":"https:\/\/antcube.shop\/it\/wp-json\/wp\/v2\/media\/5020"}],"wp:attachment":[{"href":"https:\/\/antcube.shop\/it\/wp-json\/wp\/v2\/media?parent=4700"}],"wp:term":[{"taxonomy":"product_brand","embeddable":true,"href":"https:\/\/antcube.shop\/it\/wp-json\/wp\/v2\/product_brand?post=4700"},{"taxonomy":"product_cat","embeddable":true,"href":"https:\/\/antcube.shop\/it\/wp-json\/wp\/v2\/product_cat?post=4700"},{"taxonomy":"product_tag","embeddable":true,"href":"https:\/\/antcube.shop\/it\/wp-json\/wp\/v2\/product_tag?post=4700"}],"curies":[{"name":"wp","href":"https:\/\/api.w.org\/{rel}","templated":true}]}}