{"id":4699,"date":"2022-11-14T14:54:48","date_gmt":"2022-11-14T13:54:48","guid":{"rendered":"https:\/\/antcube.shop\/produkt\/antcube-gipsnest-40x20-stehend\/"},"modified":"2026-04-17T16:36:04","modified_gmt":"2026-04-17T14:36:04","slug":"antcube-gipsnest-40x20-stehend","status":"publish","type":"product","link":"https:\/\/antcube.shop\/it\/prodotto\/antcube-gipsnest-40x20-stehend\/","title":{"rendered":"ANTCUBO - nido in gesso 40\u00d720 - in piedi"},"content":{"rendered":"<p><strong>Dimensioni:<\/strong> 382 x 159 x 19,5 mm<\/p>\n<p><strong>Materiale:<\/strong> intonaco<\/p>\n<p>Adatto solo ai nostri formicai taglia L<\/p>\n<p><strong>Descrizione:<\/strong> Il nostro nido di gesso con passaggi e camere prefabbricate \u00e8 adatto a molte specie di formiche, specialmente per le specie che costruiscono i loro nidi in terreni molto sabbiosi o sassosi. Ha un foro per l'accesso al nido. Il gesso ha la propriet\u00e0 di assorbire l'acqua, quindi una certa quantit\u00e0 di umidit\u00e0 viene immagazzinata. Tuttavia, il nido di gesso non dovrebbe essere usato permanentemente umido perch\u00e9 altrimenti pu\u00f2 portare alla muffa (da resti di cibo o escrementi delle formiche). Pertanto, se possibile, le specie provenienti da regioni piuttosto secche dovrebbero essere tenute qui. Questo sarebbe, per esempio, specie da regioni mediterranee o desertiche.<\/p>","protected":false},"excerpt":{"rendered":"<p>Dimensioni: 182 x 159 x 19,5 mm Materiale: Gesso\/ Gesso Adatto solo ai nostri formicai di taglia L Descrizione: Il nostro nido in gesso con passaggi e camere prefabbricate \u00e8 adatto a molte specie di formiche, soprattutto a quelle che costruiscono i loro nidi in terreni molto sabbiosi o sassosi. \u00c8 dotato di un foro per l'accesso al nido. Il gesso ha il","protected":false},"featured_media":5031,"comment_status":"open","ping_status":"closed","template":"","meta":{"_acf_changed":false,"content-type":"","_monsterinsights_skip_tracking":false,"_monsterinsights_sitenote_active":false,"_monsterinsights_sitenote_note":"","_monsterinsights_sitenote_category":0},"product_brand":[],"product_cat":[87,90],"product_tag":[],"class_list":{"0":"post-4699","1":"product","2":"type-product","3":"status-publish","4":"has-post-thumbnail","6":"product_cat-nest-insets","7":"product_cat-gypsum","9":"first","10":"instock","11":"taxable","12":"shipping-taxable","13":"purchasable","14":"product-type-simple"},"acf":[],"aioseo_notices":[],"jetpack_sharing_enabled":true,"_links":{"self":[{"href":"https:\/\/antcube.shop\/it\/wp-json\/wp\/v2\/product\/4699","targetHints":{"allow":["GET"]}}],"collection":[{"href":"https:\/\/antcube.shop\/it\/wp-json\/wp\/v2\/product"}],"about":[{"href":"https:\/\/antcube.shop\/it\/wp-json\/wp\/v2\/types\/product"}],"replies":[{"embeddable":true,"href":"https:\/\/antcube.shop\/it\/wp-json\/wp\/v2\/comments?post=4699"}],"wp:featuredmedia":[{"embeddable":true,"href":"https:\/\/antcube.shop\/it\/wp-json\/wp\/v2\/media\/5031"}],"wp:attachment":[{"href":"https:\/\/antcube.shop\/it\/wp-json\/wp\/v2\/media?parent=4699"}],"wp:term":[{"taxonomy":"product_brand","embeddable":true,"href":"https:\/\/antcube.shop\/it\/wp-json\/wp\/v2\/product_brand?post=4699"},{"taxonomy":"product_cat","embeddable":true,"href":"https:\/\/antcube.shop\/it\/wp-json\/wp\/v2\/product_cat?post=4699"},{"taxonomy":"product_tag","embeddable":true,"href":"https:\/\/antcube.shop\/it\/wp-json\/wp\/v2\/product_tag?post=4699"}],"curies":[{"name":"wp","href":"https:\/\/api.w.org\/{rel}","templated":true}]}}