{"id":4698,"date":"2022-11-14T14:54:32","date_gmt":"2022-11-14T13:54:32","guid":{"rendered":"https:\/\/antcube.shop\/produkt\/antcube-digfix-platte-30x30-l\/"},"modified":"2026-03-16T10:37:32","modified_gmt":"2026-03-16T09:37:32","slug":"antcube-digfix-plate-30x30-l","status":"publish","type":"product","link":"https:\/\/antcube.shop\/it\/prodotto\/antcube-digfix-plate-30x30-l\/","title":{"rendered":"ANTCUBE - Piastra Digfix 30\u00d730 - L"},"content":{"rendered":"<p><strong>Dimensioni:<\/strong> 283x260x20 mm<\/p>\n<p><strong>Materiale:<\/strong> Digfix<\/p>\n<p><strong>Descrizione:<\/strong> La piastra Digfix \u00e8 fatta di materiale resistente alla tomba e si adatta perfettamente ai nostri formicai ANTCUBE. Pu\u00f2 essere usato sia asciutto che bagnato. \u00c8 anche adatto a molte specie di formiche, specialmente quelle che nidificano nella sabbia e nel legno (morto). Pu\u00f2 essere usato al posto delle miscele di sabbia e terriccio o degli inserti per nidi in sughero. Un grande vantaggio rispetto ai nidi di sughero \u00e8 che Digfix non fa la muffa anche quando \u00e8 bagnato. Questo significa che le specie di formiche con un alto fabbisogno di umidit\u00e0 possono essere rifornite di acqua sufficiente senza problemi. Digfix ha anche il vantaggio che le specie di formiche scavatrici non sporcano i vetri del loro nido con la terra quando scavano, il che permette una vista perfetta nel nido.<\/p>\n<p><strong>Nota:<\/strong> La tonalit\u00e0 di colore naturale pu\u00f2 variare tra il verdastro\/marrone grigiastro e il marrone terroso. La tonalit\u00e0 non influisce sulla qualit\u00e0.<br \/>\nA causa della produzione le dimensioni possono variare di +\/- 1mm<\/p>","protected":false},"excerpt":{"rendered":"<p>Dimensioni: <span style=\"color: #0000ff;\"><strong>L<\/strong><\/span><\/p>","protected":false},"featured_media":4966,"comment_status":"open","ping_status":"closed","template":"","meta":{"_acf_changed":false,"content-type":"","_monsterinsights_skip_tracking":false,"_monsterinsights_sitenote_active":false,"_monsterinsights_sitenote_note":"","_monsterinsights_sitenote_category":0},"product_brand":[],"product_cat":[87,88],"product_tag":[],"class_list":{"0":"post-4698","1":"product","2":"type-product","3":"status-publish","4":"has-post-thumbnail","6":"product_cat-nest-insets","7":"product_cat-digfix","9":"first","10":"instock","11":"taxable","12":"shipping-taxable","13":"purchasable","14":"product-type-simple"},"acf":[],"aioseo_notices":[],"jetpack_sharing_enabled":true,"_links":{"self":[{"href":"https:\/\/antcube.shop\/it\/wp-json\/wp\/v2\/product\/4698","targetHints":{"allow":["GET"]}}],"collection":[{"href":"https:\/\/antcube.shop\/it\/wp-json\/wp\/v2\/product"}],"about":[{"href":"https:\/\/antcube.shop\/it\/wp-json\/wp\/v2\/types\/product"}],"replies":[{"embeddable":true,"href":"https:\/\/antcube.shop\/it\/wp-json\/wp\/v2\/comments?post=4698"}],"wp:featuredmedia":[{"embeddable":true,"href":"https:\/\/antcube.shop\/it\/wp-json\/wp\/v2\/media\/4966"}],"wp:attachment":[{"href":"https:\/\/antcube.shop\/it\/wp-json\/wp\/v2\/media?parent=4698"}],"wp:term":[{"taxonomy":"product_brand","embeddable":true,"href":"https:\/\/antcube.shop\/it\/wp-json\/wp\/v2\/product_brand?post=4698"},{"taxonomy":"product_cat","embeddable":true,"href":"https:\/\/antcube.shop\/it\/wp-json\/wp\/v2\/product_cat?post=4698"},{"taxonomy":"product_tag","embeddable":true,"href":"https:\/\/antcube.shop\/it\/wp-json\/wp\/v2\/product_tag?post=4698"}],"curies":[{"name":"wp","href":"https:\/\/api.w.org\/{rel}","templated":true}]}}