{"id":4679,"date":"2022-11-14T14:41:41","date_gmt":"2022-11-14T13:41:41","guid":{"rendered":"https:\/\/antcube.shop\/produkt\/lehmfarbe-beige-100ml\/"},"modified":"2026-04-13T10:48:42","modified_gmt":"2026-04-13T08:48:42","slug":"lehmfarbe-beige-100ml","status":"publish","type":"product","link":"https:\/\/antcube.shop\/it\/prodotto\/lehmfarbe-beige-100ml\/","title":{"rendered":"Vernice all'argilla - beige - 100ml"},"content":{"rendered":"<p><strong>Quantit\u00e0:<\/strong> 100ml<\/p>\n<p><strong>Descrizione:<\/strong> Questa miscela \u00e8 atossica e relativamente impermeabile su intonaco e calcestruzzo, ma \u00e8 altrimenti solubile in acqua.<\/p>\n<p><strong>Istruzioni per l'uso:\u00a0<\/strong><br \/>\nQuesta miscela \u00e8 pronta all'uso e pu\u00f2 essere applicata immediatamente a pennello su intonaco o calcestruzzo cellulare.<br \/>\n100 ml sono sufficienti per circa 1\/4m\u00b2 di calcestruzzo cellulare o 1\/2m\u00b2 di intonaco.<br \/>\nQuando \u00e8 bagnata, la superficie pu\u00f2 essere cosparsa di sabbia, ad esempio, per ottenere un aspetto ancora pi\u00f9 naturale.<\/p>\n<p>&nbsp;<\/p>\n<p>&nbsp;<\/p>","protected":false},"excerpt":{"rendered":"<p>Quantit\u00e0: 100ml Descrizione: Questa miscela \u00e8 atossica e relativamente impermeabile su intonaco e cemento, ma \u00e8 altrimenti solubile in acqua. Istruzioni per l'uso: La miscela \u00e8 pronta all'uso e pu\u00f2 essere applicata immediatamente a pennello su intonaco o calcestruzzo cellulare. 100 ml sono sufficienti per circa 1\/4m\u00b2 di cemento cellulare o 1\/2m\u00b2 di intonaco. Quando","protected":false},"featured_media":5004,"comment_status":"open","ping_status":"closed","template":"","meta":{"_acf_changed":false,"content-type":"","_monsterinsights_skip_tracking":false,"_monsterinsights_sitenote_active":false,"_monsterinsights_sitenote_note":"","_monsterinsights_sitenote_category":0},"product_brand":[],"product_cat":[237],"product_tag":[],"class_list":{"0":"post-4679","1":"product","2":"type-product","3":"status-publish","4":"has-post-thumbnail","6":"product_cat-tools","8":"first","9":"instock","10":"taxable","11":"shipping-taxable","12":"purchasable","13":"product-type-simple"},"acf":[],"aioseo_notices":[],"jetpack_sharing_enabled":true,"_links":{"self":[{"href":"https:\/\/antcube.shop\/it\/wp-json\/wp\/v2\/product\/4679","targetHints":{"allow":["GET"]}}],"collection":[{"href":"https:\/\/antcube.shop\/it\/wp-json\/wp\/v2\/product"}],"about":[{"href":"https:\/\/antcube.shop\/it\/wp-json\/wp\/v2\/types\/product"}],"replies":[{"embeddable":true,"href":"https:\/\/antcube.shop\/it\/wp-json\/wp\/v2\/comments?post=4679"}],"wp:featuredmedia":[{"embeddable":true,"href":"https:\/\/antcube.shop\/it\/wp-json\/wp\/v2\/media\/5004"}],"wp:attachment":[{"href":"https:\/\/antcube.shop\/it\/wp-json\/wp\/v2\/media?parent=4679"}],"wp:term":[{"taxonomy":"product_brand","embeddable":true,"href":"https:\/\/antcube.shop\/it\/wp-json\/wp\/v2\/product_brand?post=4679"},{"taxonomy":"product_cat","embeddable":true,"href":"https:\/\/antcube.shop\/it\/wp-json\/wp\/v2\/product_cat?post=4679"},{"taxonomy":"product_tag","embeddable":true,"href":"https:\/\/antcube.shop\/it\/wp-json\/wp\/v2\/product_tag?post=4679"}],"curies":[{"name":"wp","href":"https:\/\/api.w.org\/{rel}","templated":true}]}}