{"id":4656,"date":"2022-11-14T14:35:20","date_gmt":"2022-11-14T13:35:20","guid":{"rendered":"https:\/\/antcube.shop\/produkt\/regenwaldhonig-re-nachfullpack-10ml\/"},"modified":"2026-04-05T11:59:16","modified_gmt":"2026-04-05T09:59:16","slug":"foresta-pluviale-miele-ricarica-confezione-10ml","status":"publish","type":"product","link":"https:\/\/antcube.shop\/it\/prodotto\/foresta-pluviale-miele-ricarica-confezione-10ml\/","title":{"rendered":"Miele della foresta pluviale (Re) - confezione di ricarica da 10ml"},"content":{"rendered":"<p><strong>Contenuto:<\/strong> 10 ml<\/p>\n<p><strong>Descrizione:<\/strong> Si tratta di un prodotto naturale puro. Il miele proviene dalle foreste pluviali ed \u00e8 quindi ideale per le specie di formiche native delle foreste pluviali.<\/p>\n<p><strong>Applicazione:<\/strong> Il tubo di alimentazione pu\u00f2 essere collocato nella sua interezza nel formicario, in alternativa si possono aggiungere piccole quantit\u00e0 in una ciotola di alimentazione secondo le necessit\u00e0 e le dimensioni della colonia. La quantit\u00e0 di cibo deve essere utilizzata entro circa 3 giorni, altrimenti si rischia la formazione di muffe; per lo stesso motivo, pulire la ciotola del cibo prima di riempirla di nuovo.<\/p>\n<p><strong>Uso:<\/strong><br \/>\nMiele del deserto = per le specie di formiche mangiatrici di miele (Meliphagidae).<br \/>\n\u00c8 un mangime supplementare (mangime unico)<br \/>\nPu\u00f2 essere offerto agli animali allo stato di consegna. Poich\u00e9 l'umidit\u00e0 riduce la concentrazione di zucchero e inizia un processo di fermentazione, il cibo deve essere sostituito ogni 3 giorni. Pulire accuratamente la ciotola o la provetta prima di riutilizzarla.<br \/>\nUna confezione aperta deve essere usata ben chiusa fino alla data indicata (da consumarsi entro).<\/p>\n<p><strong>Contiene:<\/strong> Ingredienti del miele in generale, le proporzioni variano a seconda del tipo di miele.<br \/>\n- circa 38 % zucchero di frutta (fruttosio)<br \/>\n- circa 32 % destrosio (glucosio)<br \/>\n- circa 20 % acqua<br \/>\n- circa 5 zuccheri multipli %<br \/>\n- circa 5 vitamine % (B1, B2, B6, C, H)<br \/>\nMinerali (potassio, calcio, rame, ferro, sodio, magnesio, fosforo, zinco e altri oligoelementi) Aminoacidi (prolina, leucina, fenilalanina, alanina, istidina, isoleucina, acido glutammico, arginina, acido aspartico, ecc.) Acidi organici Enzimi (fermenti) Aromi Inibitori (sostanze antibatteriche) Polline di fiori<\/p>\n<p><strong>Stoccaggio:<\/strong> per garantire la qualit\u00e0 del mangime, deve essere conservato in un luogo buio e asciutto.<\/p>\n<p><strong>Avviso:<\/strong><br \/>\nLe informazioni su come utilizzare i tubi di alimentazione possono essere trovate qui: Link<br \/>\nMangime complementare per formiche mangiatrici di miele.<br \/>\nSi prega di fare riferimento al foglietto illustrativo per la composizione, i componenti analitici, la data di scadenza e il numero di lotto.<\/p>\n<p>Numero verde per informazioni +49 30 439703870<\/p>\n<p>Autorit\u00e0 veterinaria e di vigilanza alimentare responsabile:<br \/>\nUfficio veterinario Steglitz<br \/>\nVia K\u00f6nigin-Luise 92<br \/>\n14195 Berlino<\/p>","protected":false},"excerpt":{"rendered":"<p>Cibo supplementare<\/p>","protected":false},"featured_media":5055,"comment_status":"open","ping_status":"closed","template":"","meta":{"_acf_changed":false,"content-type":"","_monsterinsights_skip_tracking":false,"_monsterinsights_sitenote_active":false,"_monsterinsights_sitenote_note":"","_monsterinsights_sitenote_category":0},"product_brand":[],"product_cat":[115,116],"product_tag":[],"class_list":{"0":"post-4656","1":"product","2":"type-product","3":"status-publish","4":"has-post-thumbnail","6":"product_cat-food-and-feeding","7":"product_cat-food","9":"first","10":"instock","11":"taxable","12":"shipping-taxable","13":"purchasable","14":"product-type-simple"},"acf":[],"aioseo_notices":[],"jetpack_sharing_enabled":true,"_links":{"self":[{"href":"https:\/\/antcube.shop\/it\/wp-json\/wp\/v2\/product\/4656","targetHints":{"allow":["GET"]}}],"collection":[{"href":"https:\/\/antcube.shop\/it\/wp-json\/wp\/v2\/product"}],"about":[{"href":"https:\/\/antcube.shop\/it\/wp-json\/wp\/v2\/types\/product"}],"replies":[{"embeddable":true,"href":"https:\/\/antcube.shop\/it\/wp-json\/wp\/v2\/comments?post=4656"}],"wp:featuredmedia":[{"embeddable":true,"href":"https:\/\/antcube.shop\/it\/wp-json\/wp\/v2\/media\/5055"}],"wp:attachment":[{"href":"https:\/\/antcube.shop\/it\/wp-json\/wp\/v2\/media?parent=4656"}],"wp:term":[{"taxonomy":"product_brand","embeddable":true,"href":"https:\/\/antcube.shop\/it\/wp-json\/wp\/v2\/product_brand?post=4656"},{"taxonomy":"product_cat","embeddable":true,"href":"https:\/\/antcube.shop\/it\/wp-json\/wp\/v2\/product_cat?post=4656"},{"taxonomy":"product_tag","embeddable":true,"href":"https:\/\/antcube.shop\/it\/wp-json\/wp\/v2\/product_tag?post=4656"}],"curies":[{"name":"wp","href":"https:\/\/api.w.org\/{rel}","templated":true}]}}