{"id":4655,"date":"2022-11-14T14:35:04","date_gmt":"2022-11-14T13:35:04","guid":{"rendered":"https:\/\/antcube.shop\/produkt\/zucker-honiglosung-zh-nachfullpack-10ml\/"},"modified":"2026-04-07T13:49:44","modified_gmt":"2026-04-07T11:49:44","slug":"zucchero-miele-soluzione-riempimento-confezione-10ml","status":"publish","type":"product","link":"https:\/\/antcube.shop\/it\/prodotto\/zucchero-miele-soluzione-riempimento-confezione-10ml\/","title":{"rendered":"Soluzione di zucchero e miele (ZH) - confezione di ricarica da 10 ml"},"content":{"rendered":"<p><strong>Contenuto:<\/strong> 10 ml<\/p>\n<p><strong>Descrizione:<\/strong> Si tratta di un prodotto composto da vari carboidrati (come miele e zucchero).<\/p>\n<p><strong>Applicazione:<\/strong> Il tubo di alimentazione pu\u00f2 essere collocato nella sua interezza nel formicario, in alternativa si possono aggiungere piccole quantit\u00e0 in una ciotola di alimentazione secondo le necessit\u00e0 e le dimensioni della colonia. La quantit\u00e0 di cibo deve essere utilizzata entro circa 3 giorni, altrimenti si rischia la formazione di muffe; per lo stesso motivo, pulire la ciotola del cibo prima di riempirla di nuovo.<\/p>\n<p><strong>Uso:<\/strong><br \/>\nCibo a base di carboidrati = per le specie di formiche mangiatrici di zucchero\/miele<br \/>\n\u00c8 un mangime supplementare (mangime misto)<br \/>\nPu\u00f2 essere mescolato con una goccia d'acqua e si conserva per 3 giorni se bagnato. Pulire accuratamente la ciotola\/tubo di alimentazione prima di riutilizzarla.<br \/>\nUna confezione aperta deve essere utilizzata ben chiusa (se conservata all'asciutto) fino alla data indicata (data di scadenza).<\/p>\n<p><strong>Contiene:<\/strong><br \/>\nFruttosio da 27 a 44%,<br \/>\nGlucosio da 22 a 41%,<br \/>\nSaccarosio fino a 5%,<br \/>\nmaltosio 4 a 14%,<br \/>\naltri zuccheri multipli da 1 a 14%.<br \/>\n<strong>Grasso:<\/strong> 0g<br \/>\n<strong>Carboidrati:<\/strong> 92g<br \/>\n<strong>Proteine:<\/strong> 0g<br \/>\n<strong>Sale:<\/strong> 0g<\/p>\n<p>Conservazione: per garantire la qualit\u00e0 del mangime, deve essere conservato in un luogo buio e asciutto.<\/p>\n<p><strong>Avviso:<\/strong><br \/>\nLe informazioni su come utilizzare i tubi di alimentazione possono essere trovate qui: Link<br \/>\nSi prega di fare riferimento al foglietto illustrativo per la composizione, gli ingredienti analitici, la data di scadenza e il numero di lotto.<\/p>\n<p>Numero verde per informazioni +49 30 439703870<\/p>\n<p>Autorit\u00e0 veterinaria e di vigilanza alimentare responsabile:<br \/>\nUfficio veterinario Steglitz<br \/>\nVia K\u00f6nigin-Luise 92<br \/>\n14195 Berlino<\/p>","protected":false},"excerpt":{"rendered":"<p>Cibo supplementare<\/p>","protected":false},"featured_media":5058,"comment_status":"open","ping_status":"closed","template":"","meta":{"_acf_changed":false,"content-type":"","_monsterinsights_skip_tracking":false,"_monsterinsights_sitenote_active":false,"_monsterinsights_sitenote_note":"","_monsterinsights_sitenote_category":0},"product_brand":[],"product_cat":[115,116],"product_tag":[],"class_list":{"0":"post-4655","1":"product","2":"type-product","3":"status-publish","4":"has-post-thumbnail","6":"product_cat-food-and-feeding","7":"product_cat-food","9":"first","10":"instock","11":"taxable","12":"shipping-taxable","13":"purchasable","14":"product-type-simple"},"acf":[],"aioseo_notices":[],"jetpack_sharing_enabled":true,"_links":{"self":[{"href":"https:\/\/antcube.shop\/it\/wp-json\/wp\/v2\/product\/4655","targetHints":{"allow":["GET"]}}],"collection":[{"href":"https:\/\/antcube.shop\/it\/wp-json\/wp\/v2\/product"}],"about":[{"href":"https:\/\/antcube.shop\/it\/wp-json\/wp\/v2\/types\/product"}],"replies":[{"embeddable":true,"href":"https:\/\/antcube.shop\/it\/wp-json\/wp\/v2\/comments?post=4655"}],"wp:featuredmedia":[{"embeddable":true,"href":"https:\/\/antcube.shop\/it\/wp-json\/wp\/v2\/media\/5058"}],"wp:attachment":[{"href":"https:\/\/antcube.shop\/it\/wp-json\/wp\/v2\/media?parent=4655"}],"wp:term":[{"taxonomy":"product_brand","embeddable":true,"href":"https:\/\/antcube.shop\/it\/wp-json\/wp\/v2\/product_brand?post=4655"},{"taxonomy":"product_cat","embeddable":true,"href":"https:\/\/antcube.shop\/it\/wp-json\/wp\/v2\/product_cat?post=4655"},{"taxonomy":"product_tag","embeddable":true,"href":"https:\/\/antcube.shop\/it\/wp-json\/wp\/v2\/product_tag?post=4655"}],"curies":[{"name":"wp","href":"https:\/\/api.w.org\/{rel}","templated":true}]}}