{"id":4654,"date":"2022-11-14T14:34:48","date_gmt":"2022-11-14T13:34:48","guid":{"rendered":"https:\/\/antcube.shop\/produkt\/zuckerlosung-z-nachfullpack-10ml\/"},"modified":"2026-04-08T08:47:43","modified_gmt":"2026-04-08T06:47:43","slug":"soluzione-zucchero-ricarica-confezione-10ml","status":"publish","type":"product","link":"https:\/\/antcube.shop\/it\/prodotto\/soluzione-zucchero-ricarica-confezione-10ml\/","title":{"rendered":"Soluzione zuccherina (Z) - confezione di ricarica da 10 ml"},"content":{"rendered":"<p><strong>Contenuto:<\/strong> 10ml<\/p>\n<p><strong>Descrizione:<\/strong> La soluzione zuccherina \u00e8 un mangime supplementare ad altri mangimi.<\/p>\n<p><strong>Uso:<\/strong><br \/>\nSoluzione di zucchero = per le specie di formiche mangiatrici di zucchero.<br \/>\n\u00c8 un mangime supplementare (mangime unico)<br \/>\nPu\u00f2 essere offerto agli animali allo stato di consegna. Pu\u00f2 essere utilizzato fino a quando lo zucchero non si \u00e8 asciugato. Pulire accuratamente la ciotola\/tubo di alimentazione prima di riutilizzarla.<br \/>\nUna confezione aperta deve essere usata ben chiusa fino alla data indicata (da consumarsi entro).<\/p>\n<p><strong>Contiene:<\/strong><br \/>\nZucchero invertito 55%<br \/>\nSaccarosio 45%<\/p>\n<p><strong>Stoccaggio:<\/strong> per garantire la qualit\u00e0 del mangime, deve essere conservato in un luogo buio e asciutto.<\/p>\n<p><strong>Avviso:<\/strong><br \/>\nLe informazioni su come utilizzare i tubi di alimentazione possono essere trovate qui: Link<br \/>\nSi prega di fare riferimento al foglietto illustrativo per la composizione, gli ingredienti analitici, la data di scadenza e il numero di lotto.<\/p>\n<p>Numero verde per informazioni +49 30 439703870<\/p>\n<p>Autorit\u00e0 veterinaria e di vigilanza alimentare responsabile:<br \/>\nUfficio veterinario Steglitz<br \/>\nVia K\u00f6nigin-Luise 92<br \/>\n14195 Berlino<\/p>","protected":false},"excerpt":{"rendered":"<p>Cibo supplementare<\/p>","protected":false},"featured_media":5063,"comment_status":"open","ping_status":"closed","template":"","meta":{"_acf_changed":false,"content-type":"","_monsterinsights_skip_tracking":false,"_monsterinsights_sitenote_active":false,"_monsterinsights_sitenote_note":"","_monsterinsights_sitenote_category":0},"product_brand":[],"product_cat":[115,116],"product_tag":[],"class_list":{"0":"post-4654","1":"product","2":"type-product","3":"status-publish","4":"has-post-thumbnail","6":"product_cat-food-and-feeding","7":"product_cat-food","9":"first","10":"instock","11":"taxable","12":"shipping-taxable","13":"purchasable","14":"product-type-simple"},"acf":[],"aioseo_notices":[],"jetpack_sharing_enabled":true,"_links":{"self":[{"href":"https:\/\/antcube.shop\/it\/wp-json\/wp\/v2\/product\/4654","targetHints":{"allow":["GET"]}}],"collection":[{"href":"https:\/\/antcube.shop\/it\/wp-json\/wp\/v2\/product"}],"about":[{"href":"https:\/\/antcube.shop\/it\/wp-json\/wp\/v2\/types\/product"}],"replies":[{"embeddable":true,"href":"https:\/\/antcube.shop\/it\/wp-json\/wp\/v2\/comments?post=4654"}],"wp:featuredmedia":[{"embeddable":true,"href":"https:\/\/antcube.shop\/it\/wp-json\/wp\/v2\/media\/5063"}],"wp:attachment":[{"href":"https:\/\/antcube.shop\/it\/wp-json\/wp\/v2\/media?parent=4654"}],"wp:term":[{"taxonomy":"product_brand","embeddable":true,"href":"https:\/\/antcube.shop\/it\/wp-json\/wp\/v2\/product_brand?post=4654"},{"taxonomy":"product_cat","embeddable":true,"href":"https:\/\/antcube.shop\/it\/wp-json\/wp\/v2\/product_cat?post=4654"},{"taxonomy":"product_tag","embeddable":true,"href":"https:\/\/antcube.shop\/it\/wp-json\/wp\/v2\/product_tag?post=4654"}],"curies":[{"name":"wp","href":"https:\/\/api.w.org\/{rel}","templated":true}]}}