{"id":4635,"date":"2022-11-14T14:29:51","date_gmt":"2022-11-14T13:29:51","guid":{"rendered":"https:\/\/antcube.shop\/produkt\/ameisenarena-abdeckung-40x20\/"},"modified":"2026-04-09T20:29:08","modified_gmt":"2026-04-09T18:29:08","slug":"ameisenarena-abdeckung-40x20","status":"publish","type":"product","link":"https:\/\/antcube.shop\/it\/prodotto\/ameisenarena-abdeckung-40x20\/","title":{"rendered":"Copertura dell'arena delle formiche 40\u00d720"},"content":{"rendered":"<p><strong>Dimensioni (LxWxH):<\/strong> 40x20x0,4 cm<\/p>\n<p><strong>Materiale:<\/strong> vetro float<\/p>\n<p><strong>Colore:<\/strong> cristallino \/ trasparente<\/p>\n<p><strong>Contenuti:<\/strong><br \/>\n1x copertura dell'arena delle formiche<br \/>\n1x punti di fissaggio a 4 pezzi.<\/p>\n<p><strong>Descrizione:<\/strong><br \/>\nCopertura in vetro per l'arena delle formiche come protezione di fuga.<\/p>\n<p><strong>Applicazione:<\/strong><br \/>\nLa copertura dell'arena per formiche in vetro \u00e8 posta su un'arena per formiche e serve anche immediatamente per la regolazione del clima.<br \/>\nNelle aperture da 50 mm si possono inserire diversi moduli per il controllo del clima, ad esempio griglie di ventilazione, illuminazione o umidificazione.<br \/>\nPer evitare che le formiche scappino attraverso le aperture, una protezione per la fuga (olio, polvere o vernice) dovrebbe essere applicata sul lato inferiore intorno ai fori.<\/p>\n<p><strong>Avviso:<\/strong><br \/>\nPoich\u00e9 l'articolo \u00e8 fatto di vetro ed \u00e8 quindi suscettibile di rottura, deve essere maneggiato con molta attenzione.<\/p>","protected":false},"excerpt":{"rendered":"<p>Dimensioni (LxLxH): 40x20x0,4 cm Materiale: vetro float Colore: cristallino\/trasparente Contenuto: 1x copertura per formica 1x punti di fissaggio \u00e0 4 pz. Descrizione: Copertura in vetro per l'arena delle formiche come protezione contro la fuga. Applicazione: La copertura in vetro per formicaio viene posizionata su un'arena per formiche e serve anche immediatamente per","protected":false},"featured_media":5175,"comment_status":"open","ping_status":"closed","template":"","meta":{"_acf_changed":false,"content-type":"","_monsterinsights_skip_tracking":false,"_monsterinsights_sitenote_active":false,"_monsterinsights_sitenote_note":"","_monsterinsights_sitenote_category":0},"product_brand":[],"product_cat":[91,92],"product_tag":[],"class_list":{"0":"post-4635","1":"product","2":"type-product","3":"status-publish","4":"has-post-thumbnail","6":"product_cat-formicarium-modules","7":"product_cat-arena-cover","9":"first","10":"instock","11":"taxable","12":"shipping-taxable","13":"purchasable","14":"product-type-simple"},"acf":[],"aioseo_notices":[],"jetpack_sharing_enabled":true,"_links":{"self":[{"href":"https:\/\/antcube.shop\/it\/wp-json\/wp\/v2\/product\/4635","targetHints":{"allow":["GET"]}}],"collection":[{"href":"https:\/\/antcube.shop\/it\/wp-json\/wp\/v2\/product"}],"about":[{"href":"https:\/\/antcube.shop\/it\/wp-json\/wp\/v2\/types\/product"}],"replies":[{"embeddable":true,"href":"https:\/\/antcube.shop\/it\/wp-json\/wp\/v2\/comments?post=4635"}],"wp:featuredmedia":[{"embeddable":true,"href":"https:\/\/antcube.shop\/it\/wp-json\/wp\/v2\/media\/5175"}],"wp:attachment":[{"href":"https:\/\/antcube.shop\/it\/wp-json\/wp\/v2\/media?parent=4635"}],"wp:term":[{"taxonomy":"product_brand","embeddable":true,"href":"https:\/\/antcube.shop\/it\/wp-json\/wp\/v2\/product_brand?post=4635"},{"taxonomy":"product_cat","embeddable":true,"href":"https:\/\/antcube.shop\/it\/wp-json\/wp\/v2\/product_cat?post=4635"},{"taxonomy":"product_tag","embeddable":true,"href":"https:\/\/antcube.shop\/it\/wp-json\/wp\/v2\/product_tag?post=4635"}],"curies":[{"name":"wp","href":"https:\/\/api.w.org\/{rel}","templated":true}]}}