{"id":4630,"date":"2022-11-14T14:28:33","date_gmt":"2022-11-14T13:28:33","guid":{"rendered":"https:\/\/antcube.shop\/produkt\/ameisenarena-rahmen-40x20\/"},"modified":"2026-04-12T00:40:17","modified_gmt":"2026-04-11T22:40:17","slug":"ameisenarena-rahmen-40x20","status":"publish","type":"product","link":"https:\/\/antcube.shop\/it\/prodotto\/ameisenarena-rahmen-40x20\/","title":{"rendered":"Telaio dell'arena delle formiche 40\u00d720"},"content":{"rendered":"<p><strong>Dimensioni (LxWxH):<\/strong> 40x20x0,4 cm<\/p>\n<p><strong>Materiale:<\/strong> vetro float<\/p>\n<p><strong>Colore:<\/strong> cristallino \/ trasparente<\/p>\n<p><strong>Contenuti:<\/strong><br \/>\n1 telaio per l'arena delle formiche<\/p>\n<p><strong>Descrizione:<\/strong><br \/>\nTelaio in vetro per l'arena delle formiche come protezione di fuga.<\/p>\n<p><strong>Applicazione:<\/strong><br \/>\nIl telaio dell'arena per formiche \u00e8 un telaio fatto di vetro, che viene posto su un'arena per formiche e viene fornito con una protezione anti-rottura (olio, polvere o vernice) dal lato inferiore, impedendo cos\u00ec alle formiche di evadere.<\/p>\n<p><strong>Avviso:<\/strong><br \/>\nPoich\u00e9 l'articolo \u00e8 fatto di vetro ed \u00e8 quindi sensibile, deve essere maneggiato con molta attenzione. Il vetro \u00e8 tagliato secondo la norma DIN 1249 con una tolleranza di +\/- 1mm. Per le specie di formiche estremamente piccole, \u00e8 indispensabile una protezione supplementare contro lo sfondamento.<\/p>\n<p>&nbsp;<\/p>\n<p>&nbsp;<\/p>","protected":false},"excerpt":{"rendered":"<p>Dimensioni (LxLxH): 40x20x0,4 cm Materiale: vetro float Colore: cristallino\/trasparente Contenuto: 1x cornice per formicaio Descrizione: Cornice in vetro per l'arena delle formiche come protezione antisfondamento. Applicazione: La cornice per formicaio \u00e8 una cornice in vetro che viene posizionata su un formicaio e dotata di una protezione antisfondamento.","protected":false},"featured_media":5119,"comment_status":"open","ping_status":"closed","template":"","meta":{"_acf_changed":false,"content-type":"","_monsterinsights_skip_tracking":false,"_monsterinsights_sitenote_active":false,"_monsterinsights_sitenote_note":"","_monsterinsights_sitenote_category":0},"product_brand":[],"product_cat":[119,239,91,93],"product_tag":[],"class_list":{"0":"post-4630","1":"product","2":"type-product","3":"status-publish","4":"has-post-thumbnail","6":"product_cat-formicarium-components","7":"product_cat-useful-additions","8":"product_cat-formicarium-modules","9":"product_cat-arena-frame","11":"first","12":"instock","13":"taxable","14":"shipping-taxable","15":"purchasable","16":"product-type-simple"},"acf":[],"aioseo_notices":[],"jetpack_sharing_enabled":true,"_links":{"self":[{"href":"https:\/\/antcube.shop\/it\/wp-json\/wp\/v2\/product\/4630","targetHints":{"allow":["GET"]}}],"collection":[{"href":"https:\/\/antcube.shop\/it\/wp-json\/wp\/v2\/product"}],"about":[{"href":"https:\/\/antcube.shop\/it\/wp-json\/wp\/v2\/types\/product"}],"replies":[{"embeddable":true,"href":"https:\/\/antcube.shop\/it\/wp-json\/wp\/v2\/comments?post=4630"}],"wp:featuredmedia":[{"embeddable":true,"href":"https:\/\/antcube.shop\/it\/wp-json\/wp\/v2\/media\/5119"}],"wp:attachment":[{"href":"https:\/\/antcube.shop\/it\/wp-json\/wp\/v2\/media?parent=4630"}],"wp:term":[{"taxonomy":"product_brand","embeddable":true,"href":"https:\/\/antcube.shop\/it\/wp-json\/wp\/v2\/product_brand?post=4630"},{"taxonomy":"product_cat","embeddable":true,"href":"https:\/\/antcube.shop\/it\/wp-json\/wp\/v2\/product_cat?post=4630"},{"taxonomy":"product_tag","embeddable":true,"href":"https:\/\/antcube.shop\/it\/wp-json\/wp\/v2\/product_tag?post=4630"}],"curies":[{"name":"wp","href":"https:\/\/api.w.org\/{rel}","templated":true}]}}